{"id":20481,"date":"2025-01-11T11:59:44","date_gmt":"2025-01-11T08:59:44","guid":{"rendered":"https:\/\/arapca.com\/index.php\/forgot-password-2\/"},"modified":"2025-01-11T11:59:44","modified_gmt":"2025-01-11T08:59:44","slug":"forgot-password-2","status":"publish","type":"page","link":"https:\/\/arapca.com\/index.php\/forgot-password-2\/","title":{"rendered":"Forgot Password"},"content":{"rendered":"<div class=\"pmagic\">  \n <div class=\"pm-login-box pm-dbfl pm-border pm-radius5\"> \n\n \n \n <form id=\"lostpasswordform\" class=\"pmagic-form pm-dbfl pm-bg-lt\"\n       action=\"https:\/\/arapca.com\/wp-login.php?action=lostpassword\" method=\"post\">\n\n     <input type=\"hidden\" name=\"pm_password_nonce\" value=\"5ec602f339\" \/>\n     <div class=\"pm-login-header pm-dbfl pm-bg pm-border-bt pm-pad10\">\n         \u015eifrenizi kaybettiyseniz, s\u0131f\u0131rlaman\u0131za yard\u0131mc\u0131 olabiliriz. \u015eifre s\u0131f\u0131rlama s\u00fcrecini ba\u015flatmak i\u00e7in l\u00fctfen a\u015fa\u011f\u0131daki kutuya kullan\u0131c\u0131 ad\u0131n\u0131z\u0131 veya e-postan\u0131z\u0131 girin ve butona t\u0131klay\u0131n.     <\/div>\n\n     <input type=\"text\" \n            name=\"user_login\" \n            id=\"user_login\" \n            placeholder=\"E-posta ya da kullan\u0131c\u0131 ad\u0131\">\n\n     <div class=\"pm-login-box-bottom-container pm-dbfl pm-bg pm-border\">\n         <input type=\"submit\" name=\"submit\" class=\"lostpassword-button\"\n                value=\"\u015eifreyi S\u0131f\u0131rla\"\/>\n     <\/div>\n\n <\/form>\n\n \n <\/div>\n<\/div>\n\n","protected":false},"excerpt":{"rendered":"","protected":false},"author":1,"featured_media":0,"parent":0,"menu_order":0,"comment_status":"closed","ping_status":"closed","template":"","meta":{"_bbp_topic_count":0,"_bbp_reply_count":0,"_bbp_total_topic_count":0,"_bbp_total_reply_count":0,"_bbp_voice_count":0,"_bbp_anonymous_reply_count":0,"_bbp_topic_count_hidden":0,"_bbp_reply_count_hidden":0,"_bbp_forum_subforum_count":0,"footnotes":""},"class_list":["post-20481","page","type-page","status-publish","hentry"],"jetpack_sharing_enabled":true,"jetpack_likes_enabled":true,"_links":{"self":[{"href":"https:\/\/arapca.com\/index.php\/wp-json\/wp\/v2\/pages\/20481","targetHints":{"allow":["GET"]}}],"collection":[{"href":"https:\/\/arapca.com\/index.php\/wp-json\/wp\/v2\/pages"}],"about":[{"href":"https:\/\/arapca.com\/index.php\/wp-json\/wp\/v2\/types\/page"}],"author":[{"embeddable":true,"href":"https:\/\/arapca.com\/index.php\/wp-json\/wp\/v2\/users\/1"}],"replies":[{"embeddable":true,"href":"https:\/\/arapca.com\/index.php\/wp-json\/wp\/v2\/comments?post=20481"}],"version-history":[{"count":0,"href":"https:\/\/arapca.com\/index.php\/wp-json\/wp\/v2\/pages\/20481\/revisions"}],"wp:attachment":[{"href":"https:\/\/arapca.com\/index.php\/wp-json\/wp\/v2\/media?parent=20481"}],"curies":[{"name":"wp","href":"https:\/\/api.w.org\/{rel}","templated":true}]}}