{"id":20252,"date":"2025-01-01T20:47:19","date_gmt":"2025-01-01T17:47:19","guid":{"rendered":"https:\/\/arapca.com\/?page_id=20252"},"modified":"2025-01-01T20:47:22","modified_gmt":"2025-01-01T17:47:22","slug":"b2-islam-alimlerinin-bilime-katkilari-ve-buluslari","status":"publish","type":"page","link":"https:\/\/arapca.com\/index.php\/arapca-metinler\/b2-islam-alimlerinin-bilime-katkilari-ve-buluslari\/","title":{"rendered":"B2 \u0130slam Alimlerinin Bilime Katk\u0131lar\u0131 ve Bulu\u015flar\u0131"},"content":{"rendered":"\n<div class=\"h5p-iframe-wrapper\"><iframe id=\"h5p-iframe-96\" class=\"h5p-iframe\" data-content-id=\"96\" style=\"height:1px\" src=\"about:blank\" frameBorder=\"0\" scrolling=\"no\" title=\"\u0130slam Bilginleri  ve Bulu\u015flar\u0131\"><\/iframe><\/div>\n","protected":false},"excerpt":{"rendered":"","protected":false},"author":1,"featured_media":0,"parent":15799,"menu_order":0,"comment_status":"closed","ping_status":"closed","template":"","meta":{"_bbp_topic_count":0,"_bbp_reply_count":0,"_bbp_total_topic_count":0,"_bbp_total_reply_count":0,"_bbp_voice_count":0,"_bbp_anonymous_reply_count":0,"_bbp_topic_count_hidden":0,"_bbp_reply_count_hidden":0,"_bbp_forum_subforum_count":0,"footnotes":""},"class_list":["post-20252","page","type-page","status-publish","hentry"],"jetpack_sharing_enabled":true,"jetpack_likes_enabled":true,"_links":{"self":[{"href":"https:\/\/arapca.com\/index.php\/wp-json\/wp\/v2\/pages\/20252","targetHints":{"allow":["GET"]}}],"collection":[{"href":"https:\/\/arapca.com\/index.php\/wp-json\/wp\/v2\/pages"}],"about":[{"href":"https:\/\/arapca.com\/index.php\/wp-json\/wp\/v2\/types\/page"}],"author":[{"embeddable":true,"href":"https:\/\/arapca.com\/index.php\/wp-json\/wp\/v2\/users\/1"}],"replies":[{"embeddable":true,"href":"https:\/\/arapca.com\/index.php\/wp-json\/wp\/v2\/comments?post=20252"}],"version-history":[{"count":1,"href":"https:\/\/arapca.com\/index.php\/wp-json\/wp\/v2\/pages\/20252\/revisions"}],"predecessor-version":[{"id":20253,"href":"https:\/\/arapca.com\/index.php\/wp-json\/wp\/v2\/pages\/20252\/revisions\/20253"}],"up":[{"embeddable":true,"href":"https:\/\/arapca.com\/index.php\/wp-json\/wp\/v2\/pages\/15799"}],"wp:attachment":[{"href":"https:\/\/arapca.com\/index.php\/wp-json\/wp\/v2\/media?parent=20252"}],"curies":[{"name":"wp","href":"https:\/\/api.w.org\/{rel}","templated":true}]}}