{"id":19967,"date":"2024-12-15T12:14:47","date_gmt":"2024-12-15T09:14:47","guid":{"rendered":"https:\/\/arapca.com\/?page_id=19967"},"modified":"2025-12-08T10:23:11","modified_gmt":"2025-12-08T07:23:11","slug":"b2-hikayeler","status":"publish","type":"page","link":"https:\/\/arapca.com\/index.php\/b2-hikayeler\/","title":{"rendered":"B2 D\u00fczeyinde Hikayeler"},"content":{"rendered":"<div class=\"wp-block-image\">\n<figure class=\"aligncenter size-full\"><img data-recalc-dims=\"1\" loading=\"lazy\" decoding=\"async\" width=\"640\" height=\"333\" src=\"https:\/\/i0.wp.com\/arapca.com\/wp-content\/uploads\/2024\/12\/sonbahar.jpg?resize=640%2C333&#038;ssl=1\" alt=\"\" class=\"wp-image-19968\" srcset=\"https:\/\/i0.wp.com\/arapca.com\/wp-content\/uploads\/2024\/12\/sonbahar.jpg?w=690&amp;ssl=1 690w, https:\/\/i0.wp.com\/arapca.com\/wp-content\/uploads\/2024\/12\/sonbahar.jpg?resize=300%2C156&amp;ssl=1 300w, https:\/\/i0.wp.com\/arapca.com\/wp-content\/uploads\/2024\/12\/sonbahar.jpg?resize=600%2C312&amp;ssl=1 600w\" sizes=\"auto, (max-width: 640px) 100vw, 640px\" \/><\/figure>\n<\/div>\n\n\n<div class=\"wp-block-buttons is-layout-flex wp-block-buttons-is-layout-flex\">\n<div class=\"wp-block-button has-custom-width wp-block-button__width-50\"><a class=\"wp-block-button__link wp-element-button\" href=\"https:\/\/arapca.com\/index.php\/arapca-hikayeler\/buyulenmis-sultan\/\">B\u00fcy\u00fclenmi\u015f Sultan<\/a><\/div>\n\n\n\n<div class=\"wp-block-button has-custom-width wp-block-button__width-50\"><a class=\"wp-block-button__link wp-element-button\" href=\"https:\/\/arapca.com\/index.php\/arapca-hikayeler\/cin-cocuk-hikayeleri\/\">\u00c7in \u00c7ocuk Hikayeleri<\/a><\/div>\n\n\n\n<div class=\"wp-block-button has-custom-width wp-block-button__width-50\"><a class=\"wp-block-button__link wp-element-button\" href=\"https:\/\/arapca.com\/index.php\/arapca-hikayeler\/pamuk-prenses-ve-7-cuceler\/\">Pamuk Prenses ve 7 C\u00fcceler<\/a><\/div>\n\n\n\n<div class=\"wp-block-button has-custom-width wp-block-button__width-50\"><a class=\"wp-block-button__link wp-element-button\" href=\"https:\/\/arapca.com\/index.php\/arapca-hikayeler\/prenses-ve-yilan\/\">Prenses ve Y\u0131lan<\/a><\/div>\n\n\n\n<div class=\"wp-block-button has-custom-width wp-block-button__width-50\"><a class=\"wp-block-button__link wp-element-button\" href=\"https:\/\/arapca.com\/index.php\/arapca-hikayeler\/prenses-ve-altin-saray\/\">Alt\u0131n Saray\u0131n Prensesi<\/a><\/div>\n\n\n\n<div class=\"wp-block-button has-custom-width wp-block-button__width-50\"><a class=\"wp-block-button__link wp-element-button\" href=\"https:\/\/arapca.com\/index.php\/arapca-hikayeler\/parmak-cocuk\/\">Parmak \u00c7ocuk<\/a><\/div>\n\n\n\n<div class=\"wp-block-button has-custom-width wp-block-button__width-50\"><a class=\"wp-block-button__link wp-element-button\" href=\"https:\/\/arapca.com\/index.php\/arapca-hikayeler\/kiz-ve-aslan\/\">K\u0131z ve Arslan<\/a><\/div>\n\n\n\n<div class=\"wp-block-button has-custom-width wp-block-button__width-50\"><a class=\"wp-block-button__link wp-element-button\" href=\"https:\/\/arapca.com\/index.php\/b2-hikayeler\/b2-hikaye-guz-gezegeninde-son-buluslar\/\">G\u00fcz Gezegeni<\/a><\/div>\n\n\n\n<div class=\"wp-block-button has-custom-width wp-block-button__width-50\"><a class=\"wp-block-button__link wp-element-button\" href=\"https:\/\/arapca.com\/index.php\/b2-hikayeler\/farabi\/\">F\u00e2r\u00e2b\u00ee (el-Muallimu&#8217;s-S\u00e2n\u00ee)<\/a><\/div>\n\n\n\n<div class=\"wp-block-button has-custom-width wp-block-button__width-50\"><a class=\"wp-block-button__link wp-element-button\" href=\"https:\/\/arapca.com\/index.php\/b2-hikayeler\/yetim-cocuk-ve-peygamber-s-a-v\/\">Yetim \u00c7ocuk ve Hz. Peygamber (s.a.v.)<\/a><\/div>\n\n\n\n<div class=\"wp-block-button has-custom-width wp-block-button__width-50\"><a class=\"wp-block-button__link wp-element-button\" href=\"https:\/\/arapca.com\/index.php\/hikayeler\/yalanci-coban\/\">Yalanc\u0131 \u00c7oban<\/a><\/div>\n\n\n\n<div class=\"wp-block-button has-custom-width wp-block-button__width-50\"><a class=\"wp-block-button__link wp-element-button\" href=\"https:\/\/arapca.com\/index.php\/2025\/12\/07\/kontrol-altindaki-ofke\/\">\u00d6fke <\/a><\/div>\n<\/div>\n\n\n\n<figure class=\"wp-block-image size-large\"><a href=\"https:\/\/arapca.com\/index.php\/arapca-hikayeler\/buyulenmis-sultan\/\"><img data-recalc-dims=\"1\" loading=\"lazy\" decoding=\"async\" width=\"640\" height=\"497\" src=\"https:\/\/i0.wp.com\/arapca.com\/wp-content\/uploads\/2024\/12\/image-4.png?resize=640%2C497&#038;ssl=1\" alt=\"\" class=\"wp-image-19969\" srcset=\"https:\/\/i0.wp.com\/arapca.com\/wp-content\/uploads\/2024\/12\/image-4.png?resize=1024%2C795&amp;ssl=1 1024w, https:\/\/i0.wp.com\/arapca.com\/wp-content\/uploads\/2024\/12\/image-4.png?resize=300%2C233&amp;ssl=1 300w, https:\/\/i0.wp.com\/arapca.com\/wp-content\/uploads\/2024\/12\/image-4.png?resize=768%2C596&amp;ssl=1 768w, https:\/\/i0.wp.com\/arapca.com\/wp-content\/uploads\/2024\/12\/image-4.png?resize=600%2C466&amp;ssl=1 600w, https:\/\/i0.wp.com\/arapca.com\/wp-content\/uploads\/2024\/12\/image-4.png?w=1059&amp;ssl=1 1059w\" sizes=\"auto, (max-width: 640px) 100vw, 640px\" \/><\/a><\/figure>\n\n\n\n<hr class=\"wp-block-separator has-alpha-channel-opacity\"\/>\n\n\n\n<div class=\"wp-block-buttons is-layout-flex wp-block-buttons-is-layout-flex\">\n<div class=\"wp-block-button has-custom-width wp-block-button__width-100\"><a class=\"wp-block-button__link has-vivid-red-background-color has-background wp-element-button\">A1 D\u00dcZEY\u0130NDE H\u0130KAYELER<\/a><\/div>\n\n\n\n<div class=\"wp-block-button has-custom-width wp-block-button__width-100\"><a class=\"wp-block-button__link has-primary-background-color has-background wp-element-button\" href=\"https:\/\/arapca.com\/index.php\/hikayeler\/a2-duzeyinde-arapca-hikayeler\/\">A2 D\u00dcZEY\u0130NDE H\u0130KAYELER<\/a><\/div>\n\n\n\n<div class=\"wp-block-button has-custom-width wp-block-button__width-100\"><a class=\"wp-block-button__link has-background wp-element-button\" href=\"https:\/\/arapca.com\/index.php\/hikayeler\/b1-duzeyinde-hikayeler\/\" style=\"background-color:#ff3209\">B1 D\u00dcZEY\u0130NDE H\u0130KAYELER<\/a><\/div>\n\n\n\n<div class=\"wp-block-button has-custom-width wp-block-button__width-100\"><a class=\"wp-block-button__link has-background wp-element-button\" href=\"https:\/\/arapca.com\/index.php\/b2-hikayeler\/\" style=\"background-color:#6d3030\">B2 D\u00dcZEY\u0130NDE H\u0130KAYELER<\/a><\/div>\n\n\n\n<div class=\"wp-block-button has-custom-width wp-block-button__width-100\"><a class=\"wp-block-button__link has-luminous-vivid-amber-background-color has-background wp-element-button\" href=\"https:\/\/arapca.com\/index.php\/a1-arapca-hikayeler\/c1-duzeyinde-hikayeler\/\">C1 D\u00dcZEY\u0130NDE H\u0130KAYELER<\/a><\/div>\n\n\n\n<div class=\"wp-block-button has-custom-width wp-block-button__width-100\"><a class=\"wp-block-button__link has-vivid-cyan-blue-background-color has-background wp-element-button\" href=\"https:\/\/arapca.com\/index.php\/a1-arapca-hikayeler\/c2-duzeyinde-hikayeler\/\">C2 D\u00dcZEY\u0130NDE H\u0130KAYELER<\/a><\/div>\n<\/div>\n","protected":false},"excerpt":{"rendered":"","protected":false},"author":1,"featured_media":0,"parent":0,"menu_order":0,"comment_status":"closed","ping_status":"closed","template":"","meta":{"_bbp_topic_count":0,"_bbp_reply_count":0,"_bbp_total_topic_count":0,"_bbp_total_reply_count":0,"_bbp_voice_count":0,"_bbp_anonymous_reply_count":0,"_bbp_topic_count_hidden":0,"_bbp_reply_count_hidden":0,"_bbp_forum_subforum_count":0,"footnotes":""},"class_list":["post-19967","page","type-page","status-publish","hentry"],"jetpack_sharing_enabled":true,"jetpack_likes_enabled":true,"_links":{"self":[{"href":"https:\/\/arapca.com\/index.php\/wp-json\/wp\/v2\/pages\/19967","targetHints":{"allow":["GET"]}}],"collection":[{"href":"https:\/\/arapca.com\/index.php\/wp-json\/wp\/v2\/pages"}],"about":[{"href":"https:\/\/arapca.com\/index.php\/wp-json\/wp\/v2\/types\/page"}],"author":[{"embeddable":true,"href":"https:\/\/arapca.com\/index.php\/wp-json\/wp\/v2\/users\/1"}],"replies":[{"embeddable":true,"href":"https:\/\/arapca.com\/index.php\/wp-json\/wp\/v2\/comments?post=19967"}],"version-history":[{"count":16,"href":"https:\/\/arapca.com\/index.php\/wp-json\/wp\/v2\/pages\/19967\/revisions"}],"predecessor-version":[{"id":24086,"href":"https:\/\/arapca.com\/index.php\/wp-json\/wp\/v2\/pages\/19967\/revisions\/24086"}],"wp:attachment":[{"href":"https:\/\/arapca.com\/index.php\/wp-json\/wp\/v2\/media?parent=19967"}],"curies":[{"name":"wp","href":"https:\/\/api.w.org\/{rel}","templated":true}]}}