{"id":19945,"date":"2024-12-13T09:02:40","date_gmt":"2024-12-13T06:02:40","guid":{"rendered":"https:\/\/arapca.com\/?page_id=19945"},"modified":"2025-01-02T09:30:31","modified_gmt":"2025-01-02T06:30:31","slug":"5-sinif-arapca-1-unite","status":"publish","type":"page","link":"https:\/\/arapca.com\/index.php\/kitaplar\/5-sinif-arapca-1-unite\/","title":{"rendered":"5. S\u0131n\u0131f Arap\u00e7a 1. \u00dcnite"},"content":{"rendered":"\n<h1 class=\"wp-block-heading\"><a href=\"https:\/\/dogm.eba.gov.tr\/panel\/upload\/etkilesimli\/kitap\/Arp5\/unite1\/unite1.html\">5. S\u0131n\u0131f Arap\u00e7a 1. \u00dcnite<\/a><\/h1>\n\n\n\n<figure class=\"wp-block-image size-full\"><a href=\"https:\/\/arapca.muallimun.net\/flipbook\/iho05_mektep\/\"><img data-recalc-dims=\"1\" loading=\"lazy\" decoding=\"async\" width=\"547\" height=\"787\" src=\"https:\/\/i0.wp.com\/arapca.com\/wp-content\/uploads\/2024\/12\/arapca5.sinif-ders-kitabi.jpg?resize=547%2C787&#038;ssl=1\" alt=\"\" class=\"wp-image-19946\" srcset=\"https:\/\/i0.wp.com\/arapca.com\/wp-content\/uploads\/2024\/12\/arapca5.sinif-ders-kitabi.jpg?w=547&amp;ssl=1 547w, https:\/\/i0.wp.com\/arapca.com\/wp-content\/uploads\/2024\/12\/arapca5.sinif-ders-kitabi.jpg?resize=209%2C300&amp;ssl=1 209w\" sizes=\"auto, (max-width: 547px) 100vw, 547px\" \/><\/a><\/figure>\n\n\n\n<p class=\"has-huge-font-size\">\u0130mam Hatip Ortaokulu (\u0130HO) <a href=\"https:\/\/arapca.muallimun.net\/flipbook\/iho05_mektep\/\">5. S\u0131n\u0131f Arap\u00e7a Ders Kitab\u0131 <\/a>(Mektep Yay\u0131nlar\u0131) <\/p>\n\n\n\n<p>5. S\u0131n\u0131f Arap\u00e7a Kitab\u0131- 6. S\u0131n\u0131f Arap\u00e7a Kitab\u0131 &#8211; 7. S\u0131n\u0131f Arap\u00e7a Kitab\u0131 &#8211; 8. S\u0131n\u0131f Arap\u00e7a Kitab\u0131<\/p>\n\n\n\n<p><strong>Anadolu \u0130mam Hatip Lisesi A\u0130HL Arap\u00e7a Kitaplar\u0131<\/strong><\/p>\n\n\n\n<p>9. S\u0131n\u0131f Arap\u00e7a Kitab\u0131 -10. S\u0131n\u0131f Arap\u00e7a Kitab\u0131 &#8211; 11. S\u0131n\u0131f Arap\u00e7a Kitab\u0131 &#8211; 12. S\u0131n\u0131f Arap\u00e7a Kitab\u0131<\/p>\n\n\n\n<div class=\"wp-block-buttons alignwide is-layout-flex wp-block-buttons-is-layout-flex\">\n<div class=\"wp-block-button has-custom-width wp-block-button__width-100\"><a class=\"wp-block-button__link has-background has-text-align-center wp-element-button\" href=\"https:\/\/arapca.com\/index.php\/kitaplar\/arapca-ogreten-kitaplar\/\" style=\"background-color:#ff2705\">ARAP\u00c7A DERS K\u0130TAPLARI<\/a><\/div>\n<\/div>\n","protected":false},"excerpt":{"rendered":"<p>5. S\u0131n\u0131f Arap\u00e7a 1. \u00dcnite \u0130mam Hatip Ortaokulu (\u0130HO) 5. S\u0131n\u0131f Arap\u00e7a Ders Kitab\u0131 (Mektep Yay\u0131nlar\u0131) 5. S\u0131n\u0131f Arap\u00e7a Kitab\u0131- 6. S\u0131n\u0131f Arap\u00e7a Kitab\u0131 &#8211; 7. S\u0131n\u0131f Arap\u00e7a Kitab\u0131 &#8211; 8. S\u0131n\u0131f Arap\u00e7a Kitab\u0131 Anadolu \u0130mam Hatip Lisesi A\u0130HL Arap\u00e7a &hellip; <\/p>\n","protected":false},"author":1,"featured_media":0,"parent":17833,"menu_order":0,"comment_status":"closed","ping_status":"closed","template":"","meta":{"_bbp_topic_count":0,"_bbp_reply_count":0,"_bbp_total_topic_count":0,"_bbp_total_reply_count":0,"_bbp_voice_count":0,"_bbp_anonymous_reply_count":0,"_bbp_topic_count_hidden":0,"_bbp_reply_count_hidden":0,"_bbp_forum_subforum_count":0,"advanced_seo_description":"","jetpack_seo_html_title":"","jetpack_seo_noindex":false,"footnotes":""},"class_list":["post-19945","page","type-page","status-publish","hentry"],"jetpack_sharing_enabled":true,"jetpack_likes_enabled":true,"_links":{"self":[{"href":"https:\/\/arapca.com\/index.php\/wp-json\/wp\/v2\/pages\/19945","targetHints":{"allow":["GET"]}}],"collection":[{"href":"https:\/\/arapca.com\/index.php\/wp-json\/wp\/v2\/pages"}],"about":[{"href":"https:\/\/arapca.com\/index.php\/wp-json\/wp\/v2\/types\/page"}],"author":[{"embeddable":true,"href":"https:\/\/arapca.com\/index.php\/wp-json\/wp\/v2\/users\/1"}],"replies":[{"embeddable":true,"href":"https:\/\/arapca.com\/index.php\/wp-json\/wp\/v2\/comments?post=19945"}],"version-history":[{"count":4,"href":"https:\/\/arapca.com\/index.php\/wp-json\/wp\/v2\/pages\/19945\/revisions"}],"predecessor-version":[{"id":20740,"href":"https:\/\/arapca.com\/index.php\/wp-json\/wp\/v2\/pages\/19945\/revisions\/20740"}],"up":[{"embeddable":true,"href":"https:\/\/arapca.com\/index.php\/wp-json\/wp\/v2\/pages\/17833"}],"wp:attachment":[{"href":"https:\/\/arapca.com\/index.php\/wp-json\/wp\/v2\/media?parent=19945"}],"curies":[{"name":"wp","href":"https:\/\/api.w.org\/{rel}","templated":true}]}}