{"id":19923,"date":"2024-12-11T12:07:11","date_gmt":"2024-12-11T09:07:11","guid":{"rendered":"https:\/\/arapca.com\/?page_id=19923"},"modified":"2024-12-11T12:08:14","modified_gmt":"2024-12-11T09:08:14","slug":"kucultme-ismi","status":"publish","type":"page","link":"https:\/\/arapca.com\/index.php\/arapca-dilbilgisi\/kucultme-ismi\/","title":{"rendered":"K\u00fc\u00e7\u00fcltme \u0130smi"},"content":{"rendered":"\n<p class=\"has-text-align-center has-text-color has-link-color has-huge-font-size wp-elements-cb9d1b85fb67a985d54e570bca3f76a0\" style=\"color:#fa0404\"><strong>\u0627\u0650\u0633\u0645\u064f \u062a\u064e\u0635\u063a\u064a\u0631<\/strong><\/p>\n\n\n\n<figure class=\"wp-block-embed is-type-video is-provider-youtube wp-block-embed-youtube wp-embed-aspect-16-9 wp-has-aspect-ratio\"><div class=\"wp-block-embed__wrapper\">\n<iframe loading=\"lazy\" title=\"S\u0131f\u0131rdan Arap\u00e7a \u00d6\u011freniyorum 97.DERS (\u0130SM-\u0130 TASG\u00ceR K\u00fc\u00e7\u00fcltme \u0130smi) - Necla Yasd\u0131man\" width=\"640\" height=\"360\" src=\"https:\/\/www.youtube.com\/embed\/vgjIh27wZQU?feature=oembed\" frameborder=\"0\" allow=\"accelerometer; autoplay; clipboard-write; encrypted-media; gyroscope; picture-in-picture; web-share\" referrerpolicy=\"strict-origin-when-cross-origin\" allowfullscreen><\/iframe>\n<\/div><\/figure>\n","protected":false},"excerpt":{"rendered":"<p>\u0627\u0650\u0633\u0645\u064f \u062a\u064e\u0635\u063a\u064a\u0631<\/p>\n","protected":false},"author":1,"featured_media":0,"parent":17091,"menu_order":0,"comment_status":"closed","ping_status":"closed","template":"","meta":{"_bbp_topic_count":0,"_bbp_reply_count":0,"_bbp_total_topic_count":0,"_bbp_total_reply_count":0,"_bbp_voice_count":0,"_bbp_anonymous_reply_count":0,"_bbp_topic_count_hidden":0,"_bbp_reply_count_hidden":0,"_bbp_forum_subforum_count":0,"footnotes":""},"class_list":["post-19923","page","type-page","status-publish","hentry"],"jetpack_sharing_enabled":true,"jetpack_likes_enabled":true,"_links":{"self":[{"href":"https:\/\/arapca.com\/index.php\/wp-json\/wp\/v2\/pages\/19923","targetHints":{"allow":["GET"]}}],"collection":[{"href":"https:\/\/arapca.com\/index.php\/wp-json\/wp\/v2\/pages"}],"about":[{"href":"https:\/\/arapca.com\/index.php\/wp-json\/wp\/v2\/types\/page"}],"author":[{"embeddable":true,"href":"https:\/\/arapca.com\/index.php\/wp-json\/wp\/v2\/users\/1"}],"replies":[{"embeddable":true,"href":"https:\/\/arapca.com\/index.php\/wp-json\/wp\/v2\/comments?post=19923"}],"version-history":[{"count":2,"href":"https:\/\/arapca.com\/index.php\/wp-json\/wp\/v2\/pages\/19923\/revisions"}],"predecessor-version":[{"id":19926,"href":"https:\/\/arapca.com\/index.php\/wp-json\/wp\/v2\/pages\/19923\/revisions\/19926"}],"up":[{"embeddable":true,"href":"https:\/\/arapca.com\/index.php\/wp-json\/wp\/v2\/pages\/17091"}],"wp:attachment":[{"href":"https:\/\/arapca.com\/index.php\/wp-json\/wp\/v2\/media?parent=19923"}],"curies":[{"name":"wp","href":"https:\/\/api.w.org\/{rel}","templated":true}]}}