{"id":19905,"date":"2024-12-11T11:14:18","date_gmt":"2024-12-11T08:14:18","guid":{"rendered":"https:\/\/arapca.com\/?page_id=19905"},"modified":"2024-12-11T11:19:41","modified_gmt":"2024-12-11T08:19:41","slug":"19905-2","status":"publish","type":"page","link":"https:\/\/arapca.com\/index.php\/arapca-dilbilgisi\/19905-2\/","title":{"rendered":"\u0130f&#8217;\u00ee\u00e2l Bab\u0131 (\u0130f&#8217;av&#8217;ale)"},"content":{"rendered":"\n<p class=\"has-text-align-center has-text-color has-link-color has-huge-font-size wp-elements-01dda2a47c244fe18d28b916a5c5566b\" style=\"color:#fa0404\"><strong>\u0628\u0627\u0628 \u0627\u0650\u0641\u0652\u0639\u064e\u0648\u0652\u0639\u064e\u0644 <\/strong>&#8211;  \u0627\u0650\u0641\u0652\u0639\u0650\u064a\u0639\u0627\u0644<\/p>\n\n\n\n<p>ifial, ifavale bab\u0131<\/p>\n\n\n\n<figure class=\"wp-block-embed is-type-video is-provider-youtube wp-block-embed-youtube wp-embed-aspect-16-9 wp-has-aspect-ratio\"><div class=\"wp-block-embed__wrapper\">\n<iframe loading=\"lazy\" title=\"4 - ( \u0625\u0641\u0640\u0639\u0640\u0648\u0627\u0644\u0627 ) Bab\u0131\" width=\"640\" height=\"360\" src=\"https:\/\/www.youtube.com\/embed\/ckdM91MpYFg?feature=oembed\" frameborder=\"0\" allow=\"accelerometer; autoplay; clipboard-write; encrypted-media; gyroscope; picture-in-picture; web-share\" referrerpolicy=\"strict-origin-when-cross-origin\" allowfullscreen><\/iframe>\n<\/div><\/figure>\n\n\n\n<p><\/p>\n","protected":false},"excerpt":{"rendered":"<p>\u0628\u0627\u0628 \u0627\u0650\u0641\u0652\u0639\u064e\u0648\u0652\u0639\u064e\u0644 &#8211; \u0627\u0650\u0641\u0652\u0639\u0650\u064a\u0639\u0627\u0644 ifial, ifavale bab\u0131<\/p>\n","protected":false},"author":1,"featured_media":19914,"parent":17091,"menu_order":0,"comment_status":"closed","ping_status":"closed","template":"","meta":{"_bbp_topic_count":0,"_bbp_reply_count":0,"_bbp_total_topic_count":0,"_bbp_total_reply_count":0,"_bbp_voice_count":0,"_bbp_anonymous_reply_count":0,"_bbp_topic_count_hidden":0,"_bbp_reply_count_hidden":0,"_bbp_forum_subforum_count":0,"advanced_seo_description":"","jetpack_seo_html_title":"","jetpack_seo_noindex":false,"footnotes":""},"class_list":["post-19905","page","type-page","status-publish","has-post-thumbnail","hentry"],"jetpack_sharing_enabled":true,"jetpack_likes_enabled":true,"_links":{"self":[{"href":"https:\/\/arapca.com\/index.php\/wp-json\/wp\/v2\/pages\/19905","targetHints":{"allow":["GET"]}}],"collection":[{"href":"https:\/\/arapca.com\/index.php\/wp-json\/wp\/v2\/pages"}],"about":[{"href":"https:\/\/arapca.com\/index.php\/wp-json\/wp\/v2\/types\/page"}],"author":[{"embeddable":true,"href":"https:\/\/arapca.com\/index.php\/wp-json\/wp\/v2\/users\/1"}],"replies":[{"embeddable":true,"href":"https:\/\/arapca.com\/index.php\/wp-json\/wp\/v2\/comments?post=19905"}],"version-history":[{"count":3,"href":"https:\/\/arapca.com\/index.php\/wp-json\/wp\/v2\/pages\/19905\/revisions"}],"predecessor-version":[{"id":19915,"href":"https:\/\/arapca.com\/index.php\/wp-json\/wp\/v2\/pages\/19905\/revisions\/19915"}],"up":[{"embeddable":true,"href":"https:\/\/arapca.com\/index.php\/wp-json\/wp\/v2\/pages\/17091"}],"wp:featuredmedia":[{"embeddable":true,"href":"https:\/\/arapca.com\/index.php\/wp-json\/wp\/v2\/media\/19914"}],"wp:attachment":[{"href":"https:\/\/arapca.com\/index.php\/wp-json\/wp\/v2\/media?parent=19905"}],"curies":[{"name":"wp","href":"https:\/\/api.w.org\/{rel}","templated":true}]}}