{"id":19740,"date":"2024-12-02T13:43:21","date_gmt":"2024-12-02T10:43:21","guid":{"rendered":"https:\/\/arapca.com\/?page_id=19740"},"modified":"2024-12-02T13:43:24","modified_gmt":"2024-12-02T10:43:24","slug":"fatma-ve-cicekler","status":"publish","type":"page","link":"https:\/\/arapca.com\/index.php\/fatma-ve-cicekler\/","title":{"rendered":"Fatma ve \u00c7i\u00e7ekler"},"content":{"rendered":"\n<p class=\"has-text-align-center has-text-color has-link-color has-huge-font-size wp-elements-dccec14c55e3702615519888cc2c554c\" style=\"color:#fa0505\"><strong>\u0641\u064e\u0627\u0637\u0650\u0645\u064e\u0629\u064f \u0648\u064e\u0627\u0644\u0632\u0651\u064f\u0647\u064f\u0648\u0631\u064f<\/strong><\/p>\n\n\n\n<p><code><div class=\"h5p-iframe-wrapper\"><iframe id=\"h5p-iframe-66\" class=\"h5p-iframe\" data-content-id=\"66\" style=\"height:1px\" src=\"about:blank\" frameBorder=\"0\" scrolling=\"no\" title=\"A1 Hikaye: Fat\u0131ma ve \u00c7i\u00e7ekler\"><\/iframe><\/div><\/code><br><\/p>\n","protected":false},"excerpt":{"rendered":"<p>\u0641\u064e\u0627\u0637\u0650\u0645\u064e\u0629\u064f \u0648\u064e\u0627\u0644\u0632\u0651\u064f\u0647\u064f\u0648\u0631\u064f<\/p>\n","protected":false},"author":1,"featured_media":0,"parent":0,"menu_order":0,"comment_status":"closed","ping_status":"closed","template":"","meta":{"_bbp_topic_count":0,"_bbp_reply_count":0,"_bbp_total_topic_count":0,"_bbp_total_reply_count":0,"_bbp_voice_count":0,"_bbp_anonymous_reply_count":0,"_bbp_topic_count_hidden":0,"_bbp_reply_count_hidden":0,"_bbp_forum_subforum_count":0,"footnotes":""},"class_list":["post-19740","page","type-page","status-publish","hentry"],"jetpack_sharing_enabled":true,"jetpack_likes_enabled":true,"_links":{"self":[{"href":"https:\/\/arapca.com\/index.php\/wp-json\/wp\/v2\/pages\/19740","targetHints":{"allow":["GET"]}}],"collection":[{"href":"https:\/\/arapca.com\/index.php\/wp-json\/wp\/v2\/pages"}],"about":[{"href":"https:\/\/arapca.com\/index.php\/wp-json\/wp\/v2\/types\/page"}],"author":[{"embeddable":true,"href":"https:\/\/arapca.com\/index.php\/wp-json\/wp\/v2\/users\/1"}],"replies":[{"embeddable":true,"href":"https:\/\/arapca.com\/index.php\/wp-json\/wp\/v2\/comments?post=19740"}],"version-history":[{"count":1,"href":"https:\/\/arapca.com\/index.php\/wp-json\/wp\/v2\/pages\/19740\/revisions"}],"predecessor-version":[{"id":19743,"href":"https:\/\/arapca.com\/index.php\/wp-json\/wp\/v2\/pages\/19740\/revisions\/19743"}],"wp:attachment":[{"href":"https:\/\/arapca.com\/index.php\/wp-json\/wp\/v2\/media?parent=19740"}],"curies":[{"name":"wp","href":"https:\/\/api.w.org\/{rel}","templated":true}]}}