{"id":19708,"date":"2024-12-01T13:03:02","date_gmt":"2024-12-01T10:03:02","guid":{"rendered":"https:\/\/arapca.com\/?page_id=19708"},"modified":"2024-12-01T13:04:10","modified_gmt":"2024-12-01T10:04:10","slug":"a1-hikaye-buyuk-kucuk","status":"publish","type":"page","link":"https:\/\/arapca.com\/index.php\/hikayeler\/a1-hikayeler\/a1-hikaye-buyuk-kucuk\/","title":{"rendered":"A1 Hikaye: B\u00fcy\u00fck &#8211; K\u00fc\u00e7\u00fck"},"content":{"rendered":"\n<p class=\"has-text-align-center has-text-color has-link-color has-huge-font-size wp-elements-43496900547383e70d69d91f80336047\" style=\"color:#fd0505\">\u064f<strong>\u0627\u0644\u0643\u064e\u0628\u0650\u064a\u0631\u064f \u0648\u064e \u0627\u0644\u0635\u0651\u064e\u063a\u0650\u064a\u0631<\/strong><\/p>\n\n\n\n<p><code><div class=\"h5p-iframe-wrapper\"><iframe id=\"h5p-iframe-63\" class=\"h5p-iframe\" data-content-id=\"63\" style=\"height:1px\" src=\"about:blank\" frameBorder=\"0\" scrolling=\"no\" title=\"S\u0131fatlar: B\u00fcy\u00fck-K\u00fc\u00e7\u00fck\"><\/iframe><\/div><\/code><br><\/p>\n\n\n\n<figure class=\"wp-block-image size-full is-resized\"><img data-recalc-dims=\"1\" loading=\"lazy\" decoding=\"async\" width=\"337\" height=\"337\" src=\"https:\/\/i0.wp.com\/arapca.com\/wp-content\/uploads\/2024\/12\/image.png?resize=337%2C337&#038;ssl=1\" alt=\"\" class=\"wp-image-19710\" style=\"width:170px;height:auto\" srcset=\"https:\/\/i0.wp.com\/arapca.com\/wp-content\/uploads\/2024\/12\/image.png?w=337&amp;ssl=1 337w, https:\/\/i0.wp.com\/arapca.com\/wp-content\/uploads\/2024\/12\/image.png?resize=300%2C300&amp;ssl=1 300w, https:\/\/i0.wp.com\/arapca.com\/wp-content\/uploads\/2024\/12\/image.png?resize=150%2C150&amp;ssl=1 150w, https:\/\/i0.wp.com\/arapca.com\/wp-content\/uploads\/2024\/12\/image.png?resize=100%2C100&amp;ssl=1 100w\" sizes=\"auto, (max-width: 337px) 100vw, 337px\" \/><\/figure>\n\n\n\n<p><\/p>\n","protected":false},"excerpt":{"rendered":"<p>\u064f\u0627\u0644\u0643\u064e\u0628\u0650\u064a\u0631\u064f \u0648\u064e \u0627\u0644\u0635\u0651\u064e\u063a\u0650\u064a\u0631<\/p>\n","protected":false},"author":1,"featured_media":0,"parent":19372,"menu_order":0,"comment_status":"closed","ping_status":"closed","template":"","meta":{"_bbp_topic_count":0,"_bbp_reply_count":0,"_bbp_total_topic_count":0,"_bbp_total_reply_count":0,"_bbp_voice_count":0,"_bbp_anonymous_reply_count":0,"_bbp_topic_count_hidden":0,"_bbp_reply_count_hidden":0,"_bbp_forum_subforum_count":0,"footnotes":""},"class_list":["post-19708","page","type-page","status-publish","hentry"],"jetpack_sharing_enabled":true,"jetpack_likes_enabled":true,"_links":{"self":[{"href":"https:\/\/arapca.com\/index.php\/wp-json\/wp\/v2\/pages\/19708","targetHints":{"allow":["GET"]}}],"collection":[{"href":"https:\/\/arapca.com\/index.php\/wp-json\/wp\/v2\/pages"}],"about":[{"href":"https:\/\/arapca.com\/index.php\/wp-json\/wp\/v2\/types\/page"}],"author":[{"embeddable":true,"href":"https:\/\/arapca.com\/index.php\/wp-json\/wp\/v2\/users\/1"}],"replies":[{"embeddable":true,"href":"https:\/\/arapca.com\/index.php\/wp-json\/wp\/v2\/comments?post=19708"}],"version-history":[{"count":2,"href":"https:\/\/arapca.com\/index.php\/wp-json\/wp\/v2\/pages\/19708\/revisions"}],"predecessor-version":[{"id":19711,"href":"https:\/\/arapca.com\/index.php\/wp-json\/wp\/v2\/pages\/19708\/revisions\/19711"}],"up":[{"embeddable":true,"href":"https:\/\/arapca.com\/index.php\/wp-json\/wp\/v2\/pages\/19372"}],"wp:attachment":[{"href":"https:\/\/arapca.com\/index.php\/wp-json\/wp\/v2\/media?parent=19708"}],"curies":[{"name":"wp","href":"https:\/\/api.w.org\/{rel}","templated":true}]}}