{"id":19670,"date":"2024-11-30T19:16:20","date_gmt":"2024-11-30T16:16:20","guid":{"rendered":"https:\/\/arapca.com\/?page_id=19670"},"modified":"2024-11-30T19:16:22","modified_gmt":"2024-11-30T16:16:22","slug":"kardesim-ve-ben","status":"publish","type":"page","link":"https:\/\/arapca.com\/index.php\/arapca-hikayeler\/kardesim-ve-ben\/","title":{"rendered":"Karde\u015fim ve Ben"},"content":{"rendered":"\n<figure class=\"wp-block-embed is-type-video is-provider-youtube wp-block-embed-youtube wp-embed-aspect-4-3 wp-has-aspect-ratio\"><div class=\"wp-block-embed__wrapper\">\n<iframe loading=\"lazy\" title=\"Hikayelerle Arap\u00e7a Ba\u015flang\u0131\u00e7 Seviye 1. Hikaye (Ben ve Karde\u015fim)\" width=\"640\" height=\"480\" src=\"https:\/\/www.youtube.com\/embed\/Vjc-tR4jwwY?feature=oembed\" frameborder=\"0\" allow=\"accelerometer; autoplay; clipboard-write; encrypted-media; gyroscope; picture-in-picture; web-share\" referrerpolicy=\"strict-origin-when-cross-origin\" allowfullscreen><\/iframe>\n<\/div><\/figure>\n","protected":false},"excerpt":{"rendered":"","protected":false},"author":1,"featured_media":0,"parent":16990,"menu_order":0,"comment_status":"closed","ping_status":"closed","template":"","meta":{"_bbp_topic_count":0,"_bbp_reply_count":0,"_bbp_total_topic_count":0,"_bbp_total_reply_count":0,"_bbp_voice_count":0,"_bbp_anonymous_reply_count":0,"_bbp_topic_count_hidden":0,"_bbp_reply_count_hidden":0,"_bbp_forum_subforum_count":0,"advanced_seo_description":"","jetpack_seo_html_title":"","jetpack_seo_noindex":false,"footnotes":""},"class_list":["post-19670","page","type-page","status-publish","hentry"],"jetpack_sharing_enabled":true,"jetpack_likes_enabled":true,"_links":{"self":[{"href":"https:\/\/arapca.com\/index.php\/wp-json\/wp\/v2\/pages\/19670","targetHints":{"allow":["GET"]}}],"collection":[{"href":"https:\/\/arapca.com\/index.php\/wp-json\/wp\/v2\/pages"}],"about":[{"href":"https:\/\/arapca.com\/index.php\/wp-json\/wp\/v2\/types\/page"}],"author":[{"embeddable":true,"href":"https:\/\/arapca.com\/index.php\/wp-json\/wp\/v2\/users\/1"}],"replies":[{"embeddable":true,"href":"https:\/\/arapca.com\/index.php\/wp-json\/wp\/v2\/comments?post=19670"}],"version-history":[{"count":1,"href":"https:\/\/arapca.com\/index.php\/wp-json\/wp\/v2\/pages\/19670\/revisions"}],"predecessor-version":[{"id":19671,"href":"https:\/\/arapca.com\/index.php\/wp-json\/wp\/v2\/pages\/19670\/revisions\/19671"}],"up":[{"embeddable":true,"href":"https:\/\/arapca.com\/index.php\/wp-json\/wp\/v2\/pages\/16990"}],"wp:attachment":[{"href":"https:\/\/arapca.com\/index.php\/wp-json\/wp\/v2\/media?parent=19670"}],"curies":[{"name":"wp","href":"https:\/\/api.w.org\/{rel}","templated":true}]}}