{"id":19665,"date":"2024-11-30T16:29:58","date_gmt":"2024-11-30T13:29:58","guid":{"rendered":"https:\/\/arapca.com\/?page_id=19665"},"modified":"2024-11-30T16:30:00","modified_gmt":"2024-11-30T13:30:00","slug":"b2-altin-sahin-sovalyesi","status":"publish","type":"page","link":"https:\/\/arapca.com\/index.php\/b2-altin-sahin-sovalyesi\/","title":{"rendered":"B2 &#8211; ALTIN \u015eAH\u0130N \u015eOVALYES\u0130"},"content":{"rendered":"<div class=\"wp-block-image\">\n<figure class=\"aligncenter size-full\"><a href=\"https:\/\/ia801502.us.archive.org\/15\/items\/YLL_1741\/%D9%81%D8%A7%D8%B1%D8%B3%20%D8%A7%D9%84%D8%B5%D9%82%D8%B1%20%D8%A7%D9%84%D8%B0%D9%87%D8%A8%D9%8A.pdf\"><img data-recalc-dims=\"1\" loading=\"lazy\" decoding=\"async\" width=\"547\" height=\"780\" src=\"https:\/\/i0.wp.com\/arapca.com\/wp-content\/uploads\/2024\/11\/AltinSahinSovalyesi.jpg?resize=547%2C780&#038;ssl=1\" alt=\"\" class=\"wp-image-19666\" srcset=\"https:\/\/i0.wp.com\/arapca.com\/wp-content\/uploads\/2024\/11\/AltinSahinSovalyesi.jpg?w=547&amp;ssl=1 547w, https:\/\/i0.wp.com\/arapca.com\/wp-content\/uploads\/2024\/11\/AltinSahinSovalyesi.jpg?resize=210%2C300&amp;ssl=1 210w\" sizes=\"auto, (max-width: 547px) 100vw, 547px\" \/><\/a><\/figure>\n<\/div>","protected":false},"excerpt":{"rendered":"","protected":false},"author":1,"featured_media":0,"parent":0,"menu_order":0,"comment_status":"closed","ping_status":"closed","template":"","meta":{"_bbp_topic_count":0,"_bbp_reply_count":0,"_bbp_total_topic_count":0,"_bbp_total_reply_count":0,"_bbp_voice_count":0,"_bbp_anonymous_reply_count":0,"_bbp_topic_count_hidden":0,"_bbp_reply_count_hidden":0,"_bbp_forum_subforum_count":0,"advanced_seo_description":"","jetpack_seo_html_title":"","jetpack_seo_noindex":false,"footnotes":""},"class_list":["post-19665","page","type-page","status-publish","hentry"],"jetpack_sharing_enabled":true,"jetpack_likes_enabled":true,"_links":{"self":[{"href":"https:\/\/arapca.com\/index.php\/wp-json\/wp\/v2\/pages\/19665","targetHints":{"allow":["GET"]}}],"collection":[{"href":"https:\/\/arapca.com\/index.php\/wp-json\/wp\/v2\/pages"}],"about":[{"href":"https:\/\/arapca.com\/index.php\/wp-json\/wp\/v2\/types\/page"}],"author":[{"embeddable":true,"href":"https:\/\/arapca.com\/index.php\/wp-json\/wp\/v2\/users\/1"}],"replies":[{"embeddable":true,"href":"https:\/\/arapca.com\/index.php\/wp-json\/wp\/v2\/comments?post=19665"}],"version-history":[{"count":1,"href":"https:\/\/arapca.com\/index.php\/wp-json\/wp\/v2\/pages\/19665\/revisions"}],"predecessor-version":[{"id":19668,"href":"https:\/\/arapca.com\/index.php\/wp-json\/wp\/v2\/pages\/19665\/revisions\/19668"}],"wp:attachment":[{"href":"https:\/\/arapca.com\/index.php\/wp-json\/wp\/v2\/media?parent=19665"}],"curies":[{"name":"wp","href":"https:\/\/api.w.org\/{rel}","templated":true}]}}