{"id":19650,"date":"2024-11-29T11:56:10","date_gmt":"2024-11-29T08:56:10","guid":{"rendered":"https:\/\/arapca.com\/?page_id=19650"},"modified":"2026-03-19T10:35:38","modified_gmt":"2026-03-19T07:35:38","slug":"dini-metinler-2","status":"publish","type":"page","link":"https:\/\/arapca.com\/index.php\/arapca-metinler\/dini-metinler-2\/","title":{"rendered":"Dini Metinler"},"content":{"rendered":"\n<figure class=\"wp-block-image size-large\"><img data-recalc-dims=\"1\" loading=\"lazy\" decoding=\"async\" width=\"640\" height=\"320\" src=\"https:\/\/i0.wp.com\/arapca.com\/wp-content\/uploads\/2023\/09\/kuran-1.jpg?resize=640%2C320&#038;ssl=1\" alt=\"\" class=\"wp-image-16605\" srcset=\"https:\/\/i0.wp.com\/arapca.com\/wp-content\/uploads\/2023\/09\/kuran-1.jpg?resize=1024%2C512&amp;ssl=1 1024w, https:\/\/i0.wp.com\/arapca.com\/wp-content\/uploads\/2023\/09\/kuran-1.jpg?resize=300%2C150&amp;ssl=1 300w, https:\/\/i0.wp.com\/arapca.com\/wp-content\/uploads\/2023\/09\/kuran-1.jpg?resize=768%2C384&amp;ssl=1 768w, https:\/\/i0.wp.com\/arapca.com\/wp-content\/uploads\/2023\/09\/kuran-1.jpg?resize=1320%2C660&amp;ssl=1 1320w, https:\/\/i0.wp.com\/arapca.com\/wp-content\/uploads\/2023\/09\/kuran-1.jpg?resize=600%2C300&amp;ssl=1 600w, https:\/\/i0.wp.com\/arapca.com\/wp-content\/uploads\/2023\/09\/kuran-1.jpg?w=1350&amp;ssl=1 1350w\" sizes=\"auto, (max-width: 640px) 100vw, 640px\" \/><\/figure>\n\n\n\n<p><a href=\"https:\/\/arapca.com\/index.php\/arapca-metinler\/dini-metinler\/kuran\/\">Kur&#8217;an-\u0131 Kerim<\/a><\/p>\n\n\n\n<p class=\"has-vivid-red-color has-text-color has-link-color wp-elements-63207051dbb71c33379a876b05dd672d\">&#8211;<a href=\"https:\/\/arapca.com\/index.php\/2025\/05\/20\/tefsir-calismalari-ne-zaman-baslasi\/\">Kur&#8217;an Tefsirleri Ne zaman Yaz\u0131lmaya ba\u015flad\u0131 ve kimler taraf\u0131ndan yaz\u0131ld\u0131?               <\/a><\/p>\n\n\n\n<p>&#8211;<a href=\"https:\/\/arapca.com\/index.php\/2025\/05\/20\/kuranda-takva-kavrami\/\"> Takva Kavram\u0131<\/a><\/p>\n\n\n\n<p><a href=\"https:\/\/archive.org\/details\/SahihBoukhari_201704\">Sahih-i Buhari (Camiu&#8217;s-Sahih li&#8217;L-Buhari<\/a><\/p>\n\n\n\n<p><a href=\"https:\/\/arapca.com\/index.php\/ramazan-ve-oruc\/\">Ramazan ve Oru\u00e7<\/a><\/p>\n\n\n\n<p><a href=\"https:\/\/arapca.com\/index.php\/2025\/03\/06\/orucun-faydalari\/\">Orucun Faydalar\u0131<\/a><\/p>\n\n\n\n<p><a href=\"http:\/\/ramazan-ayinin-toplumu-birlestirici-ve-guclendirici-rolu\">Ramazan Ay\u0131n\u0131n Toplumu Birle\u015ftirici ve G\u00fc\u00e7lendirici Rol\u00fc <\/a><\/p>\n\n\n\n<p><a href=\"https:\/\/arapca.com\/index.php\/2026\/03\/16\/kadir-gecesi\/\">Kadir Gecesi &#8211; \u0644\u064a\u0644\u0629 \u0627\u0644\u0642\u062f\u0631<\/a><\/p>\n\n\n\n<p><a href=\"https:\/\/arapca.com\/index.php\/b2-hikayeler\/yetim-cocuk-ve-peygamber-s-a-v\/\">Yetim \u00c7ocuk ve Hz. Peygamber (s.a.v.)<\/a><\/p>\n\n\n\n<p><a href=\"https:\/\/arapca.com\/index.php\/2026\/03\/19\/huzunlu-bir-bayram\/\">H\u00fcz\u00fcnl\u00fc bir Bayram<\/a><\/p>\n","protected":false},"excerpt":{"rendered":"<p>Kur&#8217;an-\u0131 Kerim &#8211;Kur&#8217;an Tefsirleri Ne zaman Yaz\u0131lmaya ba\u015flad\u0131 ve kimler taraf\u0131ndan yaz\u0131ld\u0131? &#8211; Takva Kavram\u0131 Sahih-i Buhari (Camiu&#8217;s-Sahih li&#8217;L-Buhari Ramazan ve Oru\u00e7 Orucun Faydalar\u0131 Ramazan Ay\u0131n\u0131n Toplumu Birle\u015ftirici ve G\u00fc\u00e7lendirici Rol\u00fc Kadir Gecesi &#8211; \u0644\u064a\u0644\u0629 \u0627\u0644\u0642\u062f\u0631 Yetim \u00c7ocuk ve Hz. &hellip; <\/p>\n","protected":false},"author":1,"featured_media":0,"parent":15799,"menu_order":0,"comment_status":"closed","ping_status":"closed","template":"","meta":{"_bbp_topic_count":0,"_bbp_reply_count":0,"_bbp_total_topic_count":0,"_bbp_total_reply_count":0,"_bbp_voice_count":0,"_bbp_anonymous_reply_count":0,"_bbp_topic_count_hidden":0,"_bbp_reply_count_hidden":0,"_bbp_forum_subforum_count":0,"footnotes":""},"class_list":["post-19650","page","type-page","status-publish","hentry"],"jetpack_sharing_enabled":true,"jetpack_likes_enabled":true,"_links":{"self":[{"href":"https:\/\/arapca.com\/index.php\/wp-json\/wp\/v2\/pages\/19650","targetHints":{"allow":["GET"]}}],"collection":[{"href":"https:\/\/arapca.com\/index.php\/wp-json\/wp\/v2\/pages"}],"about":[{"href":"https:\/\/arapca.com\/index.php\/wp-json\/wp\/v2\/types\/page"}],"author":[{"embeddable":true,"href":"https:\/\/arapca.com\/index.php\/wp-json\/wp\/v2\/users\/1"}],"replies":[{"embeddable":true,"href":"https:\/\/arapca.com\/index.php\/wp-json\/wp\/v2\/comments?post=19650"}],"version-history":[{"count":19,"href":"https:\/\/arapca.com\/index.php\/wp-json\/wp\/v2\/pages\/19650\/revisions"}],"predecessor-version":[{"id":26045,"href":"https:\/\/arapca.com\/index.php\/wp-json\/wp\/v2\/pages\/19650\/revisions\/26045"}],"up":[{"embeddable":true,"href":"https:\/\/arapca.com\/index.php\/wp-json\/wp\/v2\/pages\/15799"}],"wp:attachment":[{"href":"https:\/\/arapca.com\/index.php\/wp-json\/wp\/v2\/media?parent=19650"}],"curies":[{"name":"wp","href":"https:\/\/api.w.org\/{rel}","templated":true}]}}