{"id":19583,"date":"2024-11-26T10:29:10","date_gmt":"2024-11-26T07:29:10","guid":{"rendered":"https:\/\/arapca.com\/?page_id=19583"},"modified":"2024-11-26T10:30:32","modified_gmt":"2024-11-26T07:30:32","slug":"is-hayatinda","status":"publish","type":"page","link":"https:\/\/arapca.com\/index.php\/is-hayatinda\/","title":{"rendered":"\u0130\u015f Hayat\u0131nda"},"content":{"rendered":"\n<p><code><div class=\"h5p-iframe-wrapper\"><iframe id=\"h5p-iframe-54\" class=\"h5p-iframe\" data-content-id=\"54\" style=\"height:1px\" src=\"about:blank\" frameBorder=\"0\" scrolling=\"no\" title=\"\u0130\u015f Hayat\u0131 ve Meslekler\"><\/iframe><\/div><\/code><\/p>\n\n\n\n<p><em>Arap\u00e7a meslekler, \u00e7al\u0131\u015fma hayat\u0131 ile ilgili temel kelime ve kavramlar\u0131, al\u0131\u015ft\u0131rmalar<\/em><\/p>\n\n\n\n<p><\/p>\n","protected":false},"excerpt":{"rendered":"<p>Arap\u00e7a meslekler, \u00e7al\u0131\u015fma hayat\u0131 ile ilgili temel kelime ve kavramlar\u0131, al\u0131\u015ft\u0131rmalar<\/p>\n","protected":false},"author":1,"featured_media":0,"parent":0,"menu_order":0,"comment_status":"closed","ping_status":"closed","template":"","meta":{"_bbp_topic_count":0,"_bbp_reply_count":0,"_bbp_total_topic_count":0,"_bbp_total_reply_count":0,"_bbp_voice_count":0,"_bbp_anonymous_reply_count":0,"_bbp_topic_count_hidden":0,"_bbp_reply_count_hidden":0,"_bbp_forum_subforum_count":0,"advanced_seo_description":"","jetpack_seo_html_title":"","jetpack_seo_noindex":false,"footnotes":""},"class_list":["post-19583","page","type-page","status-publish","hentry"],"jetpack_sharing_enabled":true,"jetpack_likes_enabled":true,"_links":{"self":[{"href":"https:\/\/arapca.com\/index.php\/wp-json\/wp\/v2\/pages\/19583","targetHints":{"allow":["GET"]}}],"collection":[{"href":"https:\/\/arapca.com\/index.php\/wp-json\/wp\/v2\/pages"}],"about":[{"href":"https:\/\/arapca.com\/index.php\/wp-json\/wp\/v2\/types\/page"}],"author":[{"embeddable":true,"href":"https:\/\/arapca.com\/index.php\/wp-json\/wp\/v2\/users\/1"}],"replies":[{"embeddable":true,"href":"https:\/\/arapca.com\/index.php\/wp-json\/wp\/v2\/comments?post=19583"}],"version-history":[{"count":2,"href":"https:\/\/arapca.com\/index.php\/wp-json\/wp\/v2\/pages\/19583\/revisions"}],"predecessor-version":[{"id":19587,"href":"https:\/\/arapca.com\/index.php\/wp-json\/wp\/v2\/pages\/19583\/revisions\/19587"}],"wp:attachment":[{"href":"https:\/\/arapca.com\/index.php\/wp-json\/wp\/v2\/media?parent=19583"}],"curies":[{"name":"wp","href":"https:\/\/api.w.org\/{rel}","templated":true}]}}