{"id":19549,"date":"2024-11-24T20:56:18","date_gmt":"2024-11-24T17:56:18","guid":{"rendered":"https:\/\/arapca.com\/?page_id=19549"},"modified":"2024-11-24T20:56:21","modified_gmt":"2024-11-24T17:56:21","slug":"hayatta-en-buyuk-zenginlik-sagliktir","status":"publish","type":"page","link":"https:\/\/arapca.com\/index.php\/hayatta-en-buyuk-zenginlik-sagliktir\/","title":{"rendered":"Hayatta En B\u00fcy\u00fck Zenginlik Sa\u011fl\u0131kt\u0131r"},"content":{"rendered":"\n<p><code><div class=\"h5p-iframe-wrapper\"><iframe id=\"h5p-iframe-51\" class=\"h5p-iframe\" data-content-id=\"51\" style=\"height:1px\" src=\"about:blank\" frameBorder=\"0\" scrolling=\"no\" title=\"Hikaye: Hayatta En B\u00fcy\u00fck Zenginlik Sa\u011fl\u0131kt\u0131r\"><\/iframe><\/div><\/code><br><\/p>\n","protected":false},"excerpt":{"rendered":"","protected":false},"author":1,"featured_media":0,"parent":0,"menu_order":0,"comment_status":"closed","ping_status":"closed","template":"","meta":{"_bbp_topic_count":0,"_bbp_reply_count":0,"_bbp_total_topic_count":0,"_bbp_total_reply_count":0,"_bbp_voice_count":0,"_bbp_anonymous_reply_count":0,"_bbp_topic_count_hidden":0,"_bbp_reply_count_hidden":0,"_bbp_forum_subforum_count":0,"footnotes":""},"class_list":["post-19549","page","type-page","status-publish","hentry"],"jetpack_sharing_enabled":true,"jetpack_likes_enabled":true,"_links":{"self":[{"href":"https:\/\/arapca.com\/index.php\/wp-json\/wp\/v2\/pages\/19549","targetHints":{"allow":["GET"]}}],"collection":[{"href":"https:\/\/arapca.com\/index.php\/wp-json\/wp\/v2\/pages"}],"about":[{"href":"https:\/\/arapca.com\/index.php\/wp-json\/wp\/v2\/types\/page"}],"author":[{"embeddable":true,"href":"https:\/\/arapca.com\/index.php\/wp-json\/wp\/v2\/users\/1"}],"replies":[{"embeddable":true,"href":"https:\/\/arapca.com\/index.php\/wp-json\/wp\/v2\/comments?post=19549"}],"version-history":[{"count":1,"href":"https:\/\/arapca.com\/index.php\/wp-json\/wp\/v2\/pages\/19549\/revisions"}],"predecessor-version":[{"id":19551,"href":"https:\/\/arapca.com\/index.php\/wp-json\/wp\/v2\/pages\/19549\/revisions\/19551"}],"wp:attachment":[{"href":"https:\/\/arapca.com\/index.php\/wp-json\/wp\/v2\/media?parent=19549"}],"curies":[{"name":"wp","href":"https:\/\/api.w.org\/{rel}","templated":true}]}}