{"id":19543,"date":"2024-11-24T19:45:28","date_gmt":"2024-11-24T16:45:28","guid":{"rendered":"https:\/\/arapca.com\/?page_id=19543"},"modified":"2024-11-24T19:45:31","modified_gmt":"2024-11-24T16:45:31","slug":"saglik-ve-hayatimizdaki-onemi","status":"publish","type":"page","link":"https:\/\/arapca.com\/index.php\/saglik-ve-hayatimizdaki-onemi\/","title":{"rendered":"Sa\u011fl\u0131k ve Hayat\u0131m\u0131zdaki \u00d6nemi"},"content":{"rendered":"\n<p><code><div class=\"h5p-iframe-wrapper\"><iframe id=\"h5p-iframe-50\" class=\"h5p-iframe\" data-content-id=\"50\" style=\"height:1px\" src=\"about:blank\" frameBorder=\"0\" scrolling=\"no\" title=\"B1 Sa\u011fl\u0131k Bilgisi\"><\/iframe><\/div><\/code><br><\/p>\n","protected":false},"excerpt":{"rendered":"","protected":false},"author":1,"featured_media":0,"parent":0,"menu_order":0,"comment_status":"closed","ping_status":"closed","template":"","meta":{"_bbp_topic_count":0,"_bbp_reply_count":0,"_bbp_total_topic_count":0,"_bbp_total_reply_count":0,"_bbp_voice_count":0,"_bbp_anonymous_reply_count":0,"_bbp_topic_count_hidden":0,"_bbp_reply_count_hidden":0,"_bbp_forum_subforum_count":0,"footnotes":""},"class_list":["post-19543","page","type-page","status-publish","hentry"],"jetpack_sharing_enabled":true,"jetpack_likes_enabled":true,"_links":{"self":[{"href":"https:\/\/arapca.com\/index.php\/wp-json\/wp\/v2\/pages\/19543","targetHints":{"allow":["GET"]}}],"collection":[{"href":"https:\/\/arapca.com\/index.php\/wp-json\/wp\/v2\/pages"}],"about":[{"href":"https:\/\/arapca.com\/index.php\/wp-json\/wp\/v2\/types\/page"}],"author":[{"embeddable":true,"href":"https:\/\/arapca.com\/index.php\/wp-json\/wp\/v2\/users\/1"}],"replies":[{"embeddable":true,"href":"https:\/\/arapca.com\/index.php\/wp-json\/wp\/v2\/comments?post=19543"}],"version-history":[{"count":1,"href":"https:\/\/arapca.com\/index.php\/wp-json\/wp\/v2\/pages\/19543\/revisions"}],"predecessor-version":[{"id":19545,"href":"https:\/\/arapca.com\/index.php\/wp-json\/wp\/v2\/pages\/19543\/revisions\/19545"}],"wp:attachment":[{"href":"https:\/\/arapca.com\/index.php\/wp-json\/wp\/v2\/media?parent=19543"}],"curies":[{"name":"wp","href":"https:\/\/api.w.org\/{rel}","templated":true}]}}