{"id":19521,"date":"2024-11-23T16:56:36","date_gmt":"2024-11-23T13:56:36","guid":{"rendered":"https:\/\/arapca.com\/?page_id=19521"},"modified":"2024-11-23T16:56:38","modified_gmt":"2024-11-23T13:56:38","slug":"arapca-kpds","status":"publish","type":"page","link":"https:\/\/arapca.com\/index.php\/arapca-kpds\/","title":{"rendered":"Arap\u00e7a KPDS"},"content":{"rendered":"\n<p><a href=\"https:\/\/www.osym.gov.tr\/Eklenti\/2294,kpds2012010102kamuskmaster1-arapcapdf.pdf?0\">2012- Arap\u00e7a \u0130lkbahar<\/a> S\u0131nav\u0131<\/p>\n\n\n\n<p><a href=\"https:\/\/dokuman.osym.gov.tr\/pdfdokuman\/arsiv\/2007KPDSMAYIS\/ARAPCA\/kpds2007mayisarapca.pdf\">2007- Arap\u00e7a \u0130lkbahar<\/a><\/p>\n\n\n\n<p><a href=\"https:\/\/dokuman.osym.gov.tr\/pdfdokuman\/arsiv\/2008\/KPDS2008MAYIS\/ARAPCA\/kpds2008mayisarapca.pdf\">2008- Arap\u00e7a <\/a><\/p>\n\n\n\n<p><a href=\"https:\/\/www.osym.gov.tr\/Eklenti\/2385,kpds2009ilkbahararapcapdf.pdf?0\">2009- Arap\u00e7a May\u0131s<\/a><\/p>\n\n\n\n<p><a href=\"https:\/\/www.osym.gov.tr\/Eklenti\/2328,arapcapdf.pdf?0\">2011- Arap\u00e7a \u0130lkbahar<\/a><\/p>\n\n\n\n<p><a href=\"https:\/\/www.osym.gov.tr\/Eklenti\/2342,kpds20110201arapcamasterpdf.pdf?0\">2011- Arap\u00e7a Sonbahar<\/a><\/p>\n\n\n\n<p><\/p>\n","protected":false},"excerpt":{"rendered":"<p>2012- Arap\u00e7a \u0130lkbahar S\u0131nav\u0131 2007- Arap\u00e7a \u0130lkbahar 2008- Arap\u00e7a 2009- Arap\u00e7a May\u0131s 2011- Arap\u00e7a \u0130lkbahar 2011- Arap\u00e7a Sonbahar<\/p>\n","protected":false},"author":1,"featured_media":0,"parent":0,"menu_order":0,"comment_status":"closed","ping_status":"closed","template":"","meta":{"_bbp_topic_count":0,"_bbp_reply_count":0,"_bbp_total_topic_count":0,"_bbp_total_reply_count":0,"_bbp_voice_count":0,"_bbp_anonymous_reply_count":0,"_bbp_topic_count_hidden":0,"_bbp_reply_count_hidden":0,"_bbp_forum_subforum_count":0,"footnotes":""},"class_list":["post-19521","page","type-page","status-publish","hentry"],"jetpack_sharing_enabled":true,"jetpack_likes_enabled":true,"_links":{"self":[{"href":"https:\/\/arapca.com\/index.php\/wp-json\/wp\/v2\/pages\/19521","targetHints":{"allow":["GET"]}}],"collection":[{"href":"https:\/\/arapca.com\/index.php\/wp-json\/wp\/v2\/pages"}],"about":[{"href":"https:\/\/arapca.com\/index.php\/wp-json\/wp\/v2\/types\/page"}],"author":[{"embeddable":true,"href":"https:\/\/arapca.com\/index.php\/wp-json\/wp\/v2\/users\/1"}],"replies":[{"embeddable":true,"href":"https:\/\/arapca.com\/index.php\/wp-json\/wp\/v2\/comments?post=19521"}],"version-history":[{"count":1,"href":"https:\/\/arapca.com\/index.php\/wp-json\/wp\/v2\/pages\/19521\/revisions"}],"predecessor-version":[{"id":19523,"href":"https:\/\/arapca.com\/index.php\/wp-json\/wp\/v2\/pages\/19521\/revisions\/19523"}],"wp:attachment":[{"href":"https:\/\/arapca.com\/index.php\/wp-json\/wp\/v2\/media?parent=19521"}],"curies":[{"name":"wp","href":"https:\/\/api.w.org\/{rel}","templated":true}]}}