{"id":19511,"date":"2024-11-23T15:58:41","date_gmt":"2024-11-23T12:58:41","guid":{"rendered":"https:\/\/arapca.com\/?page_id=19511"},"modified":"2026-01-30T13:04:23","modified_gmt":"2026-01-30T10:04:23","slug":"arapca-yds-sinav-sorulari","status":"publish","type":"page","link":"https:\/\/arapca.com\/index.php\/arapca-testler\/arapca-yds-sinav-sorulari\/","title":{"rendered":"Arap\u00e7a YDS S\u0131nav Sorular\u0131"},"content":{"rendered":"\n<figure class=\"wp-block-image size-large\"><img decoding=\"async\" src=\"https:\/\/i0.wp.com\/arapca.com\/wp-content\/uploads\/2026\/01\/test1-1.jpg?w=600&amp;ssl=1\" alt=\"\"\/><\/figure>\n\n\n\n<p>(\u0130lkbahar ve Sonbahar D\u00f6nemleri)<\/p>\n\n\n\n<p><a href=\"https:\/\/dokuman.osym.gov.tr\/pdfdokuman\/2021\/YDS-1\/CS\/YDS1_arapca.pdf\">2021 Arap\u00e7a S\u0131nav Sorular\u0131<\/a> (18 Nisan)<\/p>\n\n\n\n<p><a href=\"https:\/\/dokuman.osym.gov.tr\/pdfdokuman\/2021\/YDS-2\/CS\/YDS2_arapca.pdf\">2021-2 Arap\u00e7a Dil S\u0131nav Sorular\u0131 <\/a>(10 Ekim)<\/p>\n\n\n\n<p><a href=\"https:\/\/dokuman.osym.gov.tr\/pdfdokuman\/2020\/YDS-1\/CS\/YDS1_arapca.pdf\">2020 YDS-1 Arap\u00e7a S\u0131nav Sorular\u0131<\/a><\/p>\n\n\n\n<p><a href=\"https:\/\/dokuman.osym.gov.tr\/pdfdokuman\/2019\/YDS-1\/CS\/YDS1_arapca.pdf\">2019 YDS-1 Arap\u00e7a S\u0131nav Sorular\u0131<\/a> (24 Mart)<\/p>\n\n\n\n<p><a href=\"https:\/\/dokuman.osym.gov.tr\/pdfdokuman\/2019\/YDS-2\/CS\/YDS2_arapca.pdf\">2019- YDS-2 Arap\u00e7a S\u0131nav Sorular\u0131 <\/a>(8 Eyl\u00fcl)<\/p>\n\n\n\n<p><a href=\"https:\/\/dokuman.osym.gov.tr\/pdfdokuman\/2018\/YDSILKBAHAR\/CS\/ARAPCA24072018.pdf\">2018-1 YDS Arap\u00e7a S\u0131nav Sorular\u0131<\/a> (1 Nisan)<\/p>\n\n\n\n<p><a href=\"https:\/\/dokuman.osym.gov.tr\/pdfdokuman\/2018\/YDSSONBAHAR\/CS\/yds_sonbahar_arapca12112019.pdf\">2018-2 YDS Arap\u00e7a S\u0131nav Sorular\u0131<\/a> (9 Eyl\u00fcl)<\/p>\n\n\n\n<p><a href=\"https:\/\/dokuman.osym.gov.tr\/pdfdokuman\/2017\/YDSILKBAHAR\/2017_YDS_Ilkbahar_Arapca.pdf\">2017-1 YDS Arap\u00e7a S\u0131nav Sorular\u0131<\/a> (2 Nisan)<\/p>\n\n\n\n<p><a href=\"https:\/\/dokuman.osym.gov.tr\/pdfdokuman\/2017\/YDSSONBAHAR\/2017_YDS_Sonbahar_Arapca.pdf\">2017-2 YDS Arap\u00e7a S\u0131nav Sorular\u0131<\/a> (17 Eyl\u00fcl)<\/p>\n\n\n\n<p><a href=\"https:\/\/arapca.com\/index.php\/2026\/01\/15\/yds-sinavi-paragraf-tamamlama-testi\/\">YDS Para\u011fraf Tamamlama Testi<\/a><\/p>\n\n\n\n<p><a href=\"https:\/\/arapca.com\/index.php\/arapca-testler\/arapca-yds-sinav-sorulari\/yds-metni-anlama-testi\/\">YDS Metin Anlama Testi<\/a><\/p>\n\n\n\n<p><\/p>\n","protected":false},"excerpt":{"rendered":"<p>(\u0130lkbahar ve Sonbahar D\u00f6nemleri) 2021 Arap\u00e7a S\u0131nav Sorular\u0131 (18 Nisan) 2021-2 Arap\u00e7a Dil S\u0131nav Sorular\u0131 (10 Ekim) 2020 YDS-1 Arap\u00e7a S\u0131nav Sorular\u0131 2019 YDS-1 Arap\u00e7a S\u0131nav Sorular\u0131 (24 Mart) 2019- YDS-2 Arap\u00e7a S\u0131nav Sorular\u0131 (8 Eyl\u00fcl) 2018-1 YDS Arap\u00e7a S\u0131nav &hellip; <\/p>\n","protected":false},"author":1,"featured_media":0,"parent":18795,"menu_order":0,"comment_status":"closed","ping_status":"closed","template":"","meta":{"_bbp_topic_count":0,"_bbp_reply_count":0,"_bbp_total_topic_count":0,"_bbp_total_reply_count":0,"_bbp_voice_count":0,"_bbp_anonymous_reply_count":0,"_bbp_topic_count_hidden":0,"_bbp_reply_count_hidden":0,"_bbp_forum_subforum_count":0,"footnotes":""},"class_list":["post-19511","page","type-page","status-publish","hentry"],"jetpack_sharing_enabled":true,"jetpack_likes_enabled":true,"_links":{"self":[{"href":"https:\/\/arapca.com\/index.php\/wp-json\/wp\/v2\/pages\/19511","targetHints":{"allow":["GET"]}}],"collection":[{"href":"https:\/\/arapca.com\/index.php\/wp-json\/wp\/v2\/pages"}],"about":[{"href":"https:\/\/arapca.com\/index.php\/wp-json\/wp\/v2\/types\/page"}],"author":[{"embeddable":true,"href":"https:\/\/arapca.com\/index.php\/wp-json\/wp\/v2\/users\/1"}],"replies":[{"embeddable":true,"href":"https:\/\/arapca.com\/index.php\/wp-json\/wp\/v2\/comments?post=19511"}],"version-history":[{"count":8,"href":"https:\/\/arapca.com\/index.php\/wp-json\/wp\/v2\/pages\/19511\/revisions"}],"predecessor-version":[{"id":24214,"href":"https:\/\/arapca.com\/index.php\/wp-json\/wp\/v2\/pages\/19511\/revisions\/24214"}],"up":[{"embeddable":true,"href":"https:\/\/arapca.com\/index.php\/wp-json\/wp\/v2\/pages\/18795"}],"wp:attachment":[{"href":"https:\/\/arapca.com\/index.php\/wp-json\/wp\/v2\/media?parent=19511"}],"curies":[{"name":"wp","href":"https:\/\/api.w.org\/{rel}","templated":true}]}}