{"id":19412,"date":"2024-11-21T09:39:36","date_gmt":"2024-11-21T06:39:36","guid":{"rendered":"https:\/\/arapca.com\/?page_id=19412"},"modified":"2024-11-22T12:46:09","modified_gmt":"2024-11-22T09:46:09","slug":"selamlasma-ve-hitaplar","status":"publish","type":"page","link":"https:\/\/arapca.com\/index.php\/kelime-kartlari\/selamlasma-ve-hitaplar\/","title":{"rendered":"Selamla\u015fma ve Hitaplar"},"content":{"rendered":"\n<p><code><div class=\"h5p-iframe-wrapper\"><iframe id=\"h5p-iframe-40\" class=\"h5p-iframe\" data-content-id=\"40\" style=\"height:1px\" src=\"about:blank\" frameBorder=\"0\" scrolling=\"no\" title=\"Arap\u00e7a 100 C\u00fcmle ve \u0130fade\"><\/iframe><\/div><\/code><br><\/p>\n\n\n\n<p>Sosyal hayatta en \u00e7ok kullan\u0131lan 100 (y\u00fcz) C\u00fcmle ve ifade.<\/p>\n\n\n\n<div class=\"wp-block-buttons is-layout-flex wp-block-buttons-is-layout-flex\">\n<div class=\"wp-block-button\"><a class=\"wp-block-button__link wp-element-button\" href=\"https:\/\/arapca.com\/index.php\/kelime-kartlari\/sosyal-hayatta-en-cok-kullanilan-100-yuz-cumle-ve-ifade\/\">100 C\u00fcmle<\/a><\/div>\n<\/div>\n\n\n\n<p><\/p>\n","protected":false},"excerpt":{"rendered":"<p>Sosyal hayatta en \u00e7ok kullan\u0131lan 100 (y\u00fcz) C\u00fcmle ve ifade.<\/p>\n","protected":false},"author":2,"featured_media":0,"parent":15918,"menu_order":0,"comment_status":"closed","ping_status":"closed","template":"","meta":{"_bbp_topic_count":0,"_bbp_reply_count":0,"_bbp_total_topic_count":0,"_bbp_total_reply_count":0,"_bbp_voice_count":0,"_bbp_anonymous_reply_count":0,"_bbp_topic_count_hidden":0,"_bbp_reply_count_hidden":0,"_bbp_forum_subforum_count":0,"advanced_seo_description":"","jetpack_seo_html_title":"","jetpack_seo_noindex":false,"footnotes":""},"class_list":["post-19412","page","type-page","status-publish","hentry"],"jetpack_sharing_enabled":true,"jetpack_likes_enabled":true,"_links":{"self":[{"href":"https:\/\/arapca.com\/index.php\/wp-json\/wp\/v2\/pages\/19412","targetHints":{"allow":["GET"]}}],"collection":[{"href":"https:\/\/arapca.com\/index.php\/wp-json\/wp\/v2\/pages"}],"about":[{"href":"https:\/\/arapca.com\/index.php\/wp-json\/wp\/v2\/types\/page"}],"author":[{"embeddable":true,"href":"https:\/\/arapca.com\/index.php\/wp-json\/wp\/v2\/users\/2"}],"replies":[{"embeddable":true,"href":"https:\/\/arapca.com\/index.php\/wp-json\/wp\/v2\/comments?post=19412"}],"version-history":[{"count":3,"href":"https:\/\/arapca.com\/index.php\/wp-json\/wp\/v2\/pages\/19412\/revisions"}],"predecessor-version":[{"id":19474,"href":"https:\/\/arapca.com\/index.php\/wp-json\/wp\/v2\/pages\/19412\/revisions\/19474"}],"up":[{"embeddable":true,"href":"https:\/\/arapca.com\/index.php\/wp-json\/wp\/v2\/pages\/15918"}],"wp:attachment":[{"href":"https:\/\/arapca.com\/index.php\/wp-json\/wp\/v2\/media?parent=19412"}],"curies":[{"name":"wp","href":"https:\/\/api.w.org\/{rel}","templated":true}]}}