{"id":19397,"date":"2024-11-18T22:08:42","date_gmt":"2024-11-18T19:08:42","guid":{"rendered":"https:\/\/arapca.com\/?page_id=19397"},"modified":"2024-11-21T12:14:51","modified_gmt":"2024-11-21T09:14:51","slug":"endonezya-dunu-bugunu","status":"publish","type":"page","link":"https:\/\/arapca.com\/index.php\/arapca-metinler\/endonezya-dunu-bugunu\/","title":{"rendered":"Endonezya D\u00fcn\u00fc Bug\u00fcn\u00fc"},"content":{"rendered":"\n<p><code><div class=\"h5p-iframe-wrapper\"><iframe id=\"h5p-iframe-37\" class=\"h5p-iframe\" data-content-id=\"37\" style=\"height:1px\" src=\"about:blank\" frameBorder=\"0\" scrolling=\"no\" title=\"Endonezya D\u00fcn\u00fc ve Bug\u00fcn\u00fc\"><\/iframe><\/div><\/code><br><\/p>\n\n\n\n<figure class=\"wp-block-image size-full is-resized\"><img data-recalc-dims=\"1\" loading=\"lazy\" decoding=\"async\" width=\"490\" height=\"490\" src=\"https:\/\/i0.wp.com\/arapca.com\/wp-content\/uploads\/2024\/11\/image-11.png?resize=490%2C490&#038;ssl=1\" alt=\"\" class=\"wp-image-19432\" style=\"width:227px;height:auto\" srcset=\"https:\/\/i0.wp.com\/arapca.com\/wp-content\/uploads\/2024\/11\/image-11.png?w=490&amp;ssl=1 490w, https:\/\/i0.wp.com\/arapca.com\/wp-content\/uploads\/2024\/11\/image-11.png?resize=300%2C300&amp;ssl=1 300w, https:\/\/i0.wp.com\/arapca.com\/wp-content\/uploads\/2024\/11\/image-11.png?resize=150%2C150&amp;ssl=1 150w, https:\/\/i0.wp.com\/arapca.com\/wp-content\/uploads\/2024\/11\/image-11.png?resize=100%2C100&amp;ssl=1 100w\" sizes=\"auto, (max-width: 490px) 100vw, 490px\" \/><\/figure>\n","protected":false},"excerpt":{"rendered":"","protected":false},"author":2,"featured_media":0,"parent":15799,"menu_order":0,"comment_status":"closed","ping_status":"closed","template":"","meta":{"_bbp_topic_count":0,"_bbp_reply_count":0,"_bbp_total_topic_count":0,"_bbp_total_reply_count":0,"_bbp_voice_count":0,"_bbp_anonymous_reply_count":0,"_bbp_topic_count_hidden":0,"_bbp_reply_count_hidden":0,"_bbp_forum_subforum_count":0,"advanced_seo_description":"","jetpack_seo_html_title":"","jetpack_seo_noindex":false,"footnotes":""},"class_list":["post-19397","page","type-page","status-publish","hentry"],"jetpack_sharing_enabled":true,"jetpack_likes_enabled":true,"_links":{"self":[{"href":"https:\/\/arapca.com\/index.php\/wp-json\/wp\/v2\/pages\/19397","targetHints":{"allow":["GET"]}}],"collection":[{"href":"https:\/\/arapca.com\/index.php\/wp-json\/wp\/v2\/pages"}],"about":[{"href":"https:\/\/arapca.com\/index.php\/wp-json\/wp\/v2\/types\/page"}],"author":[{"embeddable":true,"href":"https:\/\/arapca.com\/index.php\/wp-json\/wp\/v2\/users\/2"}],"replies":[{"embeddable":true,"href":"https:\/\/arapca.com\/index.php\/wp-json\/wp\/v2\/comments?post=19397"}],"version-history":[{"count":3,"href":"https:\/\/arapca.com\/index.php\/wp-json\/wp\/v2\/pages\/19397\/revisions"}],"predecessor-version":[{"id":19434,"href":"https:\/\/arapca.com\/index.php\/wp-json\/wp\/v2\/pages\/19397\/revisions\/19434"}],"up":[{"embeddable":true,"href":"https:\/\/arapca.com\/index.php\/wp-json\/wp\/v2\/pages\/15799"}],"wp:attachment":[{"href":"https:\/\/arapca.com\/index.php\/wp-json\/wp\/v2\/media?parent=19397"}],"curies":[{"name":"wp","href":"https:\/\/api.w.org\/{rel}","templated":true}]}}