{"id":19372,"date":"2024-11-16T15:43:19","date_gmt":"2024-11-16T12:43:19","guid":{"rendered":"https:\/\/arapca.com\/?page_id=19372"},"modified":"2025-07-21T09:52:14","modified_gmt":"2025-07-21T06:52:14","slug":"a1-hikayeler","status":"publish","type":"page","link":"https:\/\/arapca.com\/index.php\/hikayeler\/a1-hikayeler\/","title":{"rendered":"A1 Hikayeler"},"content":{"rendered":"\n<figure class=\"wp-block-image size-full is-resized\"><img data-recalc-dims=\"1\" loading=\"lazy\" decoding=\"async\" width=\"337\" height=\"337\" src=\"https:\/\/i0.wp.com\/arapca.com\/wp-content\/uploads\/2024\/11\/image-10.png?resize=337%2C337&#038;ssl=1\" alt=\"\" class=\"wp-image-19375\" style=\"width:109px;height:auto\" srcset=\"https:\/\/i0.wp.com\/arapca.com\/wp-content\/uploads\/2024\/11\/image-10.png?w=337&amp;ssl=1 337w, https:\/\/i0.wp.com\/arapca.com\/wp-content\/uploads\/2024\/11\/image-10.png?resize=300%2C300&amp;ssl=1 300w, https:\/\/i0.wp.com\/arapca.com\/wp-content\/uploads\/2024\/11\/image-10.png?resize=150%2C150&amp;ssl=1 150w, https:\/\/i0.wp.com\/arapca.com\/wp-content\/uploads\/2024\/11\/image-10.png?resize=100%2C100&amp;ssl=1 100w\" sizes=\"auto, (max-width: 337px) 100vw, 337px\" \/><\/figure>\n\n\n<h1 style=\"text-align: center;\"><strong>A1 D\u00dcZEY\u0130NDE H\u0130KAYELER<\/strong><\/h1>\n<div class=\"wp-block-buttons\">\u00a0<\/div>\n\n\n<p class=\"has-text-color has-link-color has-large-font-size wp-elements-b1128bb6103e9cd462ca4a25e8b35750\" style=\"color:#ff0101\"><\/p>\n\n\n\n<div class=\"wp-block-jetpack-tiled-gallery aligncenter is-style-rectangular\"><div class=\"\"><div class=\"tiled-gallery__gallery\"><div class=\"tiled-gallery__row\"><div class=\"tiled-gallery__col\" style=\"flex-basis:61.10032%\"><figure class=\"tiled-gallery__item\"><img decoding=\"async\" srcset=\"https:\/\/i0.wp.com\/arapca.com\/wp-content\/uploads\/2025\/03\/parkta.jpg?strip=info&#038;w=600&#038;ssl=1 600w,https:\/\/i0.wp.com\/arapca.com\/wp-content\/uploads\/2025\/03\/parkta.jpg?strip=info&#038;w=719&#038;ssl=1 719w\" alt=\"\" data-height=\"719\" data-id=\"22510\" data-link=\"https:\/\/arapca.com\/parkta\/\" data-url=\"https:\/\/arapca.com\/wp-content\/uploads\/2025\/03\/parkta.jpg\" data-width=\"719\" src=\"https:\/\/i0.wp.com\/arapca.com\/wp-content\/uploads\/2025\/03\/parkta.jpg?ssl=1\" data-amp-layout=\"responsive\"\/><\/figure><\/div><div class=\"tiled-gallery__col\" style=\"flex-basis:38.89968%\"><figure class=\"tiled-gallery__item\"><img decoding=\"async\" srcset=\"https:\/\/i0.wp.com\/arapca.com\/wp-content\/uploads\/2025\/03\/ikikiz.jpg?strip=info&#038;w=600&#038;ssl=1 600w,https:\/\/i0.wp.com\/arapca.com\/wp-content\/uploads\/2025\/03\/ikikiz.jpg?strip=info&#038;w=721&#038;ssl=1 721w\" alt=\"\" data-height=\"720\" data-id=\"22513\" data-link=\"https:\/\/arapca.com\/ikikiz\/\" data-url=\"https:\/\/arapca.com\/wp-content\/uploads\/2025\/03\/ikikiz.jpg\" data-width=\"721\" src=\"https:\/\/i0.wp.com\/arapca.com\/wp-content\/uploads\/2025\/03\/ikikiz.jpg?ssl=1\" data-amp-layout=\"responsive\"\/><\/figure><figure class=\"tiled-gallery__item\"><img decoding=\"async\" srcset=\"https:\/\/i0.wp.com\/arapca.com\/wp-content\/uploads\/2025\/03\/ibn-battuta.jpg?strip=info&#038;w=600&#038;ssl=1 600w,https:\/\/i0.wp.com\/arapca.com\/wp-content\/uploads\/2025\/03\/ibn-battuta.jpg?strip=info&#038;w=798&#038;ssl=1 798w\" alt=\"\" data-height=\"450\" data-id=\"22361\" data-link=\"https:\/\/arapca.com\/index.php\/arapca-metinler\/tarihi-metinler\/ibn-battuta\/\" data-url=\"https:\/\/arapca.com\/wp-content\/uploads\/2025\/03\/ibn-battuta.jpg\" data-width=\"798\" src=\"https:\/\/i0.wp.com\/arapca.com\/wp-content\/uploads\/2025\/03\/ibn-battuta.jpg?ssl=1\" data-amp-layout=\"responsive\"\/><\/figure><\/div><\/div><\/div><\/div><\/div>\n\n\n\n<div class=\"wp-block-buttons is-layout-flex wp-block-buttons-is-layout-flex\">\n<div class=\"wp-block-button has-custom-width wp-block-button__width-50\"><a class=\"wp-block-button__link wp-element-button\" href=\"https:\/\/arapca.com\/index.php\/hikayeler\/a1-hikayeler\/a1-hikaye-ahmetin-evi\/\">Ahmet&#8217;in Evi<\/a><\/div>\n\n\n\n<div class=\"wp-block-button has-custom-width wp-block-button__width-50\"><a class=\"wp-block-button__link wp-element-button\" href=\"https:\/\/arapca.com\/index.php\/a1-hikayeler\/alinin-sabahi\/\">Ali&#8217;nin Sabah\u0131<\/a><\/div>\n<\/div>\n\n\n\n<hr class=\"wp-block-separator has-alpha-channel-opacity\"\/>\n\n\n\n<div class=\"wp-block-buttons is-layout-flex wp-block-buttons-is-layout-flex\">\n<div class=\"wp-block-button has-custom-width wp-block-button__width-50\"><a class=\"wp-block-button__link wp-element-button\" href=\"https:\/\/arapca.com\/index.php\/2023\/10\/21\/ahmet-ve-okulu\/\">Ahmet&#8217;in Okulu<\/a><\/div>\n\n\n\n<div class=\"wp-block-button has-custom-width wp-block-button__width-50\"><a class=\"wp-block-button__link wp-element-button\" href=\"https:\/\/arapca.com\/index.php\/hikayeler\/a1-hikayeler\/a1-hikaye-carsida\/\">Zeynep \u00c7ar\u015f\u0131da<\/a><\/div>\n<\/div>\n\n\n\n<hr class=\"wp-block-separator has-alpha-channel-opacity\"\/>\n\n\n\n<div class=\"wp-block-buttons is-layout-flex wp-block-buttons-is-layout-flex\">\n<div class=\"wp-block-button has-custom-width wp-block-button__width-50\"><a class=\"wp-block-button__link wp-element-button\" href=\"https:\/\/arapca.com\/index.php\/fatma-ve-cicekler\/\">Fatma ve \u00c7i\u00e7ekler<\/a><\/div>\n\n\n\n<div class=\"wp-block-button has-custom-width wp-block-button__width-50\"><a class=\"wp-block-button__link wp-element-button\" href=\"https:\/\/arapca.com\/index.php\/a1-hikayeler\/a1-hikaye-buyuk-kucuk\/\">B\u00fcy\u00fck &#8211; K\u00fc\u00e7\u00fck<\/a><\/div>\n<\/div>\n\n\n\n<hr class=\"wp-block-separator has-alpha-channel-opacity\"\/>\n\n\n\n<div class=\"wp-block-buttons is-layout-flex wp-block-buttons-is-layout-flex\">\n<div class=\"wp-block-button has-custom-width wp-block-button__width-50\"><a class=\"wp-block-button__link has-title-background-color has-background wp-element-button\" href=\"https:\/\/arapca.com\/index.php\/selimin-kitaplari\/\">Selim&#8217;in Kitaplar\u0131<\/a><\/div>\n\n\n\n<div class=\"wp-block-button has-custom-width wp-block-button__width-50\"><a class=\"wp-block-button__link has-title-background-color has-background wp-element-button\" href=\"https:\/\/arapca.com\/index.php\/a1-hikaye-pazar-gunu\/\">Pazar G\u00fcn\u00fc<\/a><\/div>\n<\/div>\n\n\n\n<hr class=\"wp-block-separator has-alpha-channel-opacity\"\/>\n\n\n\n<div class=\"wp-block-buttons is-layout-flex wp-block-buttons-is-layout-flex\">\n<div class=\"wp-block-button has-custom-width wp-block-button__width-50\"><a class=\"wp-block-button__link wp-element-button\" href=\"https:\/\/arapca.com\/index.php\/hikayeler\/a1-hikayeler\/kemalin-ailesi\/\">Kemal&#8217;in Ailesi<\/a><\/div>\n\n\n\n<div class=\"wp-block-button has-custom-width wp-block-button__width-50\"><a class=\"wp-block-button__link wp-element-button\" href=\"https:\/\/arapca.com\/index.php\/2025\/04\/22\/a1-hikaye-cemil-hayvanat-bahcesinde\/\">Cemil Hayvanat Bah\u00e7esinde<\/a><\/div>\n<\/div>\n\n\n\n<p class=\"has-text-color has-link-color has-large-font-size wp-elements-40e83ac9df25de2d2c98c77303ebd79b\" style=\"color:#f60505\"><\/p>\n\n\n\n<hr class=\"wp-block-separator has-alpha-channel-opacity\"\/>\n\n\n\n<div class=\"wp-block-buttons is-layout-flex wp-block-buttons-is-layout-flex\">\n<div class=\"wp-block-button has-custom-width wp-block-button__width-50\"><a class=\"wp-block-button__link wp-element-button\" href=\"https:\/\/arapca.com\/index.php\/hikayeler\/a1-hikayeler\/a1-hikaye-leyla-ve-kedi\/\">Leyla ve Kedi<\/a><\/div>\n\n\n\n<div class=\"wp-block-button has-custom-width wp-block-button__width-50\"><a class=\"wp-block-button__link wp-element-button\" href=\"https:\/\/arapca.com\/index.php\/a1-hikayeler\/aysenin-cantasi\/\">Ay\u015fe&#8217;nin \u00c7antas\u0131<\/a><\/div>\n<\/div>\n\n\n\n<hr class=\"wp-block-separator has-alpha-channel-opacity\"\/>\n\n\n\n<div class=\"wp-block-buttons is-layout-flex wp-block-buttons-is-layout-flex\">\n<div class=\"wp-block-button has-custom-width wp-block-button__width-50\"><a class=\"wp-block-button__link wp-element-button\" href=\"https:\/\/arapca.com\/index.php\/a1-hikayeler-yaz-tatili\/\">Yaz Tatili<\/a><\/div>\n\n\n\n<div class=\"wp-block-button has-custom-width wp-block-button__width-50\"><a class=\"wp-block-button__link wp-element-button\" href=\"https:\/\/archive.org\/details\/arbchky\/1._kitap\/\">Ceylan<\/a><\/div>\n<\/div>\n\n\n\n<hr class=\"wp-block-separator has-alpha-channel-opacity\"\/>\n\n\n\n<div class=\"wp-block-buttons is-layout-flex wp-block-buttons-is-layout-flex\">\n<div class=\"wp-block-button has-custom-width wp-block-button__width-50\"><a class=\"wp-block-button__link wp-element-button\" href=\"https:\/\/arapca.com\/index.php\/2025\/05\/14\/meryem-dilleri-taniyor\/\">Meryem \u00dclke ve Dilleri Tan\u0131yor<\/a><\/div>\n<\/div>\n\n\n\n<hr class=\"wp-block-separator has-alpha-channel-opacity is-style-dots\"\/>\n\n\n\n<p><a href=\"https:\/\/archive.org\/details\/arbchky\/1._kitap\/\"><strong>Pdf Hikaye Kitaplar\u0131<\/strong> (Archiv.org)<\/a><\/p>\n\n\n\n<div class=\"wp-block-buttons is-layout-flex wp-block-buttons-is-layout-flex\">\n<div class=\"wp-block-button has-custom-width wp-block-button__width-50\"><a class=\"wp-block-button__link has-title-background-color has-background wp-element-button\" href=\"https:\/\/archive.org\/details\/arbchky\/3._kitap\/\">Tilki<\/a><\/div>\n\n\n\n<div class=\"wp-block-button has-custom-width wp-block-button__width-50\"><a class=\"wp-block-button__link has-title-background-color has-background wp-element-button\" href=\"https:\/\/archive.org\/details\/arbchky\/8._kitap\/\">M\u0131s\u0131rl\u0131 \u00c7ift\u00e7i<\/a><\/div>\n<\/div>\n\n\n\n<hr class=\"wp-block-separator has-alpha-channel-opacity\"\/>\n\n\n\n<div class=\"wp-block-buttons is-layout-flex wp-block-buttons-is-layout-flex\">\n<div class=\"wp-block-button has-custom-width wp-block-button__width-50\"><a class=\"wp-block-button__link wp-element-button\" href=\"https:\/\/archive.org\/details\/arbchky\/9._kitap\/mode\/2up\">Ahmet Ma\u011farada<\/a><\/div>\n\n\n<\/div>\n\n\n\n<hr class=\"wp-block-separator has-alpha-channel-opacity\"\/>\n\n\n\n<div class=\"wp-block-buttons is-layout-flex wp-block-buttons-is-layout-flex\">\n\n\n\n<\/div>\n\n\n\n<p><\/p>\n\n\n\n<p><strong>Youtube Video Hikaye ve Okumalar<\/strong><\/p>\n\n\n\n<div class=\"wp-block-buttons is-layout-flex wp-block-buttons-is-layout-flex\">\n<div class=\"wp-block-button has-custom-width wp-block-button__width-50\"><a class=\"wp-block-button__link wp-element-button\" href=\"https:\/\/arapca.com\/index.php\/arapca-hikayeler\/abdullah-okulda\/\">Abdullah Okulda<\/a><\/div>\n\n\n\n<div class=\"wp-block-button has-custom-width wp-block-button__width-50\"><a class=\"wp-block-button__link wp-element-button\" href=\"https:\/\/arapca.com\/index.php\/hikayeler\/a1-hikayeler\/ben-ve-kardesim\/\">Ben ve Karde\u015fim<\/a><\/div>\n<\/div>\n\n\n\n<p><\/p>\n\n\n\n<hr class=\"wp-block-separator has-alpha-channel-opacity\"\/>\n\n\n\n<div class=\"wp-block-buttons is-layout-flex wp-block-buttons-is-layout-flex\">\n<div class=\"wp-block-button has-custom-width wp-block-button__width-100\"><a class=\"wp-block-button__link has-primary-background-color has-background wp-element-button\" href=\"https:\/\/arapca.com\/index.php\/hikayeler\/a2-duzeyinde-arapca-hikayeler\/\">A2 D\u00dcZEY\u0130NDE H\u0130KAYELER<\/a><\/div>\n\n\n\n<div class=\"wp-block-button has-custom-width wp-block-button__width-100\"><a class=\"wp-block-button__link has-background wp-element-button\" href=\"https:\/\/arapca.com\/index.php\/hikayeler\/b1-duzeyinde-hikayeler\/\" style=\"background-color:#ff3209\">B1 D\u00dcZEY\u0130NDE H\u0130KAYELER<\/a><\/div>\n\n\n\n<div class=\"wp-block-button has-custom-width wp-block-button__width-100\"><a class=\"wp-block-button__link has-background wp-element-button\" href=\"https:\/\/arapca.com\/index.php\/b2-hikayeler\/\" style=\"background-color:#6d3030\">B2 D\u00dcZEY\u0130NDE H\u0130KAYELER<\/a><\/div>\n\n\n\n<div class=\"wp-block-button has-custom-width wp-block-button__width-100\"><a class=\"wp-block-button__link has-luminous-vivid-amber-background-color has-background wp-element-button\" href=\"https:\/\/arapca.com\/index.php\/a1-arapca-hikayeler\/c1-duzeyinde-hikayeler\/\">C1 D\u00dcZEY\u0130NDE H\u0130KAYELER<\/a><\/div>\n\n\n\n<div class=\"wp-block-button has-custom-width wp-block-button__width-100\"><a class=\"wp-block-button__link has-vivid-cyan-blue-background-color has-background wp-element-button\" href=\"https:\/\/arapca.com\/index.php\/a1-arapca-hikayeler\/c2-duzeyinde-hikayeler\/\">C2 D\u00dcZEY\u0130NDE H\u0130KAYELER<\/a><\/div>\n<\/div>\n\n\n\n<p><\/p>\n","protected":false},"excerpt":{"rendered":"<p>A1 D\u00dcZEY\u0130NDE H\u0130KAYELER \u00a0 Pdf Hikaye Kitaplar\u0131 (Archiv.org) Youtube Video Hikaye ve Okumalar<\/p>\n","protected":false},"author":1,"featured_media":0,"parent":17587,"menu_order":0,"comment_status":"closed","ping_status":"closed","template":"","meta":{"_bbp_topic_count":0,"_bbp_reply_count":0,"_bbp_total_topic_count":0,"_bbp_total_reply_count":0,"_bbp_voice_count":0,"_bbp_anonymous_reply_count":0,"_bbp_topic_count_hidden":0,"_bbp_reply_count_hidden":0,"_bbp_forum_subforum_count":0,"footnotes":""},"class_list":["post-19372","page","type-page","status-publish","hentry"],"jetpack_sharing_enabled":true,"jetpack_likes_enabled":true,"_links":{"self":[{"href":"https:\/\/arapca.com\/index.php\/wp-json\/wp\/v2\/pages\/19372","targetHints":{"allow":["GET"]}}],"collection":[{"href":"https:\/\/arapca.com\/index.php\/wp-json\/wp\/v2\/pages"}],"about":[{"href":"https:\/\/arapca.com\/index.php\/wp-json\/wp\/v2\/types\/page"}],"author":[{"embeddable":true,"href":"https:\/\/arapca.com\/index.php\/wp-json\/wp\/v2\/users\/1"}],"replies":[{"embeddable":true,"href":"https:\/\/arapca.com\/index.php\/wp-json\/wp\/v2\/comments?post=19372"}],"version-history":[{"count":48,"href":"https:\/\/arapca.com\/index.php\/wp-json\/wp\/v2\/pages\/19372\/revisions"}],"predecessor-version":[{"id":23720,"href":"https:\/\/arapca.com\/index.php\/wp-json\/wp\/v2\/pages\/19372\/revisions\/23720"}],"up":[{"embeddable":true,"href":"https:\/\/arapca.com\/index.php\/wp-json\/wp\/v2\/pages\/17587"}],"wp:attachment":[{"href":"https:\/\/arapca.com\/index.php\/wp-json\/wp\/v2\/media?parent=19372"}],"curies":[{"name":"wp","href":"https:\/\/api.w.org\/{rel}","templated":true}]}}