{"id":19367,"date":"2024-11-16T07:28:09","date_gmt":"2024-11-16T04:28:09","guid":{"rendered":"https:\/\/arapca.com\/?page_id=19367"},"modified":"2024-11-16T07:28:12","modified_gmt":"2024-11-16T04:28:12","slug":"kirmizi-baslikli-kiz","status":"publish","type":"page","link":"https:\/\/arapca.com\/index.php\/kirmizi-baslikli-kiz\/","title":{"rendered":"K\u0131rm\u0131z\u0131 Ba\u015fl\u0131kl\u0131 K\u0131z"},"content":{"rendered":"\n<p><code><div class=\"h5p-iframe-wrapper\"><iframe id=\"h5p-iframe-34\" class=\"h5p-iframe\" data-content-id=\"34\" style=\"height:1px\" src=\"about:blank\" frameBorder=\"0\" scrolling=\"no\" title=\"K\u0131rm\u0131z\u0131 Ba\u015fl\u0131kl\u0131 K\u0131z\"><\/iframe><\/div><\/code><br><\/p>\n","protected":false},"excerpt":{"rendered":"","protected":false},"author":1,"featured_media":0,"parent":0,"menu_order":0,"comment_status":"closed","ping_status":"closed","template":"","meta":{"_bbp_topic_count":0,"_bbp_reply_count":0,"_bbp_total_topic_count":0,"_bbp_total_reply_count":0,"_bbp_voice_count":0,"_bbp_anonymous_reply_count":0,"_bbp_topic_count_hidden":0,"_bbp_reply_count_hidden":0,"_bbp_forum_subforum_count":0,"footnotes":""},"class_list":["post-19367","page","type-page","status-publish","hentry"],"jetpack_sharing_enabled":true,"jetpack_likes_enabled":true,"_links":{"self":[{"href":"https:\/\/arapca.com\/index.php\/wp-json\/wp\/v2\/pages\/19367","targetHints":{"allow":["GET"]}}],"collection":[{"href":"https:\/\/arapca.com\/index.php\/wp-json\/wp\/v2\/pages"}],"about":[{"href":"https:\/\/arapca.com\/index.php\/wp-json\/wp\/v2\/types\/page"}],"author":[{"embeddable":true,"href":"https:\/\/arapca.com\/index.php\/wp-json\/wp\/v2\/users\/1"}],"replies":[{"embeddable":true,"href":"https:\/\/arapca.com\/index.php\/wp-json\/wp\/v2\/comments?post=19367"}],"version-history":[{"count":1,"href":"https:\/\/arapca.com\/index.php\/wp-json\/wp\/v2\/pages\/19367\/revisions"}],"predecessor-version":[{"id":19369,"href":"https:\/\/arapca.com\/index.php\/wp-json\/wp\/v2\/pages\/19367\/revisions\/19369"}],"wp:attachment":[{"href":"https:\/\/arapca.com\/index.php\/wp-json\/wp\/v2\/media?parent=19367"}],"curies":[{"name":"wp","href":"https:\/\/api.w.org\/{rel}","templated":true}]}}