{"id":19346,"date":"2024-11-15T13:14:00","date_gmt":"2024-11-15T10:14:00","guid":{"rendered":"https:\/\/arapca.com\/?page_id=19346"},"modified":"2025-12-30T19:56:13","modified_gmt":"2025-12-30T16:56:13","slug":"b1-duzeyinde-hikayeler","status":"publish","type":"page","link":"https:\/\/arapca.com\/index.php\/hikayeler\/b1-duzeyinde-hikayeler\/","title":{"rendered":"B1 D\u00fczeyinde Hikayeler"},"content":{"rendered":"\n<div class=\"wp-block-buttons is-layout-flex wp-block-buttons-is-layout-flex\">\n<div class=\"wp-block-button has-custom-width wp-block-button__width-100\"><a class=\"wp-block-button__link wp-element-button\" href=\"https:\/\/arapca.com\/index.php\/hayatta-en-buyuk-zenginlik-sagliktir\/\">Hayatta En B\u00fcy\u00fck Zenginlik: Sa\u011fl\u0131k<\/a><\/div>\n<\/div>\n\n\n\n<figure class=\"wp-block-image size-large is-resized\"><a href=\"https:\/\/arapca.com\/index.php\/hayatta-en-buyuk-zenginlik-sagliktir\/\"><img data-recalc-dims=\"1\" loading=\"lazy\" decoding=\"async\" width=\"640\" height=\"427\" src=\"https:\/\/i0.wp.com\/arapca.com\/wp-content\/uploads\/2024\/11\/hastanedeyatan-adam.jpg?resize=640%2C427&#038;ssl=1\" alt=\"\" class=\"wp-image-19552\" style=\"width:444px;height:auto\" srcset=\"https:\/\/i0.wp.com\/arapca.com\/wp-content\/uploads\/2024\/11\/hastanedeyatan-adam.jpg?resize=1024%2C683&amp;ssl=1 1024w, https:\/\/i0.wp.com\/arapca.com\/wp-content\/uploads\/2024\/11\/hastanedeyatan-adam.jpg?resize=300%2C200&amp;ssl=1 300w, https:\/\/i0.wp.com\/arapca.com\/wp-content\/uploads\/2024\/11\/hastanedeyatan-adam.jpg?resize=768%2C512&amp;ssl=1 768w, https:\/\/i0.wp.com\/arapca.com\/wp-content\/uploads\/2024\/11\/hastanedeyatan-adam.jpg?resize=600%2C400&amp;ssl=1 600w, https:\/\/i0.wp.com\/arapca.com\/wp-content\/uploads\/2024\/11\/hastanedeyatan-adam.jpg?w=1500&amp;ssl=1 1500w, https:\/\/i0.wp.com\/arapca.com\/wp-content\/uploads\/2024\/11\/hastanedeyatan-adam.jpg?w=1280&amp;ssl=1 1280w\" sizes=\"auto, (max-width: 640px) 100vw, 640px\" \/><\/a><\/figure>\n\n\n\n<figure class=\"wp-block-image size-large\"><a href=\"https:\/\/arapca.com\/index.php\/2025\/12\/30\/golgeler-sehri\/\"><img data-recalc-dims=\"1\" loading=\"lazy\" decoding=\"async\" width=\"640\" height=\"960\" src=\"https:\/\/i0.wp.com\/arapca.com\/wp-content\/uploads\/2025\/12\/medinetuzzilal.png?resize=640%2C960&#038;ssl=1\" alt=\"\" class=\"wp-image-24122\" srcset=\"https:\/\/i0.wp.com\/arapca.com\/wp-content\/uploads\/2025\/12\/medinetuzzilal.png?resize=683%2C1024&amp;ssl=1 683w, https:\/\/i0.wp.com\/arapca.com\/wp-content\/uploads\/2025\/12\/medinetuzzilal.png?resize=200%2C300&amp;ssl=1 200w, https:\/\/i0.wp.com\/arapca.com\/wp-content\/uploads\/2025\/12\/medinetuzzilal.png?resize=768%2C1152&amp;ssl=1 768w, https:\/\/i0.wp.com\/arapca.com\/wp-content\/uploads\/2025\/12\/medinetuzzilal.png?resize=600%2C900&amp;ssl=1 600w, https:\/\/i0.wp.com\/arapca.com\/wp-content\/uploads\/2025\/12\/medinetuzzilal.png?w=1024&amp;ssl=1 1024w\" sizes=\"auto, (max-width: 640px) 100vw, 640px\" \/><\/a><\/figure>\n\n\n\n<ul class=\"wp-block-list\">\n<li class=\"has-large-font-size\"><strong><a href=\"https:\/\/arapca.com\/index.php\/2025\/12\/30\/golgeler-sehri\/\">G\u00f6lgeler \u015eehri<\/a><\/strong><\/li>\n<\/ul>\n\n\n\n<div class=\"wp-block-buttons is-layout-flex wp-block-buttons-is-layout-flex\">\n<div class=\"wp-block-button has-custom-width wp-block-button__width-100\"><a class=\"wp-block-button__link wp-element-button\" href=\"https:\/\/arapca.com\/index.php\/orman-cocuklari\/\">Orman \u00c7ocuklar\u0131 \u2013 \u0623\u0637\u0641\u0627\u0644 \u0627\u0644\u063a\u0627\u0628\u0629<\/a><\/div>\n<\/div>\n\n\n\n<figure class=\"wp-block-image\"><a href=\"https:\/\/arapca.com\/index.php\/orman-cocuklari\/\"><img decoding=\"async\" src=\"https:\/\/i0.wp.com\/arapca.com\/wp-content\/uploads\/2023\/10\/ormancocuklari-1.jpg?w=640&amp;ssl=1\" alt=\"Bu g\u00f6rsel bo\u015f bir alt niteli\u011fe sahip; dosya ad\u0131 ormancocuklari-1.jpg\"\/><\/a><\/figure>\n\n\n\n<div class=\"wp-block-buttons is-layout-flex wp-block-buttons-is-layout-flex\">\n<div class=\"wp-block-button has-custom-width wp-block-button__width-100\"><a class=\"wp-block-button__link wp-element-button\" href=\"https:\/\/arapca.com\/index.php\/arapca-hikayeler\/yaban-kugulari\/\">Yaban Ku\u011fular\u0131 \u2013 \u0627\u0644\u0628\u064e\u062c\u064e\u0639\u0627\u062a \u0627\u0644\u0645\u062a\u0648\u064e\u062d\u0634\u0627\u062a<\/a><\/div>\n<\/div>\n\n\n\n<figure class=\"wp-block-image\"><a href=\"https:\/\/arapca.com\/index.php\/arapca-hikayeler\/yaban-kugulari\/\"><img loading=\"lazy\" decoding=\"async\" width=\"212\" height=\"237\" src=\"https:\/\/i0.wp.com\/arapca.com\/wp-content\/uploads\/2023\/10\/yabankugulari-k-4.jpg?resize=212%2C237&amp;ssl=1\" alt=\"\" class=\"wp-image-17346\"\/><\/a><\/figure>\n\n\n\n<div class=\"wp-block-buttons is-layout-flex wp-block-buttons-is-layout-flex\">\n<div class=\"wp-block-button has-custom-width wp-block-button__width-100\"><a class=\"wp-block-button__link wp-element-button\" href=\"https:\/\/arapca.com\/index.php\/arapca-hikayeler\/alis-harikalar-diyarinda\/\">Alis Harikalar Diyar\u0131nda \u2013 \u0623\u0644\u064a\u0633 \u0641\u064a \u0628\u0644\u0627\u062f \u0627\u0644\u0639\u062c\u0627\u0626\u0628<\/a><\/div>\n<\/div>\n\n\n\n<figure class=\"wp-block-image\"><a href=\"https:\/\/arapca.com\/index.php\/arapca-hikayeler\/alis-harikalar-diyarinda\/\"><img loading=\"lazy\" decoding=\"async\" width=\"529\" height=\"501\" src=\"https:\/\/i0.wp.com\/arapca.com\/wp-content\/uploads\/2023\/10\/alis-1.jpg?resize=529%2C501&amp;ssl=1\" alt=\"\" class=\"wp-image-17005\" srcset=\"https:\/\/i0.wp.com\/arapca.com\/wp-content\/uploads\/2023\/10\/alis-1.jpg?w=529&amp;ssl=1 529w, https:\/\/i0.wp.com\/arapca.com\/wp-content\/uploads\/2023\/10\/alis-1.jpg?resize=300%2C284&amp;ssl=1 300w\" sizes=\"auto, (max-width: 529px) 100vw, 529px\" \/><\/a><\/figure>\n\n\n\n<div class=\"wp-block-buttons is-layout-flex wp-block-buttons-is-layout-flex\">\n<div class=\"wp-block-button has-custom-width wp-block-button__width-100\"><a class=\"wp-block-button__link wp-element-button\" href=\"https:\/\/arapca.com\/index.php\/arapca-hikayeler\/adil-kral\/\">Adil Kral&nbsp;\u0627\u0644\u0645\u064e\u0644\u0650\u0643\u064f \u0627\u0644\u0652\u0639\u0627\u062f\u0650\u0644<\/a><\/div>\n<\/div>\n\n\n\n<figure class=\"wp-block-image\"><a href=\"https:\/\/arapca.com\/index.php\/arapca-hikayeler\/adil-kral\/\"><img loading=\"lazy\" decoding=\"async\" width=\"231\" height=\"265\" src=\"https:\/\/i0.wp.com\/arapca.com\/wp-content\/uploads\/2023\/10\/melikadil-k.jpg?resize=231%2C265&amp;ssl=1\" alt=\"\" class=\"wp-image-17323\"\/><\/a><\/figure>\n\n\n\n<p><\/p>\n\n\n\n<div class=\"wp-block-buttons is-layout-flex wp-block-buttons-is-layout-flex\">\n<div class=\"wp-block-button has-custom-width wp-block-button__width-100\"><a class=\"wp-block-button__link wp-element-button\" href=\"https:\/\/arapca.com\/index.php\/arapca-hikayeler\/bulbul\/\">B\u00fclb\u00fcl &#8211; \u0627\u0644\u0628\u0644\u0628\u0644<\/a><\/div>\n<\/div>\n\n\n\n<figure class=\"wp-block-image\"><a href=\"https:\/\/arapca.com\/index.php\/arapca-hikayeler\/bulbul\/\"><img loading=\"lazy\" decoding=\"async\" width=\"193\" height=\"217\" src=\"https:\/\/i0.wp.com\/arapca.com\/wp-content\/uploads\/2023\/10\/bulbul-k.jpg?resize=193%2C217&amp;ssl=1\" alt=\"\" class=\"wp-image-17326\"\/><\/a><\/figure>\n\n\n\n<p><\/p>\n\n\n\n<div class=\"wp-block-buttons is-layout-flex wp-block-buttons-is-layout-flex\">\n<div class=\"wp-block-button has-custom-width wp-block-button__width-100\"><a class=\"wp-block-button__link wp-element-button\" href=\"https:\/\/arapca.com\/index.php\/arapca-hikayeler\/mechul-arkadas\/\">Me\u00e7hul Arkada\u015f &#8211; \u0627\u0644\u0631\u0641\u064a\u0642 \u0627\u0644\u0645\u062c\u0647\u0648\u0644 <\/a><\/div>\n<\/div>\n\n\n\n<figure class=\"wp-block-image\"><a href=\"https:\/\/arapca.com\/index.php\/arapca-hikayeler\/mechul-arkadas\/\"><img loading=\"lazy\" decoding=\"async\" width=\"191\" height=\"260\" src=\"https:\/\/i0.wp.com\/arapca.com\/wp-content\/uploads\/2023\/10\/mechularkadas-k.jpg?resize=191%2C260&amp;ssl=1\" alt=\"\" class=\"wp-image-17341\"\/><\/a><\/figure>\n\n\n\n<p><\/p>\n\n\n\n<div class=\"wp-block-buttons is-layout-flex wp-block-buttons-is-layout-flex\">\n<div class=\"wp-block-button has-custom-width wp-block-button__width-100\"><a class=\"wp-block-button__link wp-element-button\" href=\"https:\/\/arapcaogreniyorum.com.tr\/index.php\/hikayelerle-arapca-ogreniyorum\/\">Fare ve Kurba\u011fa &#8211;  \u0627\u0644\u0641\u0644\u0622\u0631 \u0648 \u0627\u0644\u062f\u0641\u062f\u0639<\/a><\/div>\n<\/div>\n\n\n\n<figure class=\"wp-block-image\"><a href=\"https:\/\/arapcaogreniyorum.com.tr\/index.php\/hikayelerle-arapca-ogreniyorum\/\"><img loading=\"lazy\" decoding=\"async\" width=\"1103\" height=\"743\" src=\"https:\/\/i0.wp.com\/arapca.com\/wp-content\/uploads\/2024\/11\/Fare-kurbaga.jpg?resize=640%2C431&amp;ssl=1\" alt=\"\" class=\"wp-image-19261\" srcset=\"https:\/\/i0.wp.com\/arapca.com\/wp-content\/uploads\/2024\/11\/Fare-kurbaga.jpg?w=1103&amp;ssl=1 1103w, https:\/\/i0.wp.com\/arapca.com\/wp-content\/uploads\/2024\/11\/Fare-kurbaga.jpg?resize=300%2C202&amp;ssl=1 300w, https:\/\/i0.wp.com\/arapca.com\/wp-content\/uploads\/2024\/11\/Fare-kurbaga.jpg?resize=1024%2C690&amp;ssl=1 1024w, https:\/\/i0.wp.com\/arapca.com\/wp-content\/uploads\/2024\/11\/Fare-kurbaga.jpg?resize=768%2C517&amp;ssl=1 768w, https:\/\/i0.wp.com\/arapca.com\/wp-content\/uploads\/2024\/11\/Fare-kurbaga.jpg?resize=600%2C404&amp;ssl=1 600w\" sizes=\"auto, (max-width: 640px) 100vw, 640px\" \/><\/a><\/figure>\n\n\n\n<p><strong>B2-C1 D\u00dcZEY\u0130NCE H\u0130KAYELER<\/strong><\/p>\n\n\n\n<p><strong><a href=\"https:\/\/arapca.com\/index.php\/arapca-hikayeler\/cin-cocuk-hikayeleri\/\">\u00c7\u0130N \u00c7OCUK H\u0130KAYELER\u0130<\/a><\/strong><\/p>\n\n\n\n<figure class=\"wp-block-image\"><a href=\"https:\/\/arapca.com\/index.php\/arapca-hikayeler\/cin-cocuk-hikayeleri\/\"><img loading=\"lazy\" decoding=\"async\" width=\"338\" height=\"418\" src=\"https:\/\/i0.wp.com\/arapca.com\/wp-content\/uploads\/2023\/10\/cin-cocuk-hikayeleri-k.jpg?resize=338%2C418&amp;ssl=1\" alt=\"\" class=\"wp-image-17360\" srcset=\"https:\/\/i0.wp.com\/arapca.com\/wp-content\/uploads\/2023\/10\/cin-cocuk-hikayeleri-k.jpg?w=338&amp;ssl=1 338w, https:\/\/i0.wp.com\/arapca.com\/wp-content\/uploads\/2023\/10\/cin-cocuk-hikayeleri-k.jpg?resize=243%2C300&amp;ssl=1 243w\" sizes=\"auto, (max-width: 338px) 100vw, 338px\" \/><\/a><\/figure>\n\n\n\n<p><a href=\"https:\/\/foulabook.com\/book\/downloading\/479754728\">Ali Baba ve K\u0131rk Haramiler<\/a><\/p>\n\n\n\n<p><a href=\"https:\/\/arapca.com\/index.php\/arapca-hikayeler\/buyulenmis-sultan\/\">B\u00fcy\u00fclenmi\u015f Sultan<\/a> (kitap)<\/p>\n\n\n\n<p><a href=\"https:\/\/arapca.com\/index.php\/arapca-hikayeler\/pamuk-prenses-ve-7-cuceler\/\">Pamuk Prenses ve 7 C\u00fcceler<\/a> (kitap)<\/p>\n\n\n\n<p><a href=\"https:\/\/arapca.com\/index.php\/arapca-hikayeler\/prenses-ve-yilan\/\">Prenses ve Y\u0131lan<\/a> (kitap)<\/p>\n\n\n\n<p><a href=\"https:\/\/arapca.com\/index.php\/arapca-hikayeler\/prenses-ve-altin-saray\/\">Alt\u0131n Saray\u0131n Prensesi<\/a> (kitap)<\/p>\n\n\n\n<p><a href=\"https:\/\/arapca.com\/index.php\/arapca-hikayeler\/parmak-cocuk\/\">Parmak \u00c7ocuk<\/a> (Kitap)<\/p>\n\n\n\n<p><a href=\"https:\/\/arapca.com\/index.php\/arapca-hikayeler\/kiz-ve-aslan\/\">K\u0131z ve Aslan<\/a> (kitap)<\/p>\n\n\n\n<p><a href=\"https:\/\/youtu.be\/t-tR9cKOMME\">Y\u0131lan ve Zeki Tav\u015fanlar<\/a> (Video)<\/p>\n\n\n\n<p><a href=\"https:\/\/youtu.be\/IkMXAvCfLr4\">Aslan ve Hain Tilki<\/a>&nbsp;(Video)<\/p>\n\n\n\n<figure class=\"wp-block-image\"><a href=\"https:\/\/arapca.com\/index.php\/hikayeler\/tilki-ve-uzum-bagi\/\"><img loading=\"lazy\" decoding=\"async\" width=\"313\" height=\"161\" src=\"https:\/\/i0.wp.com\/arapca.com\/wp-content\/uploads\/2023\/11\/tilkiveuzum.jpeg?resize=313%2C161&amp;ssl=1\" alt=\"\" class=\"wp-image-17673\" srcset=\"https:\/\/i0.wp.com\/arapca.com\/wp-content\/uploads\/2023\/11\/tilkiveuzum.jpeg?w=313&amp;ssl=1 313w, https:\/\/i0.wp.com\/arapca.com\/wp-content\/uploads\/2023\/11\/tilkiveuzum.jpeg?resize=300%2C154&amp;ssl=1 300w\" sizes=\"auto, (max-width: 313px) 100vw, 313px\" \/><\/a><\/figure>\n\n\n\n<p><a href=\"https:\/\/arapca.com\/index.php\/hikayeler\/tilki-ve-uzum-bagi\/\">Tilki ve \u00dcz\u00fcm<\/a><\/p>\n\n\n\n<p><\/p>\n\n\n\n<div class=\"wp-block-buttons is-layout-flex wp-block-buttons-is-layout-flex\">\n<div class=\"wp-block-button has-custom-width wp-block-button__width-100\"><a class=\"wp-block-button__link has-vivid-red-background-color has-background wp-element-button\" href=\"https:\/\/arapca.com\/index.php\/hikayeler\/a1-hikayeler\/\">A1 D\u00dcZEY\u0130NDE H\u0130KAYELER<\/a><\/div>\n\n\n\n<div class=\"wp-block-button has-custom-width wp-block-button__width-100\"><a class=\"wp-block-button__link has-primary-background-color has-background wp-element-button\" href=\"https:\/\/arapca.com\/index.php\/hikayeler\/a2-duzeyinde-arapca-hikayeler\/\">A2 D\u00dcZEY\u0130NDE H\u0130KAYELER<\/a><\/div>\n\n\n\n<div class=\"wp-block-button has-custom-width wp-block-button__width-100\"><a class=\"wp-block-button__link has-background wp-element-button\" href=\"https:\/\/arapca.com\/index.php\/hikayeler\/b1-duzeyinde-hikayeler\/\" style=\"background-color:#ff3209\">B1 D\u00dcZEY\u0130NDE H\u0130KAYELER<\/a><\/div>\n\n\n\n<div class=\"wp-block-button has-custom-width wp-block-button__width-100\"><a class=\"wp-block-button__link has-background wp-element-button\" href=\"https:\/\/arapca.com\/index.php\/b2-hikayeler\/\" style=\"background-color:#6d3030\">B2 D\u00dcZEY\u0130NDE H\u0130KAYELER<\/a><\/div>\n\n\n\n<div class=\"wp-block-button has-custom-width wp-block-button__width-100\"><a class=\"wp-block-button__link has-luminous-vivid-amber-background-color has-background wp-element-button\" href=\"https:\/\/arapca.com\/index.php\/a1-arapca-hikayeler\/c1-duzeyinde-hikayeler\/\">C1 D\u00dcZEY\u0130NDE H\u0130KAYELER<\/a><\/div>\n\n\n\n<div class=\"wp-block-button has-custom-width wp-block-button__width-100\"><a class=\"wp-block-button__link has-vivid-cyan-blue-background-color has-background wp-element-button\" href=\"https:\/\/arapca.com\/index.php\/a1-arapca-hikayeler\/c2-duzeyinde-hikayeler\/\">C2 D\u00dcZEY\u0130NDE H\u0130KAYELER<\/a><\/div>\n<\/div>\n\n\n\n<p><\/p>\n","protected":false},"excerpt":{"rendered":"<p>B2-C1 D\u00dcZEY\u0130NCE H\u0130KAYELER \u00c7\u0130N \u00c7OCUK H\u0130KAYELER\u0130 Ali Baba ve K\u0131rk Haramiler B\u00fcy\u00fclenmi\u015f Sultan (kitap) Pamuk Prenses ve 7 C\u00fcceler (kitap) Prenses ve Y\u0131lan (kitap) Alt\u0131n Saray\u0131n Prensesi (kitap) Parmak \u00c7ocuk (Kitap) K\u0131z ve Aslan (kitap) Y\u0131lan ve Zeki Tav\u015fanlar (Video) &hellip; <\/p>\n","protected":false},"author":2,"featured_media":0,"parent":17587,"menu_order":0,"comment_status":"closed","ping_status":"closed","template":"","meta":{"_bbp_topic_count":0,"_bbp_reply_count":0,"_bbp_total_topic_count":0,"_bbp_total_reply_count":0,"_bbp_voice_count":0,"_bbp_anonymous_reply_count":0,"_bbp_topic_count_hidden":0,"_bbp_reply_count_hidden":0,"_bbp_forum_subforum_count":0,"footnotes":""},"class_list":["post-19346","page","type-page","status-publish","hentry"],"jetpack_sharing_enabled":true,"jetpack_likes_enabled":true,"_links":{"self":[{"href":"https:\/\/arapca.com\/index.php\/wp-json\/wp\/v2\/pages\/19346","targetHints":{"allow":["GET"]}}],"collection":[{"href":"https:\/\/arapca.com\/index.php\/wp-json\/wp\/v2\/pages"}],"about":[{"href":"https:\/\/arapca.com\/index.php\/wp-json\/wp\/v2\/types\/page"}],"author":[{"embeddable":true,"href":"https:\/\/arapca.com\/index.php\/wp-json\/wp\/v2\/users\/2"}],"replies":[{"embeddable":true,"href":"https:\/\/arapca.com\/index.php\/wp-json\/wp\/v2\/comments?post=19346"}],"version-history":[{"count":13,"href":"https:\/\/arapca.com\/index.php\/wp-json\/wp\/v2\/pages\/19346\/revisions"}],"predecessor-version":[{"id":24124,"href":"https:\/\/arapca.com\/index.php\/wp-json\/wp\/v2\/pages\/19346\/revisions\/24124"}],"up":[{"embeddable":true,"href":"https:\/\/arapca.com\/index.php\/wp-json\/wp\/v2\/pages\/17587"}],"wp:attachment":[{"href":"https:\/\/arapca.com\/index.php\/wp-json\/wp\/v2\/media?parent=19346"}],"curies":[{"name":"wp","href":"https:\/\/api.w.org\/{rel}","templated":true}]}}