{"id":19344,"date":"2024-11-15T13:11:47","date_gmt":"2024-11-15T10:11:47","guid":{"rendered":"https:\/\/arapca.com\/?page_id=19344"},"modified":"2026-03-11T21:49:56","modified_gmt":"2026-03-11T18:49:56","slug":"a2-duzeyinde-arapca-hikayeler","status":"publish","type":"page","link":"https:\/\/arapca.com\/index.php\/hikayeler\/a2-duzeyinde-arapca-hikayeler\/","title":{"rendered":"A2 D\u00fczeyinde Arap\u00e7a Hikayeler"},"content":{"rendered":"\n<figure class=\"wp-block-image size-full\"><img data-recalc-dims=\"1\" loading=\"lazy\" decoding=\"async\" width=\"640\" height=\"409\" src=\"https:\/\/i0.wp.com\/arapca.com\/wp-content\/uploads\/2024\/12\/A2-arapcahikaye.jpg?resize=640%2C409&#038;ssl=1\" alt=\"\" class=\"wp-image-19697\" srcset=\"https:\/\/i0.wp.com\/arapca.com\/wp-content\/uploads\/2024\/12\/A2-arapcahikaye.jpg?w=957&amp;ssl=1 957w, https:\/\/i0.wp.com\/arapca.com\/wp-content\/uploads\/2024\/12\/A2-arapcahikaye.jpg?resize=300%2C192&amp;ssl=1 300w, https:\/\/i0.wp.com\/arapca.com\/wp-content\/uploads\/2024\/12\/A2-arapcahikaye.jpg?resize=768%2C490&amp;ssl=1 768w, https:\/\/i0.wp.com\/arapca.com\/wp-content\/uploads\/2024\/12\/A2-arapcahikaye.jpg?resize=600%2C383&amp;ssl=1 600w\" sizes=\"auto, (max-width: 640px) 100vw, 640px\" \/><\/figure>\n\n\n\n<div class=\"wp-block-buttons is-layout-flex wp-block-buttons-is-layout-flex\">\n<div class=\"wp-block-button has-custom-width wp-block-button__width-50\"><a class=\"wp-block-button__link wp-element-button\" href=\"https:\/\/arapca.com\/index.php\/hikayeler\/a2-duzeyinde-arapca-hikayeler\/maymun-ve-kaplumbaga\/\">Maymun ve Kaplumba\u011fa<\/a><\/div>\n\n\n\n<div class=\"wp-block-button has-custom-width wp-block-button__width-50\"><a class=\"wp-block-button__link wp-element-button\" href=\"https:\/\/arapca.com\/index.php\/hikayeler\/a2-duzeyinde-arapca-hikayeler\/karga-ile-tilki\/\">Karga ile Tilki<\/a><\/div>\n\n\n\n<div class=\"wp-block-button has-custom-width wp-block-button__width-50\"><a class=\"wp-block-button__link wp-element-button\" href=\"https:\/\/arapca.com\/index.php\/hikayeler\/a2-duzeyinde-arapca-hikayeler\/a2-sirin-bir-koy-hisarcik\/\">\u015eirin Bir K\u00f6y Hisarc\u0131k<\/a><\/div>\n\n\n\n<div class=\"wp-block-button has-custom-width wp-block-button__width-50\"><a class=\"wp-block-button__link wp-element-button\" href=\"https:\/\/arapca.com\/index.php\/hikayeler\/a2-duzeyinde-arapca-hikayeler\/kalem-ile-silginin-hikayesi\/\">Kalem ile Silginin Hikayesi<\/a><\/div>\n\n\n\n<div class=\"wp-block-button has-custom-width wp-block-button__width-50\"><a class=\"wp-block-button__link wp-element-button\" href=\"https:\/\/arapca.com\/index.php\/kirmizi-baslikli-kiz\/\">K\u0131rm\u0131z\u0131 \u015eapkal\u0131 K\u0131z<\/a><\/div>\n\n\n\n<div class=\"wp-block-button has-custom-width wp-block-button__width-50\"><a class=\"wp-block-button__link wp-element-button\" href=\"https:\/\/arapca.com\/index.php\/2025\/02\/25\/hasanin-ilk-orucu\/\">Hasan&#8217;\u0131n \u0130lk Orucu<\/a><\/div>\n\n\n\n<div class=\"wp-block-button has-custom-width wp-block-button__width-50\"><a class=\"wp-block-button__link wp-element-button\" href=\"https:\/\/arapca.com\/index.php\/hikayeler\/a2-duzeyinde-arapca-hikayeler\/altin-kanatli-serce\/\">Alt\u0131n Kanatl\u0131 Ser\u00e7e<\/a><\/div>\n\n\n\n<div class=\"wp-block-button has-custom-width wp-block-button__width-50\"><a class=\"wp-block-button__link wp-element-button\" href=\"https:\/\/arapca.com\/index.php\/2025\/03\/13\/acgozlu-kopek\/\">A\u00e7g\u00f6zl\u00fc K\u00f6pek<\/a><\/div>\n\n\n\n<div class=\"wp-block-button has-custom-width wp-block-button__width-50\"><a class=\"wp-block-button__link wp-element-button\" href=\"https:\/\/arapca.com\/index.php\/2025\/03\/13\/susamis-karga\/\">Susam\u0131\u015f Karga<\/a><\/div>\n\n\n\n<div class=\"wp-block-button has-custom-width wp-block-button__width-50\"><a class=\"wp-block-button__link wp-element-button\" href=\"https:\/\/arapca.com\/index.php\/2025\/03\/16\/tembel-cocuk\/\">Tembel \u00c7ocuk<\/a><\/div>\n\n\n\n<div class=\"wp-block-button has-custom-width wp-block-button__width-50\"><a class=\"wp-block-button__link wp-element-button\" href=\"https:\/\/arapca.com\/index.php\/hikayeler\/tilki-ve-uzum-bagi\/\">Tilki ve \u00dcz\u00fcm Ba\u011f\u0131<\/a><\/div>\n\n\n\n<div class=\"wp-block-button has-custom-width wp-block-button__width-50\"><a class=\"wp-block-button__link wp-element-button\" href=\"https:\/\/arapca.com\/index.php\/hikayeler\/a2-hikaye-yedi-civciv\/\">Yedi Civciv<\/a><\/div>\n\n\n\n<div class=\"wp-block-button has-custom-width wp-block-button__width-50\"><a class=\"wp-block-button__link wp-element-button\" href=\"https:\/\/arapca.com\/index.php\/2025\/04\/24\/sehirde-hava\/\">\u015eehirde Hava Durumu<\/a><\/div>\n\n\n\n<div class=\"wp-block-button has-custom-width wp-block-button__width-50\"><a class=\"wp-block-button__link wp-element-button\" href=\"https:\/\/arapca.com\/index.php\/2025\/04\/25\/ayberkin-ilk-cuma-namazi\/\">Ayberk&#8217;in \u0130lk Cuma Namaz\u0131<\/a><\/div>\n\n\n\n<div class=\"wp-block-button has-custom-width wp-block-button__width-50\"><a class=\"wp-block-button__link wp-element-button\" href=\"https:\/\/arapca.com\/index.php\/2025\/05\/27\/universitede-ilk-gunum\/\">\u00dcniversitede \u0130lk G\u00fcn\u00fcm<\/a><\/div>\n\n\n\n<div class=\"wp-block-button has-custom-width wp-block-button__width-50\"><a class=\"wp-block-button__link wp-element-button\" href=\"https:\/\/arapca.com\/index.php\/2025\/05\/27\/kutuphanede\/\">K\u00fct\u00fcphanede<\/a><\/div>\n\n\n\n<div class=\"wp-block-button has-custom-width wp-block-button__width-50\"><a class=\"wp-block-button__link wp-element-button\" href=\"https:\/\/arapca.com\/index.php\/2025\/05\/28\/ilk-sinav\/\">\u0130lk S\u0131nav<\/a><\/div>\n\n\n\n<div class=\"wp-block-button has-custom-width wp-block-button__width-50\"><a class=\"wp-block-button__link wp-element-button\" href=\"https:\/\/arapca.com\/index.php\/2025\/05\/28\/ogrenci-carsisinda\/\">\u00d6\u011frenci \u00c7ar\u015f\u0131s\u0131nda<\/a><\/div>\n\n\n\n<div class=\"wp-block-button has-custom-width wp-block-button__width-50\"><a class=\"wp-block-button__link wp-element-button\" href=\"https:\/\/arapca.com\/index.php\/2025\/05\/28\/doktor-olmak-istiyorum\/\">Doktor Olmak \u0130stiyorum<\/a><\/div>\n\n\n\n<div class=\"wp-block-button has-custom-width wp-block-button__width-50\"><a class=\"wp-block-button__link wp-element-button\" href=\"https:\/\/arapca.com\/index.php\/2025\/05\/28\/yeni-arkadasim\/\">Yeni Arkada\u015f\u0131m<\/a><\/div>\n\n\n\n<div class=\"wp-block-button has-custom-width wp-block-button__width-50\"><a class=\"wp-block-button__link wp-element-button\" href=\"https:\/\/arapca.com\/index.php\/2025\/05\/28\/sikici-ders\/\">S\u0131k\u0131c\u0131 Ders<\/a><\/div>\n\n\n\n<div class=\"wp-block-button has-custom-width wp-block-button__width-50\"><a class=\"wp-block-button__link wp-element-button\" href=\"https:\/\/arapca.com\/index.php\/2025\/05\/29\/yagmurlu-bir-gun\/\">Ya\u011fmurlu Bir G\u00fcn<\/a><\/div>\n\n\n\n<div class=\"wp-block-button has-custom-width wp-block-button__width-50\"><a class=\"wp-block-button__link wp-element-button\" href=\"https:\/\/arapca.com\/index.php\/2025\/05\/29\/gelecegi-seviyorum\/\">Gelece\u011fi Seviyorum<\/a><\/div>\n\n\n\n<div class=\"wp-block-button has-custom-width wp-block-button__width-50\"><a class=\"wp-block-button__link wp-element-button\" href=\"https:\/\/arapca.com\/index.php\/2025\/05\/29\/yalnizlik-ve-mektup\/\">Yaln\u0131zl\u0131k ve Mektup<\/a><\/div>\n\n\n\n<div class=\"wp-block-button has-custom-width wp-block-button__width-50\"><a class=\"wp-block-button__link wp-element-button\" href=\"https:\/\/arapca.com\/index.php\/2025\/12\/01\/a2-hkaye-kis-geliyor\/\">K\u0131\u015f Geliyor<\/a><\/div>\n\n\n\n<div class=\"wp-block-button has-custom-width wp-block-button__width-50\"><a class=\"wp-block-button__link wp-element-button\" href=\"https:\/\/arapca.com\/index.php\/2026\/03\/11\/insan-vucudunun-muhtesemligi\/\">\u0130nsan V\u00fccudunun Muhte\u015femli\u011fi<\/a><\/div>\n<\/div>\n\n\n\n<hr class=\"wp-block-separator has-alpha-channel-opacity\"\/>\n\n\n\n<p class=\"has-text-align-center has-text-color has-link-color has-large-font-size wp-elements-837e2af11ad0e4edda9b52925e282f6d\" style=\"color:#f60808\"><strong>H\u0130KAYE K\u0130TAPLARI<\/strong><\/p>\n\n\n\n<div class=\"wp-block-buttons is-layout-flex wp-block-buttons-is-layout-flex\">\n<div class=\"wp-block-button has-custom-width wp-block-button__width-50\"><a class=\"wp-block-button__link wp-element-button\" href=\"https:\/\/arapca.com\/index.php\/2025\/05\/22\/10-universiteli-hikayeleri\/\">\u00dcniversiteli Hikayeleri<\/a><\/div>\n\n\n\n<div class=\"wp-block-button has-custom-width wp-block-button__width-50\"><a class=\"wp-block-button__link wp-element-button\" href=\"https:\/\/arapca.com\/index.php\/a1-arapca-hikayeler\/uc-yumurta\/\">\u00dc\u00e7 Yumurta<\/a><\/div>\n<\/div>\n\n\n\n<hr class=\"wp-block-separator has-alpha-channel-opacity\"\/>\n\n\n\n<div class=\"wp-block-buttons is-layout-flex wp-block-buttons-is-layout-flex\">\n<div class=\"wp-block-button has-custom-width wp-block-button__width-50\"><a class=\"wp-block-button__link wp-element-button\" href=\"https:\/\/arapca.com\/index.php\/a1-arapca-hikayeler\/ebu-nemmam\/\">Ebu Nemmam<\/a><\/div>\n<\/div>\n\n\n\n<hr class=\"wp-block-separator has-alpha-channel-opacity\"\/>\n\n\n\n<div class=\"wp-block-buttons is-layout-flex wp-block-buttons-is-layout-flex\">\n<div class=\"wp-block-button has-custom-width wp-block-button__width-50\"><a class=\"wp-block-button__link wp-element-button\" href=\"https:\/\/arapca.com\/index.php\/a1-arapca-hikayeler\/tilki-ve-balikcil-kusu\/\">Tilki ve Bal\u0131k\u00e7\u0131l Ku\u015fu<\/a><\/div>\n<\/div>\n\n\n\n<hr class=\"wp-block-separator has-alpha-channel-opacity\"\/>\n\n\n\n<div class=\"wp-block-buttons is-layout-flex wp-block-buttons-is-layout-flex\">\n<div class=\"wp-block-button has-custom-width wp-block-button__width-50\"><a class=\"wp-block-button__link wp-element-button\" href=\"https:\/\/arapca.com\/index.php\/arapca-hikayeler\/koc-ve-para-babasi\/\">Ko\u00e7 ve Para Babas\u0131<\/a><\/div>\n<\/div>\n\n\n\n<hr class=\"wp-block-separator has-alpha-channel-opacity\"\/>\n\n\n\n<div class=\"wp-block-buttons is-layout-flex wp-block-buttons-is-layout-flex\">\n<div class=\"wp-block-button has-custom-width wp-block-button__width-50\"><a class=\"wp-block-button__link wp-element-button\" href=\"https:\/\/arapca.com\/index.php\/arapca-hikayeler\/mechul-arkadas-2\/\">Me\u00e7hul Arkada\u015f<\/a><\/div>\n<\/div>\n\n\n\n<hr class=\"wp-block-separator has-alpha-channel-opacity\"\/>\n\n\n\n<div class=\"wp-block-buttons is-layout-flex wp-block-buttons-is-layout-flex\">\n<div class=\"wp-block-button has-custom-width wp-block-button__width-50\"><a class=\"wp-block-button__link wp-element-button\" href=\"https:\/\/arapca.com\/index.php\/hikayeler\/ali-ve-ahmet-tanisiyor\/\">Ali ve Ahmet Tan\u0131\u015f\u0131yor<\/a><\/div>\n<\/div>\n\n\n\n<hr class=\"wp-block-separator has-alpha-channel-opacity\"\/>\n\n\n\n<div class=\"wp-block-buttons is-layout-flex wp-block-buttons-is-layout-flex\">\n<div class=\"wp-block-button has-custom-width wp-block-button__width-50\"><a class=\"wp-block-button__link wp-element-button\" href=\"https:\/\/arapca.com\/index.php\/hikayeler\/leyla-dilleri-taniyor\/\">Leyla Dilleri Tan\u0131yor<\/a><\/div>\n<\/div>\n\n\n\n<hr class=\"wp-block-separator has-alpha-channel-opacity\"\/>\n\n\n\n<div class=\"wp-block-buttons is-layout-flex wp-block-buttons-is-layout-flex\">\n<div class=\"wp-block-button has-custom-width wp-block-button__width-50\"><a class=\"wp-block-button__link wp-element-button\" href=\"https:\/\/arapca.com\/index.php\/arapca-hikayeler\/evimiz-ve-ailem\/\">Sevgili Ailem ve Evimiz<\/a><\/div>\n<\/div>\n\n\n\n<hr class=\"wp-block-separator has-alpha-channel-opacity\"\/>\n\n\n\n<div class=\"wp-block-buttons is-layout-flex wp-block-buttons-is-layout-flex\">\n<div class=\"wp-block-button has-custom-width wp-block-button__width-50\"><a class=\"wp-block-button__link wp-element-button\" href=\"https:\/\/arapca.com\/index.php\/hikayeler\/saklambac\/\">Saklamba\u00e7<\/a><\/div>\n<\/div>\n\n\n\n<hr class=\"wp-block-separator has-alpha-channel-opacity\"\/>\n\n\n\n<div class=\"wp-block-buttons is-layout-flex wp-block-buttons-is-layout-flex\">\n<div class=\"wp-block-button has-custom-width wp-block-button__width-50\"><a class=\"wp-block-button__link wp-element-button\" href=\"https:\/\/arapca.com\/index.php\/arapca-hikayeler\/merhaba-sonbahar\/\">Merhaba Sonbahar<\/a><\/div>\n<\/div>\n\n\n\n<hr class=\"wp-block-separator has-alpha-channel-opacity\"\/>\n\n\n\n<div class=\"wp-block-buttons is-layout-flex wp-block-buttons-is-layout-flex\">\n<div class=\"wp-block-button has-custom-width wp-block-button__width-50\"><a class=\"wp-block-button__link wp-element-button\" href=\"https:\/\/arapca.com\/index.php\/hikayeler\/kader-karsilasmasi\/\">Kader Kar\u015f\u0131la\u015fmas\u0131<\/a><\/div>\n<\/div>\n\n\n\n<hr class=\"wp-block-separator has-alpha-channel-opacity\"\/>\n\n\n\n<div class=\"wp-block-buttons is-layout-flex wp-block-buttons-is-layout-flex\">\n<div class=\"wp-block-button has-custom-width wp-block-button__width-50\"><a class=\"wp-block-button__link wp-element-button\" href=\"https:\/\/arapca.com\/index.php\/2025\/07\/21\/okul-kimin\/\">Kimin Okulu? <\/a><\/div>\n<\/div>\n\n\n\n<p><strong>Youtube<\/strong>&#8216;da Arap\u00e7a <strong>A2 <\/strong>D\u00fczeyinde Hikayeler (Sami \u00d6zsoy) Anlat\u0131mlar\u0131: <\/p>\n\n\n\n<ol class=\"wp-block-list\">\n<li><a href=\"https:\/\/youtu.be\/axQYuhUQ5gE\">Do\u011fruluk Kurtulu\u015f Yoludur.<\/a><\/li>\n<\/ol>\n\n\n\n<p>2. <a href=\"https:\/\/youtu.be\/_R7G5TctADc\">Yalan\u0131n Sonucu<\/a><\/p>\n\n\n\n<p>3. <a href=\"https:\/\/youtu.be\/GMGh2LDOPfQ\">D\u00fcr\u00fcstl\u00fc\u011f\u00fcn \u00d6d\u00fcl\u00fc<\/a><\/p>\n\n\n\n<p>4. <a href=\"https:\/\/youtu.be\/Dcuvf2n2PFA\">Kar\u015f\u0131l\u0131\u011f\u0131 Allah&#8217;tan<\/a><\/p>\n\n\n\n<div class=\"wp-block-buttons is-layout-flex wp-block-buttons-is-layout-flex\">\n<div class=\"wp-block-button has-custom-width wp-block-button__width-100\"><a class=\"wp-block-button__link has-background wp-element-button\" href=\"https:\/\/arapca.com\/index.php\/hikayeler\/a1-hikayeler\/\" style=\"background-color:#ff2705\">A1 D\u00dcZEY\u0130NDE H\u0130KAYELER<\/a><\/div>\n\n\n\n<div class=\"wp-block-button has-custom-width wp-block-button__width-100\"><a class=\"wp-block-button__link has-background wp-element-button\" href=\"https:\/\/arapca.com\/index.php\/hikayeler\/b1-duzeyinde-hikayeler\/\" style=\"background-color:#4400ff\">B1 D\u00dcZEY\u0130NDE H\u0130KAYELER<\/a><\/div>\n\n\n\n<div class=\"wp-block-button has-custom-width wp-block-button__width-100\"><a class=\"wp-block-button__link has-primary-background-color has-background wp-element-button\" href=\"https:\/\/arapca.com\/index.php\/b2-hikayeler\/\">B2 D\u00dcZEY\u0130NDE H\u0130KAYELER<\/a><\/div>\n\n\n\n<div class=\"wp-block-button has-custom-width wp-block-button__width-100\"><a class=\"wp-block-button__link has-luminous-vivid-amber-background-color has-background wp-element-button\" href=\"https:\/\/arapca.com\/index.php\/a1-arapca-hikayeler\/c1-duzeyinde-hikayeler\/\">C1 D\u00dcZEY\u0130NDE H\u0130KAYELER<\/a><\/div>\n\n\n\n<div class=\"wp-block-button has-custom-width wp-block-button__width-100\"><a class=\"wp-block-button__link has-vivid-cyan-blue-background-color has-background wp-element-button\" href=\"https:\/\/arapca.com\/index.php\/a1-arapca-hikayeler\/c2-duzeyinde-hikayeler\/\">C2 D\u00dcZEY\u0130NDE H\u0130KAYELER<\/a><\/div>\n<\/div>\n\n\n\n<p><\/p>\n","protected":false},"excerpt":{"rendered":"<p>H\u0130KAYE K\u0130TAPLARI Youtube&#8216;da Arap\u00e7a A2 D\u00fczeyinde Hikayeler (Sami \u00d6zsoy) Anlat\u0131mlar\u0131: 2. Yalan\u0131n Sonucu 3. D\u00fcr\u00fcstl\u00fc\u011f\u00fcn \u00d6d\u00fcl\u00fc 4. Kar\u015f\u0131l\u0131\u011f\u0131 Allah&#8217;tan<\/p>\n","protected":false},"author":2,"featured_media":0,"parent":17587,"menu_order":0,"comment_status":"closed","ping_status":"closed","template":"","meta":{"_bbp_topic_count":0,"_bbp_reply_count":0,"_bbp_total_topic_count":0,"_bbp_total_reply_count":0,"_bbp_voice_count":0,"_bbp_anonymous_reply_count":0,"_bbp_topic_count_hidden":0,"_bbp_reply_count_hidden":0,"_bbp_forum_subforum_count":0,"advanced_seo_description":"","jetpack_seo_html_title":"","jetpack_seo_noindex":false,"footnotes":""},"class_list":["post-19344","page","type-page","status-publish","hentry"],"jetpack_sharing_enabled":true,"jetpack_likes_enabled":true,"_links":{"self":[{"href":"https:\/\/arapca.com\/index.php\/wp-json\/wp\/v2\/pages\/19344","targetHints":{"allow":["GET"]}}],"collection":[{"href":"https:\/\/arapca.com\/index.php\/wp-json\/wp\/v2\/pages"}],"about":[{"href":"https:\/\/arapca.com\/index.php\/wp-json\/wp\/v2\/types\/page"}],"author":[{"embeddable":true,"href":"https:\/\/arapca.com\/index.php\/wp-json\/wp\/v2\/users\/2"}],"replies":[{"embeddable":true,"href":"https:\/\/arapca.com\/index.php\/wp-json\/wp\/v2\/comments?post=19344"}],"version-history":[{"count":44,"href":"https:\/\/arapca.com\/index.php\/wp-json\/wp\/v2\/pages\/19344\/revisions"}],"predecessor-version":[{"id":25674,"href":"https:\/\/arapca.com\/index.php\/wp-json\/wp\/v2\/pages\/19344\/revisions\/25674"}],"up":[{"embeddable":true,"href":"https:\/\/arapca.com\/index.php\/wp-json\/wp\/v2\/pages\/17587"}],"wp:attachment":[{"href":"https:\/\/arapca.com\/index.php\/wp-json\/wp\/v2\/media?parent=19344"}],"curies":[{"name":"wp","href":"https:\/\/api.w.org\/{rel}","templated":true}]}}