{"id":19181,"date":"2024-11-08T14:27:47","date_gmt":"2024-11-08T11:27:47","guid":{"rendered":"https:\/\/arapca.com\/?page_id=19181"},"modified":"2024-11-08T18:38:58","modified_gmt":"2024-11-08T15:38:58","slug":"koyde-yasam-kirsal-alan-kelimeleri","status":"publish","type":"page","link":"https:\/\/arapca.com\/index.php\/kelime-kartlari\/koyde-yasam-kirsal-alan-kelimeleri\/","title":{"rendered":"K\u00f6yde Ya\u015fam (K\u0131rsal alan) Kelimeleri"},"content":{"rendered":"\n<figure class=\"wp-block-embed aligncenter is-type-video is-provider-youtube wp-block-embed-youtube wp-embed-aspect-16-9 wp-has-aspect-ratio\"><div class=\"wp-block-embed__wrapper\">\n<iframe loading=\"lazy\" title=\"Arap\u00e7a B1 Seviyesinde K\u00f6yle ilgili kelimeler\" width=\"640\" height=\"360\" src=\"https:\/\/www.youtube.com\/embed\/TbI1KZn00i8?feature=oembed\" frameborder=\"0\" allow=\"accelerometer; autoplay; clipboard-write; encrypted-media; gyroscope; picture-in-picture; web-share\" referrerpolicy=\"strict-origin-when-cross-origin\" allowfullscreen><\/iframe>\n<\/div><\/figure>\n\n\n\n\n\n\n\n<p><\/p>\n","protected":false},"excerpt":{"rendered":"","protected":false},"author":2,"featured_media":0,"parent":15918,"menu_order":0,"comment_status":"closed","ping_status":"closed","template":"","meta":{"_bbp_topic_count":0,"_bbp_reply_count":0,"_bbp_total_topic_count":0,"_bbp_total_reply_count":0,"_bbp_voice_count":0,"_bbp_anonymous_reply_count":0,"_bbp_topic_count_hidden":0,"_bbp_reply_count_hidden":0,"_bbp_forum_subforum_count":0,"footnotes":""},"class_list":["post-19181","page","type-page","status-publish","hentry"],"jetpack_sharing_enabled":true,"jetpack_likes_enabled":true,"_links":{"self":[{"href":"https:\/\/arapca.com\/index.php\/wp-json\/wp\/v2\/pages\/19181","targetHints":{"allow":["GET"]}}],"collection":[{"href":"https:\/\/arapca.com\/index.php\/wp-json\/wp\/v2\/pages"}],"about":[{"href":"https:\/\/arapca.com\/index.php\/wp-json\/wp\/v2\/types\/page"}],"author":[{"embeddable":true,"href":"https:\/\/arapca.com\/index.php\/wp-json\/wp\/v2\/users\/2"}],"replies":[{"embeddable":true,"href":"https:\/\/arapca.com\/index.php\/wp-json\/wp\/v2\/comments?post=19181"}],"version-history":[{"count":4,"href":"https:\/\/arapca.com\/index.php\/wp-json\/wp\/v2\/pages\/19181\/revisions"}],"predecessor-version":[{"id":19223,"href":"https:\/\/arapca.com\/index.php\/wp-json\/wp\/v2\/pages\/19181\/revisions\/19223"}],"up":[{"embeddable":true,"href":"https:\/\/arapca.com\/index.php\/wp-json\/wp\/v2\/pages\/15918"}],"wp:attachment":[{"href":"https:\/\/arapca.com\/index.php\/wp-json\/wp\/v2\/media?parent=19181"}],"curies":[{"name":"wp","href":"https:\/\/api.w.org\/{rel}","templated":true}]}}