{"id":18963,"date":"2024-10-27T13:57:52","date_gmt":"2024-10-27T10:57:52","guid":{"rendered":"https:\/\/arapca.com\/?page_id=18963"},"modified":"2024-10-27T13:57:54","modified_gmt":"2024-10-27T10:57:54","slug":"kader-karsilasmasi-2","status":"publish","type":"page","link":"https:\/\/arapca.com\/index.php\/kader-karsilasmasi-2\/","title":{"rendered":"kader kar\u015f\u0131la\u015fmas\u0131"},"content":{"rendered":"\n<div class=\"_df_thumb \" id=\"df_18939\"  _slug=\"kader-karsilasmasi\" data-title=\"kader-karsilasmasi\" wpoptions=\"true\" thumbtype=\"\" >Kader Kar\u015f\u0131la\u015fmas\u0131<\/div><script class=\"df-shortcode-script\" nowprocket type=\"application\/javascript\">window.option_df_18939 = {\"outline\":[],\"autoEnableOutline\":\"false\",\"autoEnableThumbnail\":\"false\",\"overwritePDFOutline\":\"false\",\"direction\":\"2\",\"pageSize\":\"0\",\"source\":\"https:\\\/\\\/arapca.com\\\/wp-content\\\/uploads\\\/2024\\\/10\\\/Kader-karsilasmasi.pdf\",\"wpOptions\":\"true\"}; if(window.DFLIP && window.DFLIP.parseBooks){window.DFLIP.parseBooks();}<\/script>\n","protected":false},"excerpt":{"rendered":"","protected":false},"author":2,"featured_media":0,"parent":0,"menu_order":0,"comment_status":"closed","ping_status":"closed","template":"","meta":{"_bbp_topic_count":0,"_bbp_reply_count":0,"_bbp_total_topic_count":0,"_bbp_total_reply_count":0,"_bbp_voice_count":0,"_bbp_anonymous_reply_count":0,"_bbp_topic_count_hidden":0,"_bbp_reply_count_hidden":0,"_bbp_forum_subforum_count":0,"footnotes":""},"class_list":["post-18963","page","type-page","status-publish","hentry"],"jetpack_sharing_enabled":true,"jetpack_likes_enabled":true,"_links":{"self":[{"href":"https:\/\/arapca.com\/index.php\/wp-json\/wp\/v2\/pages\/18963","targetHints":{"allow":["GET"]}}],"collection":[{"href":"https:\/\/arapca.com\/index.php\/wp-json\/wp\/v2\/pages"}],"about":[{"href":"https:\/\/arapca.com\/index.php\/wp-json\/wp\/v2\/types\/page"}],"author":[{"embeddable":true,"href":"https:\/\/arapca.com\/index.php\/wp-json\/wp\/v2\/users\/2"}],"replies":[{"embeddable":true,"href":"https:\/\/arapca.com\/index.php\/wp-json\/wp\/v2\/comments?post=18963"}],"version-history":[{"count":1,"href":"https:\/\/arapca.com\/index.php\/wp-json\/wp\/v2\/pages\/18963\/revisions"}],"predecessor-version":[{"id":18965,"href":"https:\/\/arapca.com\/index.php\/wp-json\/wp\/v2\/pages\/18963\/revisions\/18965"}],"wp:attachment":[{"href":"https:\/\/arapca.com\/index.php\/wp-json\/wp\/v2\/media?parent=18963"}],"curies":[{"name":"wp","href":"https:\/\/api.w.org\/{rel}","templated":true}]}}