{"id":18952,"date":"2024-10-26T21:14:47","date_gmt":"2024-10-26T18:14:47","guid":{"rendered":"https:\/\/arapca.com\/?page_id=18952"},"modified":"2024-11-15T13:09:05","modified_gmt":"2024-11-15T10:09:05","slug":"a1-arapca-hikayeler","status":"publish","type":"page","link":"https:\/\/arapca.com\/index.php\/a1-arapca-hikayeler\/","title":{"rendered":"ARAP\u00c7A H\u0130KAYELER"},"content":{"rendered":"<p>\n\n\n<\/p>\n<h1 class=\"wp-elements-d35c63f80e2abd667b20c4eb71731211\" style=\"color: #f70202; text-align: center;\"><strong>\u0627\u0644\u062d\u0650\u0643\u0627\u064a\u0627\u062a \u0627\u0644\u0639\u064e\u0631\u064e\u0628\u0650\u064a\u0651\u064e\u0629<\/strong><\/h1>\n<p>\n\n\n\n<\/p>\n<figure>\n<table>\n<tbody>\n<tr>\n<td><strong>A1<\/strong><\/td>\n<td>&nbsp;<\/td>\n<td>&nbsp;<strong>A2<\/strong><\/td>\n<td>&nbsp;<\/td>\n<\/tr>\n<tr>\n<td><a href=\"https:\/\/www.youtube.com\/watch?v=Vjc-tR4jwwY\">\u0623\u064e\u0646\u0627 \u0648\u064e \u0623\u064e\u062e\u064a<\/a><br><h2>&nbsp;<a href=\"https:\/\/www.youtube.com\/watch?v=Vjc-tR4jwwY\" style=\"transition-property: all; background-color: rgb(255, 255, 255); color: var(--thim-body-primary-color,#ffb606); outline: 0px;\">Karde\u015fim ve Ben<\/a><\/h2><\/td>\n<td>&nbsp;<\/td>\n<td>\u064a\u062a\u0639\u0627\u0631\u0641 \u0639\u0644\u064a \u0648 \u0623\u062d\u0645\u062f&nbsp;&nbsp;<br><a href=\"https:\/\/arapca.com\/index.php\/hikayeler\/ali-ve-ahmet-tanisiyor\/\">Ali ve Ahmet Tan\u0131\u015f\u0131yor<\/a><\/td>\n<td>&nbsp;<\/td>\n<\/tr>\n<tr>\n<td>-\u0639\u0628\u062f\u0627\u0644\u0644\u0647 \u0642\u064a \u0627\u0644\u0645\u062f\u0631\u0633\u0629<br><h2>&nbsp;<a href=\"https:\/\/arapca.com\/index.php\/arapca-hikayeler\/abdullah-okulda\/\" style=\"transition-property: all; background-color: rgb(255, 255, 255); color: var(--thim-body-primary-color,#ffb606); outline: 0px;\">Abdullah Okulda<\/a><\/h2><\/td>\n<td>&nbsp;<\/td>\n<td>&nbsp;&nbsp;\u062a\u0639\u0631\u0641 \u0644\u064a\u0644\u0649 \u0627\u0644\u0644\u0639\u0627\u062a<br><a href=\"https:\/\/arapca.com\/index.php\/hikayeler\/leyla-dilleri-taniyor\/\">Leyla Dilleri Tan\u0131yor<\/a><\/td>\n<td>&nbsp;<\/td>\n<\/tr>\n<tr>\n<td>\u0623\u062d\u0645\u062f \u0648 \u0645\u062f\u0631\u0633\u062a\u0647<br><h2>&nbsp;<a href=\"https:\/\/arapca.com\/index.php\/2023\/10\/21\/ahmet-ve-okulu\/\" style=\"transition-property: all; background-color: rgb(255, 255, 255); color: var(--thim-body-primary-color,#ffb606); outline: 0px;\">Ahmet ve Okulu<\/a><\/h2><\/td>\n<td>&nbsp;<\/td>\n<td>\u0623\u0633\u0631\u062a\u064a \u0627\u0644\u062d\u0628\u064a\u0628\u0629 \u0648 \u0628\u064a\u062a\u0646\u0627&nbsp;&nbsp;<br><a href=\"https:\/\/arapca.com\/index.php\/arapca-hikayeler\/evimiz-ve-ailem\/\">Sevgili Ailem ve Evimiz<\/a><\/td>\n<td>&nbsp;<\/td>\n<\/tr>\n<tr>\n<td>\n<table style=\"background-color: #ffffff; border: 1px var(--thim-border-color,#eee) solid; width: 940px; font-family: Roboto; font-size: 15px;\">\n<tbody>\n<tr style=\"border: 1px var(--thim-border-color,#eee) solid;\">\n<td><p><b>\u064a\u062a\u0639\u0627\u0631\u0641 \u0639\u0644\u064a \u0648 \u0623\u062d\u0645\u062f&nbsp;&nbsp;<br><\/b><h2><a style=\"transition-property: all;\" href=\"https:\/\/arapca.com\/index.php\/hikayeler\/ali-ve-ahmet-tanisiyor\/\">Ali ve Ahmet Tan\u0131\u015f\u0131yor<\/a><\/h2><\/p>\n<\/td>\n<\/tr>\n<\/tbody>\n<\/table>\n<\/td>\n<td>&nbsp;<\/td>\n<td>&nbsp;\u0627\u0644\u063a\u0645\u064a\u0636\u0629<br><a href=\"https:\/\/arapca.com\/index.php\/hikayeler\/saklambac\/\">Saklamba\u00e7<\/a><\/td>\n<td>&nbsp;<\/td>\n<\/tr>\n<tr>\n<td>&nbsp;<\/td>\n<td>&nbsp;<\/td>\n<td>&nbsp;\u0641\u0635\u0644 \u0627\u0644\u062e\u0631\u064a\u0641<br><a href=\"https:\/\/arapca.com\/index.php\/arapca-hikayeler\/merhaba-sonbahar\/\">Sonbahar<\/a><\/td>\n<td>&nbsp;<\/td>\n<\/tr>\n<tr>\n<td>&nbsp;<\/td>\n<td>&nbsp;<\/td>\n<td>&nbsp;\u064a\u0642\u0627\u0621 \u0645\u0635\u064a\u0631\u064a<br><a href=\"https:\/\/arapca.com\/index.php\/hikayeler\/kader-karsilasmasi\/\">Kader Kar\u015f\u0131la\u015fmas\u0131<\/a><\/td>\n<td>&nbsp;<\/td>\n<\/tr>\n<tr>\n<td>&nbsp;<\/td>\n<td>&nbsp;<\/td>\n<td>&nbsp;<\/td>\n<td>&nbsp;<\/td>\n<\/tr>\n<\/tbody>\n<\/table>\n<\/figure>\n<p>\n\n\n\n<\/p>\n<p>\n\n\n<\/p>\n\n\n<p><\/p>\n","protected":false},"excerpt":{"rendered":"<p>\u0627\u0644\u062d\u0650\u0643\u0627\u064a\u0627\u062a \u0627\u0644\u0639\u064e\u0631\u064e\u0628\u0650\u064a\u0651\u064e\u0629 A1 &nbsp; &nbsp;A2 &nbsp; \u0623\u064e\u0646\u0627 \u0648\u064e \u0623\u064e\u062e\u064a &nbsp;Karde\u015fim ve Ben &nbsp; \u064a\u062a\u0639\u0627\u0631\u0641 \u0639\u0644\u064a \u0648 \u0623\u062d\u0645\u062f&nbsp;&nbsp;Ali ve Ahmet Tan\u0131\u015f\u0131yor &nbsp; -\u0639\u0628\u062f\u0627\u0644\u0644\u0647 \u0642\u064a \u0627\u0644\u0645\u062f\u0631\u0633\u0629 &nbsp;Abdullah Okulda &nbsp; &nbsp;&nbsp;\u062a\u0639\u0631\u0641 \u0644\u064a\u0644\u0649 \u0627\u0644\u0644\u0639\u0627\u062aLeyla Dilleri Tan\u0131yor &nbsp; \u0623\u062d\u0645\u062f \u0648 \u0645\u062f\u0631\u0633\u062a\u0647 &nbsp;Ahmet ve Okulu &nbsp; &hellip; <\/p>\n","protected":false},"author":2,"featured_media":0,"parent":0,"menu_order":0,"comment_status":"closed","ping_status":"closed","template":"","meta":{"_bbp_topic_count":0,"_bbp_reply_count":0,"_bbp_total_topic_count":0,"_bbp_total_reply_count":0,"_bbp_voice_count":0,"_bbp_anonymous_reply_count":0,"_bbp_topic_count_hidden":0,"_bbp_reply_count_hidden":0,"_bbp_forum_subforum_count":0,"advanced_seo_description":"","jetpack_seo_html_title":"","jetpack_seo_noindex":false,"footnotes":""},"class_list":["post-18952","page","type-page","status-publish","hentry"],"jetpack_sharing_enabled":true,"jetpack_likes_enabled":true,"_links":{"self":[{"href":"https:\/\/arapca.com\/index.php\/wp-json\/wp\/v2\/pages\/18952","targetHints":{"allow":["GET"]}}],"collection":[{"href":"https:\/\/arapca.com\/index.php\/wp-json\/wp\/v2\/pages"}],"about":[{"href":"https:\/\/arapca.com\/index.php\/wp-json\/wp\/v2\/types\/page"}],"author":[{"embeddable":true,"href":"https:\/\/arapca.com\/index.php\/wp-json\/wp\/v2\/users\/2"}],"replies":[{"embeddable":true,"href":"https:\/\/arapca.com\/index.php\/wp-json\/wp\/v2\/comments?post=18952"}],"version-history":[{"count":5,"href":"https:\/\/arapca.com\/index.php\/wp-json\/wp\/v2\/pages\/18952\/revisions"}],"predecessor-version":[{"id":19343,"href":"https:\/\/arapca.com\/index.php\/wp-json\/wp\/v2\/pages\/18952\/revisions\/19343"}],"wp:attachment":[{"href":"https:\/\/arapca.com\/index.php\/wp-json\/wp\/v2\/media?parent=18952"}],"curies":[{"name":"wp","href":"https:\/\/api.w.org\/{rel}","templated":true}]}}