{"id":18919,"date":"2024-10-18T13:46:06","date_gmt":"2024-10-18T10:46:06","guid":{"rendered":"https:\/\/arapca.com\/?page_id=18919"},"modified":"2024-12-15T11:50:55","modified_gmt":"2024-12-15T08:50:55","slug":"ali-ve-ahmet-tanisiyor","status":"publish","type":"page","link":"https:\/\/arapca.com\/index.php\/hikayeler\/ali-ve-ahmet-tanisiyor\/","title":{"rendered":"Ali ve Ahmet Tan\u0131\u015f\u0131yor"},"content":{"rendered":"<div class=\"wp-block-image\">\n<figure class=\"aligncenter size-full\"><img data-recalc-dims=\"1\" loading=\"lazy\" decoding=\"async\" width=\"349\" height=\"345\" src=\"https:\/\/i0.wp.com\/arapca.com\/wp-content\/uploads\/2024\/12\/ahmet-ve-ali-tanisiyor4.jpg?resize=349%2C345&#038;ssl=1\" alt=\"\" class=\"wp-image-19958\" srcset=\"https:\/\/i0.wp.com\/arapca.com\/wp-content\/uploads\/2024\/12\/ahmet-ve-ali-tanisiyor4.jpg?w=349&amp;ssl=1 349w, https:\/\/i0.wp.com\/arapca.com\/wp-content\/uploads\/2024\/12\/ahmet-ve-ali-tanisiyor4.jpg?resize=300%2C297&amp;ssl=1 300w, https:\/\/i0.wp.com\/arapca.com\/wp-content\/uploads\/2024\/12\/ahmet-ve-ali-tanisiyor4.jpg?resize=100%2C100&amp;ssl=1 100w\" sizes=\"auto, (max-width: 349px) 100vw, 349px\" \/><\/figure>\n<\/div>\n\n\n<p><code><div class=\"h5p-iframe-wrapper\"><iframe id=\"h5p-iframe-79\" class=\"h5p-iframe\" data-content-id=\"79\" style=\"height:1px\" src=\"about:blank\" frameBorder=\"0\" scrolling=\"no\" title=\"Ali ve Ahmet Tan\u0131\u015f\u0131yor\"><\/iframe><\/div><\/code><br><\/p>\n","protected":false},"excerpt":{"rendered":"","protected":false},"author":2,"featured_media":0,"parent":17587,"menu_order":0,"comment_status":"closed","ping_status":"closed","template":"","meta":{"_bbp_topic_count":0,"_bbp_reply_count":0,"_bbp_total_topic_count":0,"_bbp_total_reply_count":0,"_bbp_voice_count":0,"_bbp_anonymous_reply_count":0,"_bbp_topic_count_hidden":0,"_bbp_reply_count_hidden":0,"_bbp_forum_subforum_count":0,"footnotes":""},"class_list":["post-18919","page","type-page","status-publish","hentry"],"jetpack_sharing_enabled":true,"jetpack_likes_enabled":true,"_links":{"self":[{"href":"https:\/\/arapca.com\/index.php\/wp-json\/wp\/v2\/pages\/18919","targetHints":{"allow":["GET"]}}],"collection":[{"href":"https:\/\/arapca.com\/index.php\/wp-json\/wp\/v2\/pages"}],"about":[{"href":"https:\/\/arapca.com\/index.php\/wp-json\/wp\/v2\/types\/page"}],"author":[{"embeddable":true,"href":"https:\/\/arapca.com\/index.php\/wp-json\/wp\/v2\/users\/2"}],"replies":[{"embeddable":true,"href":"https:\/\/arapca.com\/index.php\/wp-json\/wp\/v2\/comments?post=18919"}],"version-history":[{"count":4,"href":"https:\/\/arapca.com\/index.php\/wp-json\/wp\/v2\/pages\/18919\/revisions"}],"predecessor-version":[{"id":19959,"href":"https:\/\/arapca.com\/index.php\/wp-json\/wp\/v2\/pages\/18919\/revisions\/19959"}],"up":[{"embeddable":true,"href":"https:\/\/arapca.com\/index.php\/wp-json\/wp\/v2\/pages\/17587"}],"wp:attachment":[{"href":"https:\/\/arapca.com\/index.php\/wp-json\/wp\/v2\/media?parent=18919"}],"curies":[{"name":"wp","href":"https:\/\/api.w.org\/{rel}","templated":true}]}}