{"id":18901,"date":"2024-10-13T15:48:27","date_gmt":"2024-10-13T12:48:27","guid":{"rendered":"https:\/\/arapca.com\/?page_id=18901"},"modified":"2024-10-13T15:48:29","modified_gmt":"2024-10-13T12:48:29","slug":"tilkinin-paylasimi","status":"publish","type":"page","link":"https:\/\/arapca.com\/index.php\/hikayeler\/tilkinin-paylasimi\/","title":{"rendered":"Tilkinin Payla\u015f\u0131m\u0131"},"content":{"rendered":"\n<p class=\"has-large-font-size\"><strong>\u00a0\u0642\u0633\u0645\u0629 \u0627\u0644\u062b\u0639\u0644\u0628<\/strong><\/p>\n\n\n\n<figure class=\"wp-block-embed is-type-video is-provider-youtube wp-block-embed-youtube wp-embed-aspect-16-9 wp-has-aspect-ratio\"><div class=\"wp-block-embed__wrapper\">\n<iframe title=\"\u0642\u0635\u0629 \u0642\u0633\u0645\u0629 \u0627\u0644\u062b\u0639\u0644\u0628\" width=\"640\" height=\"360\" src=\"https:\/\/www.youtube.com\/embed\/Vd8M54Ot6Mk?feature=oembed\" frameborder=\"0\" allow=\"accelerometer; autoplay; clipboard-write; encrypted-media; gyroscope; picture-in-picture; web-share\" referrerpolicy=\"strict-origin-when-cross-origin\" allowfullscreen><\/iframe>\n<\/div><\/figure>\n\n\n\n<p><\/p>\n","protected":false},"excerpt":{"rendered":"<p>\u00a0\u0642\u0633\u0645\u0629 \u0627\u0644\u062b\u0639\u0644\u0628<\/p>\n","protected":false},"author":2,"featured_media":0,"parent":17587,"menu_order":0,"comment_status":"closed","ping_status":"closed","template":"","meta":{"_bbp_topic_count":0,"_bbp_reply_count":0,"_bbp_total_topic_count":0,"_bbp_total_reply_count":0,"_bbp_voice_count":0,"_bbp_anonymous_reply_count":0,"_bbp_topic_count_hidden":0,"_bbp_reply_count_hidden":0,"_bbp_forum_subforum_count":0,"advanced_seo_description":"","jetpack_seo_html_title":"","jetpack_seo_noindex":false,"footnotes":""},"class_list":["post-18901","page","type-page","status-publish","hentry"],"jetpack_sharing_enabled":true,"jetpack_likes_enabled":true,"_links":{"self":[{"href":"https:\/\/arapca.com\/index.php\/wp-json\/wp\/v2\/pages\/18901","targetHints":{"allow":["GET"]}}],"collection":[{"href":"https:\/\/arapca.com\/index.php\/wp-json\/wp\/v2\/pages"}],"about":[{"href":"https:\/\/arapca.com\/index.php\/wp-json\/wp\/v2\/types\/page"}],"author":[{"embeddable":true,"href":"https:\/\/arapca.com\/index.php\/wp-json\/wp\/v2\/users\/2"}],"replies":[{"embeddable":true,"href":"https:\/\/arapca.com\/index.php\/wp-json\/wp\/v2\/comments?post=18901"}],"version-history":[{"count":1,"href":"https:\/\/arapca.com\/index.php\/wp-json\/wp\/v2\/pages\/18901\/revisions"}],"predecessor-version":[{"id":18902,"href":"https:\/\/arapca.com\/index.php\/wp-json\/wp\/v2\/pages\/18901\/revisions\/18902"}],"up":[{"embeddable":true,"href":"https:\/\/arapca.com\/index.php\/wp-json\/wp\/v2\/pages\/17587"}],"wp:attachment":[{"href":"https:\/\/arapca.com\/index.php\/wp-json\/wp\/v2\/media?parent=18901"}],"curies":[{"name":"wp","href":"https:\/\/api.w.org\/{rel}","templated":true}]}}