{"id":18899,"date":"2024-10-13T15:45:49","date_gmt":"2024-10-13T12:45:49","guid":{"rendered":"https:\/\/arapca.com\/?page_id=18899"},"modified":"2024-10-13T15:45:51","modified_gmt":"2024-10-13T12:45:51","slug":"yasli-ciftci-ve-kral","status":"publish","type":"page","link":"https:\/\/arapca.com\/index.php\/hikayeler\/yasli-ciftci-ve-kral\/","title":{"rendered":"Ya\u015fl\u0131 \u00c7ift\u00e7i ve Kral"},"content":{"rendered":"\n<p class=\"has-large-font-size\"><strong>\u0627\u0644\u0641\u0644\u0627\u062d \u0627\u0644\u0639\u062c\u0648\u0632 \u0648 \u0627\u0644\u0645\u0644\u0643<\/strong><\/p>\n\n\n\n<figure class=\"wp-block-embed is-type-video is-provider-youtube wp-block-embed-youtube wp-embed-aspect-16-9 wp-has-aspect-ratio\"><div class=\"wp-block-embed__wrapper\">\n<iframe loading=\"lazy\" title=\"\u0627\u0644\u0641\u0644\u0627\u062d \u0627\u0644\u0639\u062c\u0648\u0632 \u0648 \u0627\u0644\u0645\u0644\u0643\" width=\"640\" height=\"360\" src=\"https:\/\/www.youtube.com\/embed\/1K0kqZ920XE?feature=oembed\" frameborder=\"0\" allow=\"accelerometer; autoplay; clipboard-write; encrypted-media; gyroscope; picture-in-picture; web-share\" referrerpolicy=\"strict-origin-when-cross-origin\" allowfullscreen><\/iframe>\n<\/div><\/figure>\n\n\n\n<p><\/p>\n","protected":false},"excerpt":{"rendered":"<p>\u0627\u0644\u0641\u0644\u0627\u062d \u0627\u0644\u0639\u062c\u0648\u0632 \u0648 \u0627\u0644\u0645\u0644\u0643<\/p>\n","protected":false},"author":2,"featured_media":0,"parent":17587,"menu_order":0,"comment_status":"closed","ping_status":"closed","template":"","meta":{"_bbp_topic_count":0,"_bbp_reply_count":0,"_bbp_total_topic_count":0,"_bbp_total_reply_count":0,"_bbp_voice_count":0,"_bbp_anonymous_reply_count":0,"_bbp_topic_count_hidden":0,"_bbp_reply_count_hidden":0,"_bbp_forum_subforum_count":0,"footnotes":""},"class_list":["post-18899","page","type-page","status-publish","hentry"],"jetpack_sharing_enabled":true,"jetpack_likes_enabled":true,"_links":{"self":[{"href":"https:\/\/arapca.com\/index.php\/wp-json\/wp\/v2\/pages\/18899","targetHints":{"allow":["GET"]}}],"collection":[{"href":"https:\/\/arapca.com\/index.php\/wp-json\/wp\/v2\/pages"}],"about":[{"href":"https:\/\/arapca.com\/index.php\/wp-json\/wp\/v2\/types\/page"}],"author":[{"embeddable":true,"href":"https:\/\/arapca.com\/index.php\/wp-json\/wp\/v2\/users\/2"}],"replies":[{"embeddable":true,"href":"https:\/\/arapca.com\/index.php\/wp-json\/wp\/v2\/comments?post=18899"}],"version-history":[{"count":1,"href":"https:\/\/arapca.com\/index.php\/wp-json\/wp\/v2\/pages\/18899\/revisions"}],"predecessor-version":[{"id":18900,"href":"https:\/\/arapca.com\/index.php\/wp-json\/wp\/v2\/pages\/18899\/revisions\/18900"}],"up":[{"embeddable":true,"href":"https:\/\/arapca.com\/index.php\/wp-json\/wp\/v2\/pages\/17587"}],"wp:attachment":[{"href":"https:\/\/arapca.com\/index.php\/wp-json\/wp\/v2\/media?parent=18899"}],"curies":[{"name":"wp","href":"https:\/\/api.w.org\/{rel}","templated":true}]}}