{"id":18795,"date":"2024-06-22T10:50:14","date_gmt":"2024-06-22T07:50:14","guid":{"rendered":"https:\/\/arapca.com\/?page_id=18795"},"modified":"2025-06-23T15:47:56","modified_gmt":"2025-06-23T12:47:56","slug":"arapca-testler","status":"publish","type":"page","link":"https:\/\/arapca.com\/index.php\/arapca-testler\/","title":{"rendered":"Arap\u00e7a Testler"},"content":{"rendered":"<div class=\"wp-block-image\">\n<figure class=\"aligncenter size-full\"><img data-recalc-dims=\"1\" loading=\"lazy\" decoding=\"async\" width=\"508\" height=\"510\" src=\"https:\/\/i0.wp.com\/arapca.com\/wp-content\/uploads\/2024\/12\/test11.jpg?resize=508%2C510&#038;ssl=1\" alt=\"\" class=\"wp-image-20044\" srcset=\"https:\/\/i0.wp.com\/arapca.com\/wp-content\/uploads\/2024\/12\/test11.jpg?w=508&amp;ssl=1 508w, https:\/\/i0.wp.com\/arapca.com\/wp-content\/uploads\/2024\/12\/test11.jpg?resize=300%2C300&amp;ssl=1 300w, https:\/\/i0.wp.com\/arapca.com\/wp-content\/uploads\/2024\/12\/test11.jpg?resize=150%2C150&amp;ssl=1 150w, https:\/\/i0.wp.com\/arapca.com\/wp-content\/uploads\/2024\/12\/test11.jpg?resize=100%2C100&amp;ssl=1 100w\" sizes=\"auto, (max-width: 508px) 100vw, 508px\" \/><\/figure>\n<\/div>\n\n\n<div class=\"wp-block-buttons is-layout-flex wp-block-buttons-is-layout-flex\">\n<div class=\"wp-block-button has-custom-width wp-block-button__width-100\"><a class=\"wp-block-button__link wp-element-button\" href=\"https:\/\/arapca.com\/index.php\/arapca-kpds\/\">Arap\u00e7a KPDS Testleri<\/a><\/div>\n<\/div>\n\n\n\n<p><a href=\"https:\/\/arapca.com\/index.php\/arapca-kpds\/\">KPDS ARAP\u00c7A TESTLER<\/a><\/p>\n\n\n\n<div class=\"wp-block-buttons is-layout-flex wp-block-buttons-is-layout-flex\">\n<div class=\"wp-block-button has-custom-width wp-block-button__width-100\"><a class=\"wp-block-button__link wp-element-button\" href=\"https:\/\/arapca.com\/index.php\/arapca-yds-sinav-sorulari\/\">Arap\u00e7a YDS Testleri<\/a><\/div>\n<\/div>\n\n\n\n<p><a href=\"https:\/\/arapca.com\/index.php\/arapca-yds-sinav-sorulari\/\">YDS ARAP\u00c7A TEST\u0130<\/a><\/p>\n\n\n\n<div class=\"wp-block-buttons is-layout-flex wp-block-buttons-is-layout-flex\">\n<div class=\"wp-block-button has-custom-width wp-block-button__width-100\"><a class=\"wp-block-button__link wp-element-button\" href=\"https:\/\/quizizz.com\/embed\/quiz\/65b7c198d1e61977a235990e\">Arap\u00e7a Quizzler<\/a><\/div>\n<\/div>\n\n\n\n<p>Arap\u00e7a <strong>QU\u0130ZZLER<\/strong><\/p>\n\n\n\n<figure class=\"wp-block-image size-large is-resized\"><a href=\"https:\/\/quizizz.com\/embed\/quiz\/65b7c198d1e61977a235990e\"><img data-recalc-dims=\"1\" loading=\"lazy\" decoding=\"async\" width=\"640\" height=\"307\" src=\"https:\/\/i0.wp.com\/arapca.com\/wp-content\/uploads\/2024\/06\/quizz.jpg?resize=640%2C307&#038;ssl=1\" alt=\"\" class=\"wp-image-18798\" style=\"width:468px;height:auto\" srcset=\"https:\/\/i0.wp.com\/arapca.com\/wp-content\/uploads\/2024\/06\/quizz.jpg?resize=1024%2C491&amp;ssl=1 1024w, https:\/\/i0.wp.com\/arapca.com\/wp-content\/uploads\/2024\/06\/quizz.jpg?resize=300%2C144&amp;ssl=1 300w, https:\/\/i0.wp.com\/arapca.com\/wp-content\/uploads\/2024\/06\/quizz.jpg?resize=768%2C368&amp;ssl=1 768w, https:\/\/i0.wp.com\/arapca.com\/wp-content\/uploads\/2024\/06\/quizz.jpg?resize=1536%2C736&amp;ssl=1 1536w, https:\/\/i0.wp.com\/arapca.com\/wp-content\/uploads\/2024\/06\/quizz.jpg?resize=600%2C288&amp;ssl=1 600w, https:\/\/i0.wp.com\/arapca.com\/wp-content\/uploads\/2024\/06\/quizz.jpg?w=1836&amp;ssl=1 1836w, https:\/\/i0.wp.com\/arapca.com\/wp-content\/uploads\/2024\/06\/quizz.jpg?w=1280&amp;ssl=1 1280w\" sizes=\"auto, (max-width: 640px) 100vw, 640px\" \/><\/a><\/figure>\n\n\n\n<div class=\"wp-block-buttons is-layout-flex wp-block-buttons-is-layout-flex\">\n<div class=\"wp-block-button has-custom-width wp-block-button__width-100\"><a class=\"wp-block-button__link wp-element-button\" href=\"https:\/\/quizizz.com\/embed\/quiz\/65b7c198d1e61977a235990e\">A1 SEV\u0130YE TEST\u0130<\/a><\/div>\n<\/div>\n\n\n\n<p><a href=\"https:\/\/quizizz.com\/embed\/quiz\/65b7c198d1e61977a235990e\">A1 Seviye Testi<\/a><\/p>\n\n\n\n<figure class=\"wp-block-image size-full\"><a href=\"https:\/\/quizizz.com\/embed\/quiz\/636e67037b937d001dc97c82\"><img data-recalc-dims=\"1\" loading=\"lazy\" decoding=\"async\" width=\"460\" height=\"345\" src=\"https:\/\/i0.wp.com\/arapca.com\/wp-content\/uploads\/2024\/06\/image.png?resize=460%2C345&#038;ssl=1\" alt=\"\" class=\"wp-image-18645\" srcset=\"https:\/\/i0.wp.com\/arapca.com\/wp-content\/uploads\/2024\/06\/image.png?w=460&amp;ssl=1 460w, https:\/\/i0.wp.com\/arapca.com\/wp-content\/uploads\/2024\/06\/image.png?resize=300%2C225&amp;ssl=1 300w, https:\/\/i0.wp.com\/arapca.com\/wp-content\/uploads\/2024\/06\/image.png?resize=400%2C300&amp;ssl=1 400w\" sizes=\"auto, (max-width: 460px) 100vw, 460px\" \/><\/a><\/figure>\n\n\n\n<p><a href=\"https:\/\/quizizz.com\/embed\/quiz\/667697f0a7dd4f03ea95111e\">Quizz A1<\/a><\/p>\n\n\n\n<p><a href=\"https:\/\/quizizz.com\/embed\/quiz\/636e67037b937d001dc97c82\">Zamirler<\/a><\/p>\n\n\n\n<div class=\"wp-block-buttons is-layout-flex wp-block-buttons-is-layout-flex\">\n<div class=\"wp-block-button has-custom-width wp-block-button__width-100\"><a class=\"wp-block-button__link wp-element-button\">A2 SEV\u0130YES\u0130 TESTLER<\/a><\/div>\n<\/div>\n\n\n\n<p><a href=\"https:\/\/arapca.com\/index.php\/courses\/arapca-a2-dersleri\/quizzes\/a2-test\/\">A2 SEV\u0130YE TEST\u0130<\/a><\/p>\n\n\n\n<p><a href=\"https:\/\/arapca.com\/index.php\/2025\/03\/10\/a2-mevsimler-test\/\">Mevsimler<\/a><\/p>\n\n\n\n<div class=\"wp-block-buttons is-layout-flex wp-block-buttons-is-layout-flex\">\n<div class=\"wp-block-button has-custom-width wp-block-button__width-100\"><a class=\"wp-block-button__link wp-element-button\" href=\"https:\/\/arapca.com\/index.php\/arapca-testler\/b1-dinleme-sinavi\/\">B1 D\u0130NLEME SINAVI<\/a><\/div>\n\n\n\n<div class=\"wp-block-button has-custom-width wp-block-button__width-100\"><a class=\"wp-block-button__link wp-element-button\" href=\"https:\/\/arapca.com\/index.php\/arapca-testler\/b1-1-okuma-ve-anlama-testi\/\">B1 OKUMA VE ANLAMA SINAVI<\/a><\/div>\n<\/div>\n\n\n\n<p><\/p>\n\n\n\n<div class=\"wp-block-buttons is-layout-flex wp-block-buttons-is-layout-flex\">\n<div class=\"wp-block-button has-custom-width wp-block-button__width-100\"><a class=\"wp-block-button__link wp-element-button\" href=\"https:\/\/arapca.com\/index.php\/b2-seviyesinde-testler\/\">B2 SEV\u0130YES\u0130 TESTLER<\/a><\/div>\n<\/div>\n\n\n\n<p><\/p>\n\n\n\n<div class=\"wp-block-buttons is-layout-flex wp-block-buttons-is-layout-flex\">\n<div class=\"wp-block-button has-custom-width wp-block-button__width-100\"><a class=\"wp-block-button__link wp-element-button\" href=\"https:\/\/arapca.com\/index.php\/2025\/06\/23\/ydt-yabanci-dil-testine-mi-gireceksin-20-soruda-kendini-test-et\/\">Deneme YDT S\u0131nav Sorular\u0131<\/a><\/div>\n\n\n\n<div class=\"wp-block-button has-custom-width wp-block-button__width-100\"><a class=\"wp-block-button__link wp-element-button\" href=\"https:\/\/dokuman.osym.gov.tr\/pdfdokuman\/2025\/YKS\/TSK\/yks_ydt_arp_2025_kitapcik_Bh8V.pdf\">2025 YDT S\u0131nav Sorular\u0131 ve Cevaplar\u0131<\/a><\/div>\n<\/div>\n\n\n\n<p><\/p>\n","protected":false},"excerpt":{"rendered":"<p>KPDS ARAP\u00c7A TESTLER YDS ARAP\u00c7A TEST\u0130 Arap\u00e7a QU\u0130ZZLER A1 Seviye Testi Quizz A1 Zamirler A2 SEV\u0130YE TEST\u0130 Mevsimler<\/p>\n","protected":false},"author":2,"featured_media":0,"parent":0,"menu_order":0,"comment_status":"closed","ping_status":"closed","template":"","meta":{"_bbp_topic_count":0,"_bbp_reply_count":0,"_bbp_total_topic_count":0,"_bbp_total_reply_count":0,"_bbp_voice_count":0,"_bbp_anonymous_reply_count":0,"_bbp_topic_count_hidden":0,"_bbp_reply_count_hidden":0,"_bbp_forum_subforum_count":0,"footnotes":""},"class_list":["post-18795","page","type-page","status-publish","hentry"],"jetpack_sharing_enabled":true,"jetpack_likes_enabled":true,"_links":{"self":[{"href":"https:\/\/arapca.com\/index.php\/wp-json\/wp\/v2\/pages\/18795","targetHints":{"allow":["GET"]}}],"collection":[{"href":"https:\/\/arapca.com\/index.php\/wp-json\/wp\/v2\/pages"}],"about":[{"href":"https:\/\/arapca.com\/index.php\/wp-json\/wp\/v2\/types\/page"}],"author":[{"embeddable":true,"href":"https:\/\/arapca.com\/index.php\/wp-json\/wp\/v2\/users\/2"}],"replies":[{"embeddable":true,"href":"https:\/\/arapca.com\/index.php\/wp-json\/wp\/v2\/comments?post=18795"}],"version-history":[{"count":25,"href":"https:\/\/arapca.com\/index.php\/wp-json\/wp\/v2\/pages\/18795\/revisions"}],"predecessor-version":[{"id":23552,"href":"https:\/\/arapca.com\/index.php\/wp-json\/wp\/v2\/pages\/18795\/revisions\/23552"}],"wp:attachment":[{"href":"https:\/\/arapca.com\/index.php\/wp-json\/wp\/v2\/media?parent=18795"}],"curies":[{"name":"wp","href":"https:\/\/api.w.org\/{rel}","templated":true}]}}