{"id":18760,"date":"2024-06-08T10:10:46","date_gmt":"2024-06-08T07:10:46","guid":{"rendered":"https:\/\/arapca.com\/?page_id=18760"},"modified":"2025-03-17T19:10:15","modified_gmt":"2025-03-17T16:10:15","slug":"arapca-diziler","status":"publish","type":"page","link":"https:\/\/arapca.com\/index.php\/arapca-videolar\/arapca-diziler\/","title":{"rendered":"Arap\u00e7a Diziler"},"content":{"rendered":"\n<p><\/p>\n\n\n\n<figure class=\"wp-block-image\"><img data-recalc-dims=\"1\" decoding=\"async\" src=\"https:\/\/i0.wp.com\/arapcaogreniyorum.com.tr\/wp-content\/uploads\/2023\/03\/yusuf.jpg?w=640&#038;ssl=1\" alt=\"\" class=\"wp-image-4875\"\/><\/figure>\n\n\n\n<p><a href=\"https:\/\/www.youtube.com\/playlist?list=PLgSTXtzkCBJcj-fTxZihL-EJahrDZMjad\">Hz. Yusuf (46 B\u00f6l\u00fcm)<\/a><\/p>\n\n\n\n<p><a href=\"https:\/\/www.youtube.com\/playlist?list=PLQP03I9fS2V_Kl1XbsmKPVETTjXsejOKI\">Hz. \u00d6mer (31 B\u00f6l\u00fcm)<\/a><\/p>\n\n\n\n<p><a href=\"https:\/\/www.youtube.com\/playlist?list=PLil8iaosRlqsjT5i57iZ_gfiXQZ3wjcym\">Antere \u0130bn \u015eeddat (33 B\u00f6l\u00fcm)<\/a><\/p>\n\n\n\n<p><a href=\"https:\/\/youtu.be\/_ygRn0Z3NH0\">Muaviye b. Ebi S\u00fcfyan<\/a><\/p>\n\n\n\n<p><a href=\"https:\/\/www.youtube.com\/playlist?list=PLtHEKBuBgFdUohIFK6BTp0iUbFv11tpjQ\">Ahmed bin Hambel (32 B\u00f6l\u00fcm)<\/a><\/p>\n\n\n\n<p><a href=\"https:\/\/www.youtube.com\/playlist?list=PLOpvfjrLz9udFIKYigqh1NpG19pEIrO18\">Selahaddin Eyyubi (31 B\u00f6l\u00fcm)<\/a><\/p>\n\n\n\n<p><a href=\"https:\/\/www.youtube.com\/playlist?list=PLLcpeauQVc1s6Z1z-xkyxjEFwY7LuwFQm\">Arabistanl\u0131 Lawrance (37 B\u00f6l\u00fcm)<\/a><\/p>\n\n\n\n<p><\/p>\n","protected":false},"excerpt":{"rendered":"<p>Hz. Yusuf (46 B\u00f6l\u00fcm) Hz. \u00d6mer (31 B\u00f6l\u00fcm) Antere \u0130bn \u015eeddat (33 B\u00f6l\u00fcm) Muaviye b. Ebi S\u00fcfyan Ahmed bin Hambel (32 B\u00f6l\u00fcm) Selahaddin Eyyubi (31 B\u00f6l\u00fcm) Arabistanl\u0131 Lawrance (37 B\u00f6l\u00fcm)<\/p>\n","protected":false},"author":2,"featured_media":0,"parent":18753,"menu_order":0,"comment_status":"closed","ping_status":"closed","template":"","meta":{"_bbp_topic_count":0,"_bbp_reply_count":0,"_bbp_total_topic_count":0,"_bbp_total_reply_count":0,"_bbp_voice_count":0,"_bbp_anonymous_reply_count":0,"_bbp_topic_count_hidden":0,"_bbp_reply_count_hidden":0,"_bbp_forum_subforum_count":0,"footnotes":""},"class_list":["post-18760","page","type-page","status-publish","hentry"],"jetpack_sharing_enabled":true,"jetpack_likes_enabled":true,"_links":{"self":[{"href":"https:\/\/arapca.com\/index.php\/wp-json\/wp\/v2\/pages\/18760","targetHints":{"allow":["GET"]}}],"collection":[{"href":"https:\/\/arapca.com\/index.php\/wp-json\/wp\/v2\/pages"}],"about":[{"href":"https:\/\/arapca.com\/index.php\/wp-json\/wp\/v2\/types\/page"}],"author":[{"embeddable":true,"href":"https:\/\/arapca.com\/index.php\/wp-json\/wp\/v2\/users\/2"}],"replies":[{"embeddable":true,"href":"https:\/\/arapca.com\/index.php\/wp-json\/wp\/v2\/comments?post=18760"}],"version-history":[{"count":3,"href":"https:\/\/arapca.com\/index.php\/wp-json\/wp\/v2\/pages\/18760\/revisions"}],"predecessor-version":[{"id":22683,"href":"https:\/\/arapca.com\/index.php\/wp-json\/wp\/v2\/pages\/18760\/revisions\/22683"}],"up":[{"embeddable":true,"href":"https:\/\/arapca.com\/index.php\/wp-json\/wp\/v2\/pages\/18753"}],"wp:attachment":[{"href":"https:\/\/arapca.com\/index.php\/wp-json\/wp\/v2\/media?parent=18760"}],"curies":[{"name":"wp","href":"https:\/\/api.w.org\/{rel}","templated":true}]}}