{"id":18662,"date":"2024-06-04T13:25:50","date_gmt":"2024-06-04T10:25:50","guid":{"rendered":"https:\/\/arapca.com\/?page_id=18662"},"modified":"2024-06-04T13:26:53","modified_gmt":"2024-06-04T10:26:53","slug":"muzari-fiil","status":"publish","type":"page","link":"https:\/\/arapca.com\/index.php\/arapca-dilbilgisi\/muzari-fiil\/","title":{"rendered":"Muzari Fiil"},"content":{"rendered":"\n<p class=\"has-huge-font-size\"><strong>\u0627\u0644\u0641\u0639\u0644 \u0627\u0644\u0645\u0636\u0627\u0631\u0639<\/strong><\/p>\n\n\n\n<figure class=\"wp-block-embed is-type-video is-provider-youtube wp-block-embed-youtube wp-embed-aspect-16-9 wp-has-aspect-ratio\"><div class=\"wp-block-embed__wrapper\">\n<iframe loading=\"lazy\" title=\"Muz\u00e2ri Fiil \u00c7ekim Tablosunun Analizi (YEKTUBU)\" width=\"640\" height=\"360\" src=\"https:\/\/www.youtube.com\/embed\/9Xavp8h_nbo?feature=oembed\" frameborder=\"0\" allow=\"accelerometer; autoplay; clipboard-write; encrypted-media; gyroscope; picture-in-picture; web-share\" referrerpolicy=\"strict-origin-when-cross-origin\" allowfullscreen><\/iframe>\n<\/div><\/figure>\n\n\n\n<figure class=\"wp-block-embed is-type-video is-provider-youtube wp-block-embed-youtube wp-embed-aspect-16-9 wp-has-aspect-ratio\"><div class=\"wp-block-embed__wrapper\">\n<iframe loading=\"lazy\" title=\"Muz\u00e2ri Fiil \u00c7ekim Al\u0131\u015ft\u0131rmas\u0131: 1 (YEKTUBU)\" width=\"640\" height=\"360\" src=\"https:\/\/www.youtube.com\/embed\/XxOrTor2nS8?feature=oembed\" frameborder=\"0\" allow=\"accelerometer; autoplay; clipboard-write; encrypted-media; gyroscope; picture-in-picture; web-share\" referrerpolicy=\"strict-origin-when-cross-origin\" allowfullscreen><\/iframe>\n<\/div><\/figure>\n","protected":false},"excerpt":{"rendered":"<p>\u0627\u0644\u0641\u0639\u0644 \u0627\u0644\u0645\u0636\u0627\u0631\u0639<\/p>\n","protected":false},"author":2,"featured_media":0,"parent":17091,"menu_order":0,"comment_status":"closed","ping_status":"closed","template":"","meta":{"_bbp_topic_count":0,"_bbp_reply_count":0,"_bbp_total_topic_count":0,"_bbp_total_reply_count":0,"_bbp_voice_count":0,"_bbp_anonymous_reply_count":0,"_bbp_topic_count_hidden":0,"_bbp_reply_count_hidden":0,"_bbp_forum_subforum_count":0,"footnotes":""},"class_list":["post-18662","page","type-page","status-publish","hentry"],"jetpack_sharing_enabled":true,"jetpack_likes_enabled":true,"_links":{"self":[{"href":"https:\/\/arapca.com\/index.php\/wp-json\/wp\/v2\/pages\/18662","targetHints":{"allow":["GET"]}}],"collection":[{"href":"https:\/\/arapca.com\/index.php\/wp-json\/wp\/v2\/pages"}],"about":[{"href":"https:\/\/arapca.com\/index.php\/wp-json\/wp\/v2\/types\/page"}],"author":[{"embeddable":true,"href":"https:\/\/arapca.com\/index.php\/wp-json\/wp\/v2\/users\/2"}],"replies":[{"embeddable":true,"href":"https:\/\/arapca.com\/index.php\/wp-json\/wp\/v2\/comments?post=18662"}],"version-history":[{"count":2,"href":"https:\/\/arapca.com\/index.php\/wp-json\/wp\/v2\/pages\/18662\/revisions"}],"predecessor-version":[{"id":18665,"href":"https:\/\/arapca.com\/index.php\/wp-json\/wp\/v2\/pages\/18662\/revisions\/18665"}],"up":[{"embeddable":true,"href":"https:\/\/arapca.com\/index.php\/wp-json\/wp\/v2\/pages\/17091"}],"wp:attachment":[{"href":"https:\/\/arapca.com\/index.php\/wp-json\/wp\/v2\/media?parent=18662"}],"curies":[{"name":"wp","href":"https:\/\/api.w.org\/{rel}","templated":true}]}}