{"id":18658,"date":"2024-06-04T13:17:49","date_gmt":"2024-06-04T10:17:49","guid":{"rendered":"https:\/\/arapca.com\/?page_id=18658"},"modified":"2025-05-03T20:43:57","modified_gmt":"2025-05-03T17:43:57","slug":"mazi-fiil","status":"publish","type":"page","link":"https:\/\/arapca.com\/index.php\/mazi-fiil\/","title":{"rendered":"Mazi Fiil"},"content":{"rendered":"\n<p class=\"has-huge-font-size\"><strong>Mazi Fiil \u0627\u0644\u0641\u0639\u0644 \u0627\u0644\u0645\u0627\u0636\u064a<\/strong><\/p>\n\n\n\n<h3 class=\"wp-block-heading\"><strong>Tan\u0131m:<\/strong><\/h3>\n\n\n\n<p>Arap\u00e7ada <strong>&#8220;fiil&#8221; (\u0627\u0644\u0641\u0639\u0644)<\/strong>; bir i\u015f, olu\u015f veya hareket bildiren kelimedir.<br><strong>Mazi fiil (\u0627\u0644\u0641\u0639\u0644 \u0627\u0644\u0645\u0627\u0636\u064a)<\/strong> ise <strong>ge\u00e7mi\u015fte<\/strong> ger\u00e7ekle\u015fmi\u015f bir eylemi ifade eder.<br>Yani olay\u0131n <strong>bitmi\u015f<\/strong> ve <strong>tamamlanm\u0131\u015f<\/strong> oldu\u011funu g\u00f6sterir.<\/p>\n\n\n\n<hr class=\"wp-block-separator has-alpha-channel-opacity\"\/>\n\n\n\n<h3 class=\"wp-block-heading has-vivid-red-color has-text-color has-link-color wp-elements-17f89bcd458d6310a65094bf164a4689\"><strong>Mazi Fiilin Yap\u0131s\u0131:<\/strong><\/h3>\n\n\n\n<p>Mazi fiiller genellikle <strong>\u00fc\u00e7 harfli k\u00f6k<\/strong> \u00fczerine kurulur. Bu k\u00f6klere <strong>&#8220;s\u00fclasi m\u00fccerred&#8221;<\/strong> denir.<br>Mazi fiilin temel kal\u0131b\u0131 \u015fu \u015fekildedir:<\/p>\n\n\n\n<p>\ud83d\udccc <strong>\u0641\u064e\u0639\u064e\u0644\u064e<\/strong> (fa\u2018ala) \u2192 yapt\u0131<\/p>\n\n\n\n<p>Burada:<\/p>\n\n\n\n<ul class=\"wp-block-list\">\n<li>\u0641 = ilk harf (fa)<\/li>\n\n\n\n<li>\u0639 = ikinci harf (ayn)<\/li>\n\n\n\n<li>\u0644 = \u00fc\u00e7\u00fcnc\u00fc harf (lam)<\/li>\n<\/ul>\n\n\n\n<hr class=\"wp-block-separator has-alpha-channel-opacity\"\/>\n\n\n\n<h3 class=\"wp-block-heading has-vivid-red-color has-text-color has-link-color wp-elements-efb710e3886ad8e1e1ad44d776b15965\"><strong>Mazi Fiilin \u00c7ekimi:<\/strong><\/h3>\n\n\n\n<p>A\u015fa\u011f\u0131da \u201c\u0643\u062a\u0628\u201d (yazd\u0131) fiilinin mazi \u00e7ekimi verilmi\u015ftir:<\/p>\n\n\n\n<figure class=\"wp-block-image size-full\"><img data-recalc-dims=\"1\" loading=\"lazy\" decoding=\"async\" width=\"640\" height=\"643\" src=\"https:\/\/i0.wp.com\/arapca.com\/wp-content\/uploads\/2025\/05\/mazi-fiil-ornek-cekimi.jpg?resize=640%2C643&#038;ssl=1\" alt=\"\" class=\"wp-image-23110\" srcset=\"https:\/\/i0.wp.com\/arapca.com\/wp-content\/uploads\/2025\/05\/mazi-fiil-ornek-cekimi.jpg?w=758&amp;ssl=1 758w, https:\/\/i0.wp.com\/arapca.com\/wp-content\/uploads\/2025\/05\/mazi-fiil-ornek-cekimi.jpg?resize=300%2C300&amp;ssl=1 300w, https:\/\/i0.wp.com\/arapca.com\/wp-content\/uploads\/2025\/05\/mazi-fiil-ornek-cekimi.jpg?resize=150%2C150&amp;ssl=1 150w, https:\/\/i0.wp.com\/arapca.com\/wp-content\/uploads\/2025\/05\/mazi-fiil-ornek-cekimi.jpg?resize=600%2C602&amp;ssl=1 600w, https:\/\/i0.wp.com\/arapca.com\/wp-content\/uploads\/2025\/05\/mazi-fiil-ornek-cekimi.jpg?resize=100%2C100&amp;ssl=1 100w\" sizes=\"auto, (max-width: 640px) 100vw, 640px\" \/><\/figure>\n\n\n\n<figure class=\"wp-block-table\"><table class=\"has-fixed-layout\"><thead><tr><th>\u015eah\u0131s<\/th><th>Arap\u00e7a<\/th><th>T\u00fcrk\u00e7esi<\/th><\/tr><\/thead><tbody><tr><td>\u0647\u0648 (erkek)<\/td><td>\u0643\u064e\u062a\u064e\u0628\u064e<\/td><td>o yazd\u0131<\/td><\/tr><tr><td>\u0647\u064a (kad\u0131n)<\/td><td>\u0643\u064e\u062a\u064e\u0628\u064e\u062a\u0652<\/td><td>o (kad\u0131n) yazd\u0131<\/td><\/tr><tr><td>\u0623\u0646\u062a\u064e<\/td><td>\u0643\u064e\u062a\u064e\u0628\u0652\u062a\u064e<\/td><td>sen (erkek) yazd\u0131n<\/td><\/tr><tr><td>\u0623\u0646\u062a\u0650<\/td><td>\u0643\u064e\u062a\u064e\u0628\u0652\u062a\u0650<\/td><td>sen (kad\u0131n) yazd\u0131n<\/td><\/tr><tr><td>\u0623\u0646\u0627<\/td><td>\u0643\u064e\u062a\u064e\u0628\u0652\u062a\u064f<\/td><td>ben yazd\u0131m<\/td><\/tr><tr><td>\u0646\u062d\u0646<\/td><td>\u0643\u064e\u062a\u064e\u0628\u0652\u0646\u064e\u0627<\/td><td>biz yazd\u0131k<\/td><\/tr><tr><td>\u0647\u0645<\/td><td>\u0643\u064e\u062a\u064e\u0628\u064f\u0648\u0627<\/td><td>onlar (erkekler) yazd\u0131lar<\/td><\/tr><tr><td>\u0647\u0646\u064e\u0651<\/td><td>\u0643\u064e\u062a\u064e\u0628\u0652\u0646\u064e<\/td><td>onlar (kad\u0131nlar) yazd\u0131lar<\/td><\/tr><\/tbody><\/table><\/figure>\n\n\n\n<hr class=\"wp-block-separator has-alpha-channel-opacity\"\/>\n\n\n\n<figure class=\"wp-block-image size-full\"><img data-recalc-dims=\"1\" loading=\"lazy\" decoding=\"async\" width=\"640\" height=\"530\" src=\"https:\/\/i0.wp.com\/arapca.com\/wp-content\/uploads\/2025\/05\/mazi-fiil-cekim-ekleri.jpg?resize=640%2C530&#038;ssl=1\" alt=\"\" class=\"wp-image-23109\" srcset=\"https:\/\/i0.wp.com\/arapca.com\/wp-content\/uploads\/2025\/05\/mazi-fiil-cekim-ekleri.jpg?w=917&amp;ssl=1 917w, https:\/\/i0.wp.com\/arapca.com\/wp-content\/uploads\/2025\/05\/mazi-fiil-cekim-ekleri.jpg?resize=300%2C248&amp;ssl=1 300w, https:\/\/i0.wp.com\/arapca.com\/wp-content\/uploads\/2025\/05\/mazi-fiil-cekim-ekleri.jpg?resize=768%2C636&amp;ssl=1 768w, https:\/\/i0.wp.com\/arapca.com\/wp-content\/uploads\/2025\/05\/mazi-fiil-cekim-ekleri.jpg?resize=600%2C497&amp;ssl=1 600w\" sizes=\"auto, (max-width: 640px) 100vw, 640px\" \/><\/figure>\n\n\n\n<h3 class=\"wp-block-heading has-text-color has-link-color wp-elements-c4149d9afcb7799a128165a06c481f67\" style=\"color:#fa0707\"><strong>Mazi Fiile \u00d6rnek C\u00fcmleler:<\/strong><\/h3>\n\n\n\n<ol class=\"wp-block-list\">\n<li><strong>\u0630\u064e\u0647\u064e\u0628\u064e \u0645\u064f\u062d\u064e\u0645\u064e\u0651\u062f\u064c \u0625\u0650\u0644\u064e\u0649 \u0627\u0644\u0652\u0645\u064e\u062f\u0652\u0631\u064e\u0633\u064e\u0629\u0650.<\/strong><br>(Muhammed okula <strong>gitti<\/strong>.)<\/li>\n\n\n\n<li><strong>\u0623\u064e\u0643\u064e\u0644\u0652\u062a\u064f \u0627\u0644\u062a\u064f\u0651\u0641\u064e\u0651\u0627\u062d\u064e.<\/strong><br>(Elmay\u0131 <strong>yedin<\/strong>.)<\/li>\n\n\n\n<li><strong>\u0644\u064e\u0639\u0650\u0628\u064e \u0627\u0644\u0623\u064e\u0637\u0652\u0641\u064e\u0627\u0644\u064f \u0641\u0650\u064a \u0627\u0644\u062d\u064e\u062f\u0650\u064a\u0642\u064e\u0629\u0650.<\/strong><br>(\u00c7ocuklar bah\u00e7ede <strong>oynad\u0131<\/strong>.)<\/li>\n\n\n\n<li><strong>\u062f\u064e\u0631\u064e\u0633\u0652\u0646\u064e\u0627 \u0627\u0644\u0644\u064f\u0651\u063a\u064e\u0629\u064e \u0627\u0644\u0639\u064e\u0631\u064e\u0628\u0650\u064a\u064e\u0651\u0629\u064e.<\/strong><br>(Arap\u00e7ay\u0131 <strong>\u00e7al\u0131\u015ft\u0131k<\/strong>.)<\/li>\n\n\n\n<li><strong>\u0633\u064e\u0645\u0650\u0639\u064e\u062a\u0652 \u0632\u064e\u064a\u0652\u0646\u064e\u0628\u064f \u0627\u0644\u062e\u064e\u0628\u064e\u0631\u064e.<\/strong><br>(Zeynep haberi <strong>duydu<\/strong>.)<\/li>\n<\/ol>\n\n\n\n<hr class=\"wp-block-separator has-alpha-channel-opacity\"\/>\n\n\n\n<h3 class=\"wp-block-heading\"><strong>Notlar:<\/strong><\/h3>\n\n\n\n<ul class=\"wp-block-list\">\n<li>Mazi fiilde zaman <strong>de\u011fi\u015fmez<\/strong>, sadece <strong>\u015fah\u0131sa g\u00f6re<\/strong> sonuna ekler gelir.<\/li>\n\n\n\n<li>Fiilin k\u00f6k\u00fc genellikle anlam\u0131 verir: \u00d6rne\u011fin,\n<ul class=\"wp-block-list\">\n<li><strong>\u0643\u064e\u062a\u064e\u0628\u064e<\/strong>: yazd\u0131<\/li>\n\n\n\n<li><strong>\u0642\u064e\u0631\u064e\u0623\u064e<\/strong>: okudu<\/li>\n\n\n\n<li><strong>\u0641\u064e\u0647\u0650\u0645\u064e<\/strong>: anlad\u0131<\/li>\n\n\n\n<li><strong>\u062e\u064e\u0631\u064e\u062c\u064e<\/strong>: \u00e7\u0131kt\u0131<\/li>\n<\/ul>\n<\/li>\n<\/ul>\n\n\n\n<figure class=\"wp-block-embed is-type-video is-provider-youtube wp-block-embed-youtube wp-embed-aspect-16-9 wp-has-aspect-ratio\"><div class=\"wp-block-embed__wrapper\">\n<iframe loading=\"lazy\" title=\"17.DERS: Mazi Fiil - 1\" width=\"640\" height=\"360\" src=\"https:\/\/www.youtube.com\/embed\/piK7HP4pxG0?feature=oembed\" frameborder=\"0\" allow=\"accelerometer; autoplay; clipboard-write; encrypted-media; gyroscope; picture-in-picture; web-share\" referrerpolicy=\"strict-origin-when-cross-origin\" allowfullscreen><\/iframe>\n<\/div><\/figure>\n\n\n\n<p><em>A1 Seviyesi i\u00e7in uygundur.<\/em><\/p>\n\n\n\n<hr class=\"wp-block-separator has-alpha-channel-opacity\"\/>\n\n\n\n<p><strong><em> A2 Seviyesi i\u00e7in uygundur.<\/em><\/strong><\/p>\n\n\n\n<figure class=\"wp-block-embed is-type-video is-provider-youtube wp-block-embed-youtube wp-embed-aspect-16-9 wp-has-aspect-ratio\"><div class=\"wp-block-embed__wrapper\">\n<iframe loading=\"lazy\" title=\"Mazi Fiil \u00c7ekim Al\u0131\u015ft\u0131rmas\u0131: 1 (KETEBE)\" width=\"640\" height=\"360\" src=\"https:\/\/www.youtube.com\/embed\/5y3MZ5HvTRE?feature=oembed\" frameborder=\"0\" allow=\"accelerometer; autoplay; clipboard-write; encrypted-media; gyroscope; picture-in-picture; web-share\" referrerpolicy=\"strict-origin-when-cross-origin\" allowfullscreen><\/iframe>\n<\/div><\/figure>\n","protected":false},"excerpt":{"rendered":"<p>Mazi Fiil \u0627\u0644\u0641\u0639\u0644 \u0627\u0644\u0645\u0627\u0636\u064a Tan\u0131m: Arap\u00e7ada &#8220;fiil&#8221; (\u0627\u0644\u0641\u0639\u0644); bir i\u015f, olu\u015f veya hareket bildiren kelimedir.Mazi fiil (\u0627\u0644\u0641\u0639\u0644 \u0627\u0644\u0645\u0627\u0636\u064a) ise ge\u00e7mi\u015fte ger\u00e7ekle\u015fmi\u015f bir eylemi ifade eder.Yani olay\u0131n bitmi\u015f ve tamamlanm\u0131\u015f oldu\u011funu g\u00f6sterir. Mazi Fiilin Yap\u0131s\u0131: Mazi fiiller genellikle \u00fc\u00e7 harfli k\u00f6k &hellip; <\/p>\n","protected":false},"author":2,"featured_media":0,"parent":0,"menu_order":0,"comment_status":"closed","ping_status":"closed","template":"","meta":{"_bbp_topic_count":0,"_bbp_reply_count":0,"_bbp_total_topic_count":0,"_bbp_total_reply_count":0,"_bbp_voice_count":0,"_bbp_anonymous_reply_count":0,"_bbp_topic_count_hidden":0,"_bbp_reply_count_hidden":0,"_bbp_forum_subforum_count":0,"footnotes":""},"class_list":["post-18658","page","type-page","status-publish","hentry"],"jetpack_sharing_enabled":true,"jetpack_likes_enabled":true,"_links":{"self":[{"href":"https:\/\/arapca.com\/index.php\/wp-json\/wp\/v2\/pages\/18658","targetHints":{"allow":["GET"]}}],"collection":[{"href":"https:\/\/arapca.com\/index.php\/wp-json\/wp\/v2\/pages"}],"about":[{"href":"https:\/\/arapca.com\/index.php\/wp-json\/wp\/v2\/types\/page"}],"author":[{"embeddable":true,"href":"https:\/\/arapca.com\/index.php\/wp-json\/wp\/v2\/users\/2"}],"replies":[{"embeddable":true,"href":"https:\/\/arapca.com\/index.php\/wp-json\/wp\/v2\/comments?post=18658"}],"version-history":[{"count":5,"href":"https:\/\/arapca.com\/index.php\/wp-json\/wp\/v2\/pages\/18658\/revisions"}],"predecessor-version":[{"id":23111,"href":"https:\/\/arapca.com\/index.php\/wp-json\/wp\/v2\/pages\/18658\/revisions\/23111"}],"wp:attachment":[{"href":"https:\/\/arapca.com\/index.php\/wp-json\/wp\/v2\/media?parent=18658"}],"curies":[{"name":"wp","href":"https:\/\/api.w.org\/{rel}","templated":true}]}}