{"id":18651,"date":"2024-06-04T11:38:14","date_gmt":"2024-06-04T08:38:14","guid":{"rendered":"https:\/\/arapca.com\/?page_id=18651"},"modified":"2024-06-04T11:39:15","modified_gmt":"2024-06-04T08:39:15","slug":"ismi-meful","status":"publish","type":"page","link":"https:\/\/arapca.com\/index.php\/arapca-dilbilgisi\/ismi-meful\/","title":{"rendered":"\u0130smi Meful"},"content":{"rendered":"\n<p class=\"has-huge-font-size\"><strong>\u0627\u0633\u0645 \u0645\u0641\u0639\u0648\u0644<\/strong> (\u0130sm-i Mef&#8217;\u00fbl)<\/p>\n\n\n\n<figure class=\"wp-block-embed is-type-video is-provider-youtube wp-block-embed-youtube wp-embed-aspect-16-9 wp-has-aspect-ratio\"><div class=\"wp-block-embed__wrapper\">\n<iframe loading=\"lazy\" title=\"11. Kur&#039;an Arap\u00e7as\u0131 Dersleri - \u0130smi Meful\" width=\"640\" height=\"360\" src=\"https:\/\/www.youtube.com\/embed\/FTmjw0qFc40?feature=oembed\" frameborder=\"0\" allow=\"accelerometer; autoplay; clipboard-write; encrypted-media; gyroscope; picture-in-picture; web-share\" referrerpolicy=\"strict-origin-when-cross-origin\" allowfullscreen><\/iframe>\n<\/div><\/figure>\n","protected":false},"excerpt":{"rendered":"<p>\u0627\u0633\u0645 \u0645\u0641\u0639\u0648\u0644 (\u0130sm-i Mef&#8217;\u00fbl)<\/p>\n","protected":false},"author":2,"featured_media":0,"parent":17091,"menu_order":0,"comment_status":"closed","ping_status":"closed","template":"","meta":{"_bbp_topic_count":0,"_bbp_reply_count":0,"_bbp_total_topic_count":0,"_bbp_total_reply_count":0,"_bbp_voice_count":0,"_bbp_anonymous_reply_count":0,"_bbp_topic_count_hidden":0,"_bbp_reply_count_hidden":0,"_bbp_forum_subforum_count":0,"footnotes":""},"class_list":["post-18651","page","type-page","status-publish","hentry"],"jetpack_sharing_enabled":true,"jetpack_likes_enabled":true,"_links":{"self":[{"href":"https:\/\/arapca.com\/index.php\/wp-json\/wp\/v2\/pages\/18651","targetHints":{"allow":["GET"]}}],"collection":[{"href":"https:\/\/arapca.com\/index.php\/wp-json\/wp\/v2\/pages"}],"about":[{"href":"https:\/\/arapca.com\/index.php\/wp-json\/wp\/v2\/types\/page"}],"author":[{"embeddable":true,"href":"https:\/\/arapca.com\/index.php\/wp-json\/wp\/v2\/users\/2"}],"replies":[{"embeddable":true,"href":"https:\/\/arapca.com\/index.php\/wp-json\/wp\/v2\/comments?post=18651"}],"version-history":[{"count":2,"href":"https:\/\/arapca.com\/index.php\/wp-json\/wp\/v2\/pages\/18651\/revisions"}],"predecessor-version":[{"id":18653,"href":"https:\/\/arapca.com\/index.php\/wp-json\/wp\/v2\/pages\/18651\/revisions\/18653"}],"up":[{"embeddable":true,"href":"https:\/\/arapca.com\/index.php\/wp-json\/wp\/v2\/pages\/17091"}],"wp:attachment":[{"href":"https:\/\/arapca.com\/index.php\/wp-json\/wp\/v2\/media?parent=18651"}],"curies":[{"name":"wp","href":"https:\/\/api.w.org\/{rel}","templated":true}]}}