{"id":18633,"date":"2024-06-03T11:09:26","date_gmt":"2024-06-03T08:09:26","guid":{"rendered":"https:\/\/arapca.com\/?page_id=18633"},"modified":"2025-01-17T09:49:17","modified_gmt":"2025-01-17T06:49:17","slug":"arapca-ogreten-kitaplar","status":"publish","type":"page","link":"https:\/\/arapca.com\/index.php\/kitaplar\/arapca-ogreten-kitaplar\/","title":{"rendered":"Arap\u00e7a \u00d6\u011freten Kitaplar"},"content":{"rendered":"\n<p class=\"has-text-align-center has-text-color has-link-color has-large-font-size wp-elements-98494227c5f6323d94ae1476c9d93333\" style=\"color:#f90404\"><strong>\u0130MAM HAT\u0130P ORTAOKULU ARAP\u00c7A DERS K\u0130TAPLARI<\/strong><\/p>\n\n\n\n<p class=\"has-text-align-center\"><strong>\u0130HO Arap\u00e7a<\/strong><\/p>\n\n\n\n<div class=\"wp-block-buttons is-layout-flex wp-block-buttons-is-layout-flex\">\n<div class=\"wp-block-button has-custom-width wp-block-button__width-50\"><a class=\"wp-block-button__link wp-element-button\" href=\"https:\/\/drive.google.com\/file\/d\/1xu2RVqCUWb-vqgEW56jJA7riN_-h-1EU\/view\">5. S\u0131n\u0131f Arap\u00e7a Kitab\u0131<\/a><\/div>\n\n\n\n<div class=\"wp-block-button has-custom-width wp-block-button__width-50\"><a class=\"wp-block-button__link wp-element-button\" href=\"https:\/\/drive.google.com\/file\/d\/1yAyx8i8sdkU03TaGApRcr8xxc7djcNiD\/view\">6. S\u0131n\u0131f Arap\u00e7a Kitab\u0131<\/a><\/div>\n\n\n\n<div class=\"wp-block-button has-custom-width wp-block-button__width-50\"><a class=\"wp-block-button__link wp-element-button\" href=\"https:\/\/drive.google.com\/file\/d\/1JRhokyakprezTvnUxNKd4o_9rIklYtL0\/view\">7. S\u0131n\u0131f Arap\u00e7a Kitab\u0131<\/a><\/div>\n\n\n\n<div class=\"wp-block-button has-custom-width wp-block-button__width-50\"><a class=\"wp-block-button__link wp-element-button\" href=\"https:\/\/drive.google.com\/file\/d\/1OGZUWR6j759-liCT4YkpwD462rH_e64t\/view\">8. S\u0131n\u0131f Arap\u00e7a Kitab\u0131<\/a><\/div>\n<\/div>\n\n\n\n<p><\/p>\n\n\n\n<p class=\"has-text-align-center\"><strong>A\u0130HL Arap\u00e7a<\/strong><\/p>\n\n\n\n<p class=\"has-text-align-center has-text-color has-link-color has-large-font-size wp-elements-8e7c64b329a3e9a698327e9579f21651\" style=\"color:#fe1201\"><strong>ANADOLU \u0130MAM HAT\u0130P L\u0130SES\u0130 ARAP\u00c7A DERS K\u0130TAPLARI<\/strong><\/p>\n\n\n\n<div class=\"wp-block-buttons is-layout-flex wp-block-buttons-is-layout-flex\">\n<div class=\"wp-block-button has-custom-width wp-block-button__width-50\"><a class=\"wp-block-button__link wp-element-button\" href=\"https:\/\/www.bilalhoca.com\/9-sinif-arapca-kitabi#9-sinif-arapca-kitabi-indirme-linki\">9. S\u0131n\u0131f Arap\u00e7a Kitab\u0131<\/a><\/div>\n\n\n\n<div class=\"wp-block-button has-custom-width wp-block-button__width-50\"><a class=\"wp-block-button__link wp-element-button\" href=\"https:\/\/drive.google.com\/file\/d\/1s81nH4pHCRGvPHZ3xzFQB2G4DUhiH0Z6\/view\">10. S\u0131n\u0131f Arap\u00e7a Kitab\u0131<\/a><\/div>\n\n\n\n<div class=\"wp-block-button has-custom-width wp-block-button__width-50\"><a class=\"wp-block-button__link wp-element-button\" href=\"https:\/\/drive.google.com\/file\/d\/1o2xDAj9lLLTHSozHbIdK18JJYNlRujeB\/view\">11. S\u0131n\u0131f Arap\u00e7a Kitab\u0131<\/a><\/div>\n\n\n\n<div class=\"wp-block-button has-custom-width wp-block-button__width-50\"><a class=\"wp-block-button__link wp-element-button\" href=\"https:\/\/drive.google.com\/file\/d\/1reI0ViRtILBX1QO6gUIcUq34RCexGLFq\/view\">12. S\u0131n\u0131f Arap\u00e7a Kitab\u0131<\/a><\/div>\n<\/div>\n\n\n\n<p><\/p>\n","protected":false},"excerpt":{"rendered":"<p>\u0130mam Hatip Ortaokulu ve Anadolu \u0130mam Hatip Lisesi ders kitaplar\u0131n\u0131 buradan indirebilirsiniz.<\/p>\n","protected":false},"author":2,"featured_media":0,"parent":17833,"menu_order":0,"comment_status":"closed","ping_status":"closed","template":"","meta":{"_bbp_topic_count":0,"_bbp_reply_count":0,"_bbp_total_topic_count":0,"_bbp_total_reply_count":0,"_bbp_voice_count":0,"_bbp_anonymous_reply_count":0,"_bbp_topic_count_hidden":0,"_bbp_reply_count_hidden":0,"_bbp_forum_subforum_count":0,"advanced_seo_description":"","jetpack_seo_html_title":"","jetpack_seo_noindex":false,"footnotes":""},"class_list":["post-18633","page","type-page","status-publish","hentry"],"jetpack_sharing_enabled":true,"jetpack_likes_enabled":true,"_links":{"self":[{"href":"https:\/\/arapca.com\/index.php\/wp-json\/wp\/v2\/pages\/18633","targetHints":{"allow":["GET"]}}],"collection":[{"href":"https:\/\/arapca.com\/index.php\/wp-json\/wp\/v2\/pages"}],"about":[{"href":"https:\/\/arapca.com\/index.php\/wp-json\/wp\/v2\/types\/page"}],"author":[{"embeddable":true,"href":"https:\/\/arapca.com\/index.php\/wp-json\/wp\/v2\/users\/2"}],"replies":[{"embeddable":true,"href":"https:\/\/arapca.com\/index.php\/wp-json\/wp\/v2\/comments?post=18633"}],"version-history":[{"count":4,"href":"https:\/\/arapca.com\/index.php\/wp-json\/wp\/v2\/pages\/18633\/revisions"}],"predecessor-version":[{"id":20742,"href":"https:\/\/arapca.com\/index.php\/wp-json\/wp\/v2\/pages\/18633\/revisions\/20742"}],"up":[{"embeddable":true,"href":"https:\/\/arapca.com\/index.php\/wp-json\/wp\/v2\/pages\/17833"}],"wp:attachment":[{"href":"https:\/\/arapca.com\/index.php\/wp-json\/wp\/v2\/media?parent=18633"}],"curies":[{"name":"wp","href":"https:\/\/api.w.org\/{rel}","templated":true}]}}