{"id":18611,"date":"2024-05-26T11:44:46","date_gmt":"2024-05-26T08:44:46","guid":{"rendered":"https:\/\/arapca.com\/?page_id=18611"},"modified":"2024-05-26T11:51:15","modified_gmt":"2024-05-26T08:51:15","slug":"evim-ve","status":"publish","type":"page","link":"https:\/\/arapca.com\/index.php\/evim-ve\/","title":{"rendered":"Evim ve"},"content":{"rendered":"\n<p class=\"has-text-align-right has-border-input-background-color has-background has-large-font-size\">!<strong>\u0639\u0644\u064a:<\/strong> \u0645\u0631\u062d\u0628\u0627 \u0623\u062d\u0645\u062f! \u0633\u0645\u0639\u062a\u064f \u0623\u064e\u0646\u0651\u064e\u0643 \u0627\u0650\u0646\u062a\u064e\u0642\u064e\u0644\u062a\u064e \u0625\u0644\u0649 \u0645\u064e\u0646\u0632\u0650\u0644\u0650\u0643 \u0627\u0644\u062c\u062f\u064a\u062f\u060c \u0645\u064e\u0628\u0631\u0648\u0643<\/p>\n\n\n\n<p class=\"has-text-align-right has-border-input-background-color has-background has-large-font-size\"><strong>\u0623\u062d\u0645\u062f:<\/strong> \u0645\u0631\u062d\u0628\u0627 \u0639\u0644\u064a! \u0646\u0639\u0645\u060c \u0623\u062e\u064a\u0631\u064b\u0627 \u0627\u0650\u0646\u0652\u062a\u064e\u0642\u0644\u062a\u064f. \u0647\u0644 \u062a\u064f\u0631\u064a\u062f \u0623\u064e\u0646\u0652 \u062a\u064e\u0623\u062a\u064a \u0648\u064e\u062a\u064e\u0631\u0649 \u0627\u0644\u0645\u064e\u0646\u0632\u0650\u0644\u061f<\/p>\n\n\n\n<p class=\"has-text-align-right has-border-input-background-color has-background has-large-font-size\">\u0652<strong>\u0639\u0644\u064a:<\/strong> \u0628\u0650\u0627\u0644\u0637\u0651\u064e\u0628\u0639\u060c \u0623\u064e\u0648\u064e\u062f\u0651\u064f \u0630\u064e\u0644\u0650\u0643. \u0644\u0650\u0646\u064e\u0628\u0652\u062f\u064e\u0623<\/p>\n\n\n\n<p class=\"has-text-align-right has-border-input-background-color has-background has-large-font-size\">.<strong>\u0623\u062d\u0645\u062f:<\/strong> \u0647\u0630\u0647 \u0647\u064a <strong>\u063a\u064f\u0631\u0641\u0629 \u0627\u0644\u062c\u0644\u0648\u0633<\/strong> (\u0645\u064e\u062c\u0652\u0644\u0650\u0633). \u0643\u064e\u0645\u0627 \u062a\u064e\u0631\u0649\u060c \u0647\u064f\u0646\u0627 <strong>\u0633\u064e\u062c\u0651\u0627\u062f\u0629<\/strong> \u0643\u0628\u064a\u0631\u0629 \u0648\u0641\u064a \u0627\u0644\u0632\u0651\u064e\u0627\u0648\u0650\u064a\u0629 \u064a\u064f\u0648\u062c\u064e\u062f <strong>\u0645\u0650\u0635\u0628\u0627\u062d<\/strong><\/p>\n\n\n\n<p class=\"has-text-align-right has-border-input-background-color has-background has-large-font-size\"><strong>\u0639\u0644\u064a:<\/strong> \u062a\u064e\u0628\u062f\u0648 \u0631\u0627\u0626\u0650\u0639\u0629. \u0623\u064a\u0646 <strong>\u0627\u0644\u0645\u064e\u0637\u0628\u064e\u062e<\/strong> \u061f<\/p>\n\n\n\n<p class=\"has-text-align-right has-border-input-background-color has-background has-large-font-size\"><strong>\u0623\u062d\u0645\u062f:<\/strong> \u0647\u0630\u0627 \u0647\u0648 <strong>\u0627\u0644\u0645\u064e\u0637\u0628\u064e\u062e<\/strong> . \u0627\u0644\u062b\u064e\u0644\u064e\u0651\u0627\u062c\u064e\u0629 \u0639\u0644\u0649 \u0627\u0644\u064a\u064e\u0645\u064a\u0646 \u0648\u064e<strong>\u0633\u064e\u0637\u062d \u0627\u0644\u0637\u064e\u0628\u0652\u062e<\/strong> \u0639\u0644\u0649 \u0627\u0644\u064a\u064e\u0633\u0627\u0631.<\/p>\n\n\n\n<p class=\"has-text-align-right has-border-input-background-color has-background has-large-font-size\"><strong>\u0639\u0644\u064a:<\/strong> \u0631\u0627\u0626\u0639!  \u0627\u0644\u062e\u0650\u0632\u064e\u0627\u0646\u064e\u0629 \u0643\u0628\u064a\u0631\u0629 \u062c\u0650\u062f\u0651\u064b\u0627. \u0623\u064a\u0646 <strong>\u063a\u064f\u0631\u0641\u0629 \u0627\u0644\u0646\u0651\u064e\u0648\u0645<\/strong>\u061f<\/p>\n\n\n\n<p class=\"has-text-align-right has-border-input-background-color has-background has-large-font-size\">.<strong>\u0623\u062d\u0645\u062f:<\/strong> \u062a\u064e\u0639\u0627\u0644 \u0645\u064e\u0639\u064a\u060c \u0633\u064e\u0623\u0631\u064a\u0643. \u0647\u0630\u0647 \u0647\u064a <strong>\u063a\u064f\u0631\u0641\u0629 \u0627\u0644\u0646\u0648\u0645<\/strong>. \u0647\u0646\u0627 \u064a\u0648\u062c\u062f <strong>\u062f\u0648\u0644\u0627\u0628<\/strong> \u0643\u0628\u064a\u0631 \u0648<strong>\u0645\u0650\u0631\u0622\u0629<\/strong> <\/p>\n\n\n\n<p class=\"has-text-align-right has-border-input-background-color has-background has-large-font-size\"><strong>\u0639\u0644\u064a:<\/strong> \u0646\u064e\u0638\u0651\u064e\u0645\u0652\u062a\u064e\u0647\u0627 \u0628\u0650\u0634\u064e\u0643\u0644\u064d \u062c\u064e\u064a\u0650\u0651\u062f \u062c\u0650\u062f\u0651\u064b\u0627. \u0623\u064a\u0646 <strong>\u0627\u0644\u062d\u064e\u0645\u0651\u0627\u0645<\/strong> \u061f<\/p>\n\n\n\n<p class=\"has-text-align-right has-border-input-background-color has-background has-large-font-size\"><strong>\u0623\u062d\u0645\u062f:<\/strong> \u0628\u062c\u0648\u0627\u0631 \u0627\u0644\u063a\u0631\u0641\u0629. \u0647\u0630\u0627 \u0647\u0648 <strong>\u0627\u0644\u062d\u0645\u0627\u0645<\/strong> . <strong>\u0627\u0644\u062d\u064e\u0648\u0636<\/strong> \u0648<strong>\u0627\u0644\u0645\u0650\u0631\u0622\u0629<\/strong> \u0647\u0646\u0627<\/p>\n\n\n\n<p class=\"has-text-align-right has-border-input-background-color has-background has-large-font-size\"><strong>\u0639\u0644\u064a:<\/strong> \u0627\u0644\u0645\u0646\u0632\u0644 \u062c\u0645\u064a\u0644 \u062c\u0650\u062f\u0651\u064b\u0627. \u0647\u0644 \u064a\u0648\u062c\u062f <strong>\u062d\u064e\u062f\u064a\u0642\u0629<\/strong>\u061f<\/p>\n\n\n\n<p class=\"has-text-align-right has-border-input-background-color has-background has-large-font-size\"><strong>\u0623\u062d\u0645\u062f:<\/strong> \u0646\u0639\u0645\u060c \u0641\u064a \u0627\u0644\u062e\u064e\u0644\u0641\u0650 \u0647\u064f\u0646\u0627\u0643 <strong>\u062d\u064e\u062f\u064a\u0642\u0629<\/strong> \u0635\u064e\u063a\u064a\u0631\u0629. \u062a\u064e\u0639\u0627\u0644\u060c \u0633\u064e\u0623\u064e\u0631\u064a\u0643<\/p>\n\n\n\n<p class=\"has-text-align-right has-border-input-background-color has-background has-large-font-size\"><strong>\u0639\u0644\u064a:<\/strong> \u062c\u064e\u0645\u064a\u0644\u0629 \u062c\u0650\u062f\u0651\u064b\u0627. \u0647\u0644 \u0647\u0630\u0627 <strong>\u0645\u064e\u0631\u0622\u0628<\/strong> \u0641\u064a \u0627\u0644\u0623\u0645\u0627\u0645\u061f<\/p>\n\n\n\n<p class=\"has-text-align-right has-border-input-background-color has-background has-large-font-size\">.<strong>\u0623\u062d\u0645\u062f:<\/strong> \u0646\u0639\u0645\u060c \u0641\u064a \u0627\u0644\u062e\u0644\u0641 \u0647\u0646\u0627\u0643 <strong>\u0645\u0631\u0622\u0628<\/strong> \u0623\u064a\u0636\u064b\u0627. \u0623\u064e\u0631\u0643\u064e\u0646 \u0633\u064a\u0627\u0631\u062a\u064a \u0647\u0646\u0627\u0643<\/p>\n\n\n\n<p class=\"has-text-align-right has-border-input-background-color has-background has-large-font-size\">.<strong>\u0639\u0644\u064a:<\/strong> \u062c\u0645\u064a\u0644 \u062c\u062f\u0627. \u0634\u0643\u0631\u0627 \u0644\u0643 \u064a\u0627 \u0623\u062d\u0645\u062f \u0639\u0644\u0649 \u0627\u0644\u062c\u064e\u0648\u0644\u0629<\/p>\n\n\n\n<p class=\"has-text-align-right has-border-input-background-color has-background has-large-font-size\">.<strong>\u0623\u062d\u0645\u062f:<\/strong> \u0639\u0644\u0649 \u0627\u0644\u0631\u062d\u0628 \u0648\u0627\u0644\u0633\u0639\u0629 \u064a\u0627 \u0639\u0644\u064a. \u0645\u0631\u062d\u0628\u0627 \u0628\u0643 \u0641\u064a \u0623\u064a \u0648\u0642\u062a<\/p>\n\n\n\n<p><strong>Ali:<\/strong> Merhaba Ahmet! Yeni evine ta\u015f\u0131nd\u0131\u011f\u0131n\u0131 duydum, hay\u0131rl\u0131 olsun!<\/p>\n\n\n\n<p><strong>Ahmet:<\/strong> Merhaba Ali! Evet, sonunda ta\u015f\u0131nd\u0131m. Gelip evi g\u00f6rmek ister misin?<\/p>\n\n\n\n<p><strong>Ali:<\/strong> Tabii ki, \u00e7ok isterim. Hadi ba\u015flayal\u0131m.<\/p>\n\n\n\n<p><strong>Ahmet:<\/strong> Buras\u0131 <strong>oturma odas\u0131<\/strong> (\u0645\u064e\u062c\u0652\u0644\u0650\u0633). G\u00f6r\u00fcyorsun, burada b\u00fcy\u00fck bir <strong>hal\u0131<\/strong> (\u0633\u064e\u062c\u064e\u0651\u0627\u062f\u064e\u0629) var ve k\u00f6\u015fede bir <strong>lamba<\/strong> (\u0645\u0650\u0635\u0652\u0628\u064e\u0627\u062d) var.<\/p>\n\n\n\n<p><strong>Ali:<\/strong> \u00c7ok g\u00fczel g\u00f6r\u00fcn\u00fcyor. Peki, <strong>mutfak<\/strong> (\u0645\u064e\u0637\u0652\u0628\u064e\u062e) nerede?<\/p>\n\n\n\n<p><strong>Ahmet:<\/strong> \u0130\u015fte buras\u0131 <strong>mutfak<\/strong> (\u0645\u064e\u0637\u0652\u0628\u064e\u062e). <strong>Buzdolab\u0131<\/strong> (\u062b\u064e\u0644\u064e\u0651\u0627\u062c\u064e\u0629) sa\u011fda ve sol tarafta <strong>tezgah<\/strong> (\u0633\u064e\u0637\u0652\u062d \u0627\u0644\u0637\u064e\u0628\u0652\u062e) var.<\/p>\n\n\n\n<p><strong>Ali:<\/strong> Harika! <strong>Dolap<\/strong> (\u062e\u0650\u0632\u064e\u0627\u0646\u064e\u0629) baya\u011f\u0131 geni\u015fmi\u015f. Peki, <strong>yatak odas\u0131<\/strong> (\u063a\u064f\u0631\u0652\u0641\u064e\u0629 \u0646\u064e\u0648\u0652\u0645) nerede?<\/p>\n\n\n\n<p><strong>Ahmet:<\/strong> Gel benimle, g\u00f6stereyim. Buras\u0131 bizim <strong>yatak odas\u0131<\/strong> (\u063a\u064f\u0631\u0652\u0641\u064e\u0629 \u0646\u064e\u0648\u0652\u0645). Burada b\u00fcy\u00fck bir <strong>gard\u0131rop<\/strong> (\u062f\u064f\u0648\u0644\u064e\u0627\u0628) ve bir <strong>ayna<\/strong> (\u0645\u0650\u0631\u0652\u0622\u0629) var.<\/p>\n\n\n\n<p><strong>Ali:<\/strong> \u00c7ok g\u00fczel d\u00fczenlemi\u015fsiniz. <strong>Banyo<\/strong> (\u062d\u064e\u0645\u064e\u0651\u0627\u0645) nerede peki?<\/p>\n\n\n\n<p><strong>Ahmet:<\/strong> Hemen yan tarafta. \u0130\u015fte buras\u0131 <strong>banyo<\/strong> (\u062d\u064e\u0645\u064e\u0651\u0627\u0645). <strong>Lavabo<\/strong> (\u062d\u064e\u0648\u0652\u0636) ve <strong>ayna<\/strong> (\u0645\u0650\u0631\u0652\u0622\u0629) buraya yerle\u015ftirildi.<\/p>\n\n\n\n<p><strong>Ali:<\/strong> Ev ger\u00e7ekten \u00e7ok g\u00fczel olmu\u015f. Peki, <strong>bah\u00e7e<\/strong> (\u062d\u064e\u062f\u0650\u064a\u0642\u064e\u0629) var m\u0131?<\/p>\n\n\n\n<p><strong>Ahmet:<\/strong> Evet, arka tarafta k\u00fc\u00e7\u00fck bir <strong>bah\u00e7e<\/strong> (\u062d\u064e\u062f\u0650\u064a\u0642\u064e\u0629) var. Gel \u00e7\u0131kal\u0131m, sana g\u00f6stereyim.<\/p>\n\n\n\n<p><strong>Ali:<\/strong> \u00c7ok g\u00fczelmi\u015f. \u0130leride <strong>garaj<\/strong> (\u0645\u064e\u0631\u0652\u0622\u0628) mi var?<\/p>\n\n\n\n<p><strong>Ahmet:<\/strong> Evet, arka tarafta <strong>garaj<\/strong> (\u0645\u064e\u0631\u0652\u0622\u0628) da var. Arabam\u0131 oraya park ediyorum.<\/p>\n\n\n\n<p><strong>Ali:<\/strong> \u00c7ok g\u00fczel. Beni gezdirdi\u011fin i\u00e7in te\u015fekk\u00fcrler, Ahmet.<\/p>\n\n\n\n<p><strong>Ahmet:<\/strong> Rica ederim, Ali. Her zaman beklerim.<\/p>\n","protected":false},"excerpt":{"rendered":"<p>!\u0639\u0644\u064a: \u0645\u0631\u062d\u0628\u0627 \u0623\u062d\u0645\u062f! \u0633\u0645\u0639\u062a\u064f \u0623\u064e\u0646\u0651\u064e\u0643 \u0627\u0650\u0646\u062a\u064e\u0642\u064e\u0644\u062a\u064e \u0625\u0644\u0649 \u0645\u064e\u0646\u0632\u0650\u0644\u0650\u0643 \u0627\u0644\u062c\u062f\u064a\u062f\u060c \u0645\u064e\u0628\u0631\u0648\u0643 \u0623\u062d\u0645\u062f: \u0645\u0631\u062d\u0628\u0627 \u0639\u0644\u064a! \u0646\u0639\u0645\u060c \u0623\u062e\u064a\u0631\u064b\u0627 \u0627\u0650\u0646\u0652\u062a\u064e\u0642\u0644\u062a\u064f. \u0647\u0644 \u062a\u064f\u0631\u064a\u062f \u0623\u064e\u0646\u0652 \u062a\u064e\u0623\u062a\u064a \u0648\u064e\u062a\u064e\u0631\u0649 \u0627\u0644\u0645\u064e\u0646\u0632\u0650\u0644\u061f \u0652\u0639\u0644\u064a: \u0628\u0650\u0627\u0644\u0637\u0651\u064e\u0628\u0639\u060c \u0623\u064e\u0648\u064e\u062f\u0651\u064f \u0630\u064e\u0644\u0650\u0643. \u0644\u0650\u0646\u064e\u0628\u0652\u062f\u064e\u0623 .\u0623\u062d\u0645\u062f: \u0647\u0630\u0647 \u0647\u064a \u063a\u064f\u0631\u0641\u0629 \u0627\u0644\u062c\u0644\u0648\u0633 (\u0645\u064e\u062c\u0652\u0644\u0650\u0633). \u0643\u064e\u0645\u0627 \u062a\u064e\u0631\u0649\u060c \u0647\u064f\u0646\u0627 \u0633\u064e\u062c\u0651\u0627\u062f\u0629 \u0643\u0628\u064a\u0631\u0629 \u0648\u0641\u064a \u0627\u0644\u0632\u0651\u064e\u0627\u0648\u0650\u064a\u0629 &hellip; <\/p>\n","protected":false},"author":2,"featured_media":0,"parent":0,"menu_order":0,"comment_status":"closed","ping_status":"closed","template":"","meta":{"advanced_seo_description":"","jetpack_seo_html_title":"","jetpack_seo_noindex":false,"footnotes":""},"class_list":["post-18611","page","type-page","status-publish","hentry"],"jetpack_sharing_enabled":true,"jetpack_likes_enabled":true,"_links":{"self":[{"href":"https:\/\/arapca.com\/index.php\/wp-json\/wp\/v2\/pages\/18611","targetHints":{"allow":["GET"]}}],"collection":[{"href":"https:\/\/arapca.com\/index.php\/wp-json\/wp\/v2\/pages"}],"about":[{"href":"https:\/\/arapca.com\/index.php\/wp-json\/wp\/v2\/types\/page"}],"author":[{"embeddable":true,"href":"https:\/\/arapca.com\/index.php\/wp-json\/wp\/v2\/users\/2"}],"replies":[{"embeddable":true,"href":"https:\/\/arapca.com\/index.php\/wp-json\/wp\/v2\/comments?post=18611"}],"version-history":[{"count":3,"href":"https:\/\/arapca.com\/index.php\/wp-json\/wp\/v2\/pages\/18611\/revisions"}],"predecessor-version":[{"id":18616,"href":"https:\/\/arapca.com\/index.php\/wp-json\/wp\/v2\/pages\/18611\/revisions\/18616"}],"wp:attachment":[{"href":"https:\/\/arapca.com\/index.php\/wp-json\/wp\/v2\/media?parent=18611"}],"curies":[{"name":"wp","href":"https:\/\/api.w.org\/{rel}","templated":true}]}}