{"id":18582,"date":"2024-05-25T12:54:58","date_gmt":"2024-05-25T09:54:58","guid":{"rendered":"https:\/\/arapca.com\/?page_id=18582"},"modified":"2024-05-25T13:03:12","modified_gmt":"2024-05-25T10:03:12","slug":"yemekler-ve-ogunler","status":"publish","type":"page","link":"https:\/\/arapca.com\/index.php\/a1-kelime-eslestirme-oyunu-1\/yemekler-ve-ogunler\/","title":{"rendered":"Yemekler ve \u00d6\u011f\u00fcnler"},"content":{"rendered":"\n<p class=\"has-text-align-center has-huge-font-size\"><strong>\u0627\u0644\u0637\u0639\u0627\u0645 \u0648 \u0627\u0644\u0648\u062c\u0628\u0627\u062a<\/strong><\/p>\n\n\n\n<figure class=\"wp-block-image size-full\"><img data-recalc-dims=\"1\" loading=\"lazy\" decoding=\"async\" width=\"640\" height=\"426\" src=\"https:\/\/i0.wp.com\/arapca.com\/wp-content\/uploads\/2024\/05\/image-8.png?resize=640%2C426&#038;ssl=1\" alt=\"\" class=\"wp-image-18583\" srcset=\"https:\/\/i0.wp.com\/arapca.com\/wp-content\/uploads\/2024\/05\/image-8.png?w=700&amp;ssl=1 700w, https:\/\/i0.wp.com\/arapca.com\/wp-content\/uploads\/2024\/05\/image-8.png?resize=300%2C200&amp;ssl=1 300w, https:\/\/i0.wp.com\/arapca.com\/wp-content\/uploads\/2024\/05\/image-8.png?resize=600%2C399&amp;ssl=1 600w\" sizes=\"auto, (max-width: 640px) 100vw, 640px\" \/><\/figure>\n\n\n\n<ol class=\"wp-block-list\">\n<li class=\"has-large-font-size\"><strong>Yemek<\/strong> &#8211; \u0637\u0639\u0627\u0645 (Ta&#8217;aam)<\/li>\n\n\n\n<li class=\"has-large-font-size\"><strong>Kahvalt\u0131<\/strong> &#8211; \u0641\u0637\u0648\u0631 (Fut\u00fbr)<\/li>\n\n\n\n<li class=\"has-large-font-size\"><strong>\u00d6\u011fle yeme\u011fi<\/strong> &#8211; \u063a\u062f\u0627\u0621 (\u011ead\u00e2)<\/li>\n\n\n\n<li class=\"has-large-font-size\"><strong>Ak\u015fam yeme\u011fi<\/strong> &#8211; \u0639\u0634\u0627\u0621 (A\u015faa)<\/li>\n\n\n\n<li class=\"has-large-font-size\"><strong>At\u0131\u015ft\u0131rmal\u0131k<\/strong> &#8211; \u0648\u062c\u0628\u0629 \u062e\u0641\u064a\u0641\u0629 (Vacebe Hafife)<\/li>\n\n\n\n<li class=\"has-large-font-size\"><strong>Tatl\u0131<\/strong> &#8211; \u062d\u0644\u0648\u0649 (Halva)<\/li>\n\n\n\n<li class=\"has-large-font-size\"><strong>\u00c7orba<\/strong> &#8211; \u062d\u0633\u0627\u0621 (Hisaa)<\/li>\n\n\n\n<li class=\"has-large-font-size\"><strong>Salata<\/strong> &#8211; \u0633\u0644\u0637\u0629 (Salata)<\/li>\n\n\n\n<li class=\"has-large-font-size\"><strong>Ekmek<\/strong> &#8211; \u062e\u0628\u0632 (Hubz)<\/li>\n\n\n\n<li class=\"has-large-font-size\"><strong>Peynir<\/strong> &#8211; \u062c\u0628\u0646\u0629 (Cubne)<\/li>\n\n\n\n<li class=\"has-large-font-size\"><strong>Et<\/strong> &#8211; \u0644\u062d\u0645 (Lahm)<\/li>\n\n\n\n<li class=\"has-large-font-size\"><strong>Bal\u0131k<\/strong> &#8211; \u0633\u0645\u0643 (Semek)<\/li>\n\n\n\n<li class=\"has-large-font-size\"><strong>Tavuk<\/strong> &#8211; \u062f\u062c\u0627\u062c (Dacaac)<\/li>\n\n\n\n<li class=\"has-large-font-size\"><strong>Pirin\u00e7<\/strong> &#8211; \u0623\u0631\u0632 (Eruz)<\/li>\n\n\n\n<li class=\"has-large-font-size\"><strong>Makarna<\/strong> &#8211; \u0645\u0639\u0643\u0631\u0648\u0646\u0629 (Ma&#8217;kerune)<\/li>\n\n\n\n<li class=\"has-large-font-size\"><strong>Meyve<\/strong> &#8211; \u0641\u0627\u0643\u0647\u0629 (Fakihe)<\/li>\n\n\n\n<li class=\"has-large-font-size\"><strong>Sebze<\/strong> &#8211; \u062e\u0636\u0627\u0631 (Hud\u00e2r)<\/li>\n\n\n\n<li class=\"has-large-font-size\"><strong>S\u00fct<\/strong> &#8211; \u062d\u0644\u064a\u0628 (Hal\u00eeb)<\/li>\n\n\n\n<li class=\"has-large-font-size\"><strong>Yo\u011furt<\/strong> &#8211; \u0644\u0628\u0646 (Leben)<\/li>\n\n\n\n<li class=\"has-large-font-size\"><strong>Yumurta<\/strong> &#8211; \u0628\u064a\u0636 (Beyd)<\/li>\n\n\n\n<li class=\"has-large-font-size\"><strong>Zeytin<\/strong> &#8211; \u0632\u064a\u062a\u0648\u0646 (Zayt\u00fbn)<\/li>\n\n\n\n<li class=\"has-large-font-size\"><strong>\u015eeker<\/strong> &#8211; \u0633\u0643\u0631 (Sukker)<\/li>\n\n\n\n<li class=\"has-large-font-size\"><strong>Tuz<\/strong> &#8211; \u0645\u0644\u062d (Milh)<\/li>\n\n\n\n<li class=\"has-large-font-size\"><strong>\u00c7ay<\/strong> &#8211; \u0634\u0627\u064a (\u015eay)<\/li>\n\n\n\n<li class=\"has-large-font-size\"><strong>Kahve<\/strong> &#8211; \u0642\u0647\u0648\u0629 (Kahve) <\/li>\n<\/ol>\n\n\n\n<p class=\"has-text-align-center has-large-font-size\"><a href=\"https:\/\/arapca.com\/index.php\/courses\/arapca-a1-dersleri\/lessons\/yemekler-ve-ogunlerle-ilgili-kelimeleri-eslestir\/\">Kelime e\u015fle\u015ftirme Oyunu<\/a><\/p>\n","protected":false},"excerpt":{"rendered":"<p>\u0627\u0644\u0637\u0639\u0627\u0645 \u0648 \u0627\u0644\u0648\u062c\u0628\u0627\u062a Kelime e\u015fle\u015ftirme Oyunu<\/p>\n","protected":false},"author":2,"featured_media":0,"parent":16784,"menu_order":0,"comment_status":"closed","ping_status":"closed","template":"","meta":{"_bbp_topic_count":0,"_bbp_reply_count":0,"_bbp_total_topic_count":0,"_bbp_total_reply_count":0,"_bbp_voice_count":0,"_bbp_anonymous_reply_count":0,"_bbp_topic_count_hidden":0,"_bbp_reply_count_hidden":0,"_bbp_forum_subforum_count":0,"advanced_seo_description":"","jetpack_seo_html_title":"","jetpack_seo_noindex":false,"footnotes":""},"class_list":["post-18582","page","type-page","status-publish","hentry"],"jetpack_sharing_enabled":true,"jetpack_likes_enabled":true,"_links":{"self":[{"href":"https:\/\/arapca.com\/index.php\/wp-json\/wp\/v2\/pages\/18582","targetHints":{"allow":["GET"]}}],"collection":[{"href":"https:\/\/arapca.com\/index.php\/wp-json\/wp\/v2\/pages"}],"about":[{"href":"https:\/\/arapca.com\/index.php\/wp-json\/wp\/v2\/types\/page"}],"author":[{"embeddable":true,"href":"https:\/\/arapca.com\/index.php\/wp-json\/wp\/v2\/users\/2"}],"replies":[{"embeddable":true,"href":"https:\/\/arapca.com\/index.php\/wp-json\/wp\/v2\/comments?post=18582"}],"version-history":[{"count":2,"href":"https:\/\/arapca.com\/index.php\/wp-json\/wp\/v2\/pages\/18582\/revisions"}],"predecessor-version":[{"id":18588,"href":"https:\/\/arapca.com\/index.php\/wp-json\/wp\/v2\/pages\/18582\/revisions\/18588"}],"up":[{"embeddable":true,"href":"https:\/\/arapca.com\/index.php\/wp-json\/wp\/v2\/pages\/16784"}],"wp:attachment":[{"href":"https:\/\/arapca.com\/index.php\/wp-json\/wp\/v2\/media?parent=18582"}],"curies":[{"name":"wp","href":"https:\/\/api.w.org\/{rel}","templated":true}]}}