{"id":18558,"date":"2024-05-23T20:21:44","date_gmt":"2024-05-23T17:21:44","guid":{"rendered":"https:\/\/arapca.com\/?page_id=18558"},"modified":"2024-05-23T20:31:28","modified_gmt":"2024-05-23T17:31:28","slug":"arapca-rakamlar","status":"publish","type":"page","link":"https:\/\/arapca.com\/index.php\/arapca-rakamlar\/","title":{"rendered":"Arap\u00e7a Rakamlar"},"content":{"rendered":"\n<p class=\"has-text-align-center has-huge-font-size\"><strong>\u0627\u0644\u0623\u0631\u0642\u0627\u0645 \u0627\u0644\u0639\u0631\u0628\u064a\u0629<\/strong><\/p>\n\n\n\n<p class=\"has-text-align-center has-large-font-size\">Arap\u00e7a rakamlar soldan sa\u011fa yaz\u0131l\u0131r. <\/p>\n\n\n<div class=\"wp-block-image\">\n<figure class=\"aligncenter size-full\"><img data-recalc-dims=\"1\" loading=\"lazy\" decoding=\"async\" width=\"640\" height=\"806\" src=\"https:\/\/i0.wp.com\/arapca.com\/wp-content\/uploads\/2024\/05\/image-7.png?resize=640%2C806&#038;ssl=1\" alt=\"\" class=\"wp-image-18561\" srcset=\"https:\/\/i0.wp.com\/arapca.com\/wp-content\/uploads\/2024\/05\/image-7.png?w=736&amp;ssl=1 736w, https:\/\/i0.wp.com\/arapca.com\/wp-content\/uploads\/2024\/05\/image-7.png?resize=238%2C300&amp;ssl=1 238w, https:\/\/i0.wp.com\/arapca.com\/wp-content\/uploads\/2024\/05\/image-7.png?resize=600%2C756&amp;ssl=1 600w\" sizes=\"auto, (max-width: 640px) 100vw, 640px\" \/><\/figure>\n<\/div>\n\n\n<p class=\"has-large-font-size\">0. \u0660 &#8211; S\u0131f\u0131r<\/p>\n\n\n\n<ol class=\"wp-block-list\">\n<li class=\"has-large-font-size\">\u0661 &#8211; Bir (Vahid)<\/li>\n\n\n\n<li class=\"has-large-font-size\">\u0662 &#8211; \u0130ki (\u0130sn\u00e2n)<\/li>\n\n\n\n<li class=\"has-large-font-size\">\u0663 &#8211; \u00dc\u00e7 (Sel\u00e2se)<\/li>\n\n\n\n<li class=\"has-large-font-size\">\u0664 &#8211; D\u00f6rt (Erbea)<\/li>\n\n\n\n<li class=\"has-large-font-size\">\u0665 &#8211; Be\u015f (Hamse)<\/li>\n\n\n\n<li class=\"has-large-font-size\">\u0666 &#8211; Alt\u0131 (Sitte)<\/li>\n\n\n\n<li class=\"has-large-font-size\">\u0667 &#8211; Yedi (Seb&#8217;a) <\/li>\n\n\n\n<li class=\"has-large-font-size\">\u0668 &#8211; Sekiz (Sem\u00e2niye)<\/li>\n\n\n\n<li class=\"has-large-font-size\">\u0669 &#8211; Dokuz (Tis&#8217;a) <\/li>\n\n\n\n<li class=\"has-large-font-size\">\u0661\u0660 &#8211; On (A\u015fara)<\/li>\n\n\n\n<li class=\"has-large-font-size\">\u0661\u0661 &#8211; On bir (Ehade A\u015fara)<\/li>\n\n\n\n<li class=\"has-large-font-size\">\u0661\u0662 &#8211; On iki (\u0130sn\u00e2 A\u015fara)<\/li>\n\n\n\n<li class=\"has-large-font-size\">&#8230;.<\/li>\n\n\n\n<li class=\"has-large-font-size\">\u0662\u0660 &#8211; Yirmi (\u0130\u015fr\u00fbn)<\/li>\n\n\n\n<li class=\"has-large-font-size\">\u0662\u0669. -Yirmi dokuz. (Tis&#8217;a ve \u0130\u015fr\u00fbn)<\/li>\n\n\n\n<li class=\"has-large-font-size\">\u0663\u0665. &#8211; Otuz be\u015f (Hamse ve Sel\u00e2s\u00fbn)<\/li>\n\n\n\n<li class=\"has-large-font-size\">\u0664\u0667. &#8211; K\u0131rk yedi (Seb&#8217;a ve Erbe\u00fbn)<\/li>\n\n\n\n<li class=\"has-large-font-size\">\u0665\u0668. &#8211; Elli sekiz (Sem\u00e2niye ve Hams\u00fbn)<\/li>\n\n\n\n<li class=\"has-large-font-size\">\u0661\u0660\u0666. &#8211; Y\u00fcz alt\u0131 (Mie ve Sitte)<\/li>\n\n\n\n<li class=\"has-large-font-size\">\u0662\u0660\u0662\u0664. &#8211; \u0130ki bin yirmi d\u00f6rt (Elfeyn ve Erbea ve \u0130\u015fr\u00fbn)<\/li>\n<\/ol>\n\n\n\n<figure class=\"wp-block-embed is-type-video is-provider-youtube wp-block-embed-youtube wp-embed-aspect-4-3 wp-has-aspect-ratio\"><div class=\"wp-block-embed__wrapper\">\n<iframe loading=\"lazy\" title=\"ARAP\u00c7A RAKAMLAR.flv\" width=\"640\" height=\"480\" src=\"https:\/\/www.youtube.com\/embed\/WBCv9ZgzjqA?list=PL5bGZin88eEg-t7oYgxs1lQnx5BKV-0Qi\" frameborder=\"0\" allow=\"accelerometer; autoplay; clipboard-write; encrypted-media; gyroscope; picture-in-picture; web-share\" referrerpolicy=\"strict-origin-when-cross-origin\" allowfullscreen><\/iframe>\n<\/div><\/figure>\n","protected":false},"excerpt":{"rendered":"<p>\u0627\u0644\u0623\u0631\u0642\u0627\u0645 \u0627\u0644\u0639\u0631\u0628\u064a\u0629 Arap\u00e7a rakamlar soldan sa\u011fa yaz\u0131l\u0131r. 0. \u0660 &#8211; S\u0131f\u0131r<\/p>\n","protected":false},"author":2,"featured_media":0,"parent":0,"menu_order":0,"comment_status":"closed","ping_status":"closed","template":"","meta":{"_bbp_topic_count":0,"_bbp_reply_count":0,"_bbp_total_topic_count":0,"_bbp_total_reply_count":0,"_bbp_voice_count":0,"_bbp_anonymous_reply_count":0,"_bbp_topic_count_hidden":0,"_bbp_reply_count_hidden":0,"_bbp_forum_subforum_count":0,"advanced_seo_description":"","jetpack_seo_html_title":"","jetpack_seo_noindex":false,"footnotes":""},"class_list":["post-18558","page","type-page","status-publish","hentry"],"jetpack_sharing_enabled":true,"jetpack_likes_enabled":true,"_links":{"self":[{"href":"https:\/\/arapca.com\/index.php\/wp-json\/wp\/v2\/pages\/18558","targetHints":{"allow":["GET"]}}],"collection":[{"href":"https:\/\/arapca.com\/index.php\/wp-json\/wp\/v2\/pages"}],"about":[{"href":"https:\/\/arapca.com\/index.php\/wp-json\/wp\/v2\/types\/page"}],"author":[{"embeddable":true,"href":"https:\/\/arapca.com\/index.php\/wp-json\/wp\/v2\/users\/2"}],"replies":[{"embeddable":true,"href":"https:\/\/arapca.com\/index.php\/wp-json\/wp\/v2\/comments?post=18558"}],"version-history":[{"count":5,"href":"https:\/\/arapca.com\/index.php\/wp-json\/wp\/v2\/pages\/18558\/revisions"}],"predecessor-version":[{"id":18566,"href":"https:\/\/arapca.com\/index.php\/wp-json\/wp\/v2\/pages\/18558\/revisions\/18566"}],"wp:attachment":[{"href":"https:\/\/arapca.com\/index.php\/wp-json\/wp\/v2\/media?parent=18558"}],"curies":[{"name":"wp","href":"https:\/\/api.w.org\/{rel}","templated":true}]}}