{"id":18553,"date":"2024-05-23T20:10:04","date_gmt":"2024-05-23T17:10:04","guid":{"rendered":"https:\/\/arapca.com\/?page_id=18553"},"modified":"2024-05-23T20:11:48","modified_gmt":"2024-05-23T17:11:48","slug":"arapca-sayilar","status":"publish","type":"page","link":"https:\/\/arapca.com\/index.php\/arapca-sayilar\/","title":{"rendered":"Arap\u00e7a Say\u0131lar"},"content":{"rendered":"\n<ol class=\"wp-block-list\">\n<li>\u0661 &#8211; Bir\n<ul class=\"wp-block-list\">\n<li>Yaz\u0131l\u0131\u015f\u0131: \u0648\u0627\u062d\u062f<\/li>\n\n\n\n<li>Okunu\u015fu: V\u00e2hid<\/li>\n<\/ul>\n<\/li>\n\n\n\n<li>\u0662 &#8211; \u0130ki\n<ul class=\"wp-block-list\">\n<li>Yaz\u0131l\u0131\u015f\u0131: \u0627\u062b\u0646\u0627\u0646<\/li>\n\n\n\n<li>Okunu\u015fu: \u0130sn\u00e2n<\/li>\n<\/ul>\n<\/li>\n\n\n\n<li>\u0663 &#8211; \u00dc\u00e7\n<ul class=\"wp-block-list\">\n<li>Yaz\u0131l\u0131\u015f\u0131: \u062b\u0644\u0627\u062b\u0629<\/li>\n\n\n\n<li>Okunu\u015fu: Sel\u00e2se<\/li>\n<\/ul>\n<\/li>\n\n\n\n<li>\u0664 &#8211; D\u00f6rt\n<ul class=\"wp-block-list\">\n<li>Yaz\u0131l\u0131\u015f\u0131: \u0623\u0631\u0628\u0639\u0629<\/li>\n\n\n\n<li>Okunu\u015fu: Erbaa<\/li>\n<\/ul>\n<\/li>\n\n\n\n<li>\u0665 &#8211; Be\u015f\n<ul class=\"wp-block-list\">\n<li>Yaz\u0131l\u0131\u015f\u0131: \u062e\u0645\u0633\u0629<\/li>\n\n\n\n<li>Okunu\u015fu: Hamsa<\/li>\n<\/ul>\n<\/li>\n\n\n\n<li>\u0666 &#8211; Alt\u0131\n<ul class=\"wp-block-list\">\n<li>Yaz\u0131l\u0131\u015f\u0131: \u0633\u062a\u0629<\/li>\n\n\n\n<li>Okunu\u015fu: Sitte<\/li>\n<\/ul>\n<\/li>\n\n\n\n<li>\u0667 &#8211; Yedi\n<ul class=\"wp-block-list\">\n<li>Yaz\u0131l\u0131\u015f\u0131: \u0633\u0628\u0639\u0629<\/li>\n\n\n\n<li>Okunu\u015fu: Sebaa<\/li>\n<\/ul>\n<\/li>\n\n\n\n<li>\u0668 &#8211; Sekiz\n<ul class=\"wp-block-list\">\n<li>Yaz\u0131l\u0131\u015f\u0131: \u062b\u0645\u0627\u0646\u064a\u0629<\/li>\n\n\n\n<li>Okunu\u015fu: Sem\u00e2niye<\/li>\n<\/ul>\n<\/li>\n\n\n\n<li>\u0669 &#8211; Dokuz\n<ul class=\"wp-block-list\">\n<li>Yaz\u0131l\u0131\u015f\u0131: \u062a\u0633\u0639\u0629<\/li>\n\n\n\n<li>Okunu\u015fu: Tisaa<\/li>\n<\/ul>\n<\/li>\n\n\n\n<li>\u0661\u0660 &#8211; On\n<ul class=\"wp-block-list\">\n<li>Yaz\u0131l\u0131\u015f\u0131: \u0639\u0634\u0631\u0629<\/li>\n\n\n\n<li>Okunu\u015fu: A\u015fara<\/li>\n<\/ul>\n<\/li>\n\n\n\n<li>\u0661\u0661 &#8211; On Bir<\/li>\n<\/ol>\n\n\n\n<ul class=\"wp-block-list\">\n<li>Yaz\u0131l\u0131\u015f\u0131: \u0623\u062d\u062f \u0639\u0634\u0631<\/li>\n\n\n\n<li>Okunu\u015fu: Ehade a\u015fer<\/li>\n<\/ul>\n\n\n\n<ol class=\"wp-block-list\" start=\"11\">\n<li>\u0661\u0662 &#8211; On \u0130ki\n<ul class=\"wp-block-list\">\n<li>Yaz\u0131l\u0131\u015f\u0131: \u0627\u062b\u0646\u0627 \u0639\u0634\u0631<\/li>\n\n\n\n<li>Okunu\u015fu: \u0130sne a\u015fer<\/li>\n<\/ul>\n<\/li>\n\n\n\n<li>\u0661\u0663 &#8211; On \u00dc\u00e7\n<ul class=\"wp-block-list\">\n<li>Yaz\u0131l\u0131\u015f\u0131: \u062b\u0644\u0627\u062b\u0629 \u0639\u0634\u0631<\/li>\n\n\n\n<li>Okunu\u015fu: Sel\u00e2set a\u015fer<\/li>\n<\/ul>\n<\/li>\n\n\n\n<li>\u0661\u0664 &#8211; On D\u00f6rt\n<ul class=\"wp-block-list\">\n<li>Yaz\u0131l\u0131\u015f\u0131: \u0623\u0631\u0628\u0639\u0629 \u0639\u0634\u0631<\/li>\n\n\n\n<li>Okunu\u015fu: Erbaat a\u015fer<\/li>\n<\/ul>\n<\/li>\n\n\n\n<li>\u0661\u0665 &#8211; On Be\u015f\n<ul class=\"wp-block-list\">\n<li>Yaz\u0131l\u0131\u015f\u0131: \u062e\u0645\u0633\u0629 \u0639\u0634\u0631<\/li>\n\n\n\n<li>Okunu\u015fu: Hamsat a\u015fer<\/li>\n<\/ul>\n<\/li>\n\n\n\n<li>\u0661\u0666 &#8211; On Alt\u0131\n<ul class=\"wp-block-list\">\n<li>Yaz\u0131l\u0131\u015f\u0131: \u0633\u062a\u0629 \u0639\u0634\u0631<\/li>\n\n\n\n<li>Okunu\u015fu: Sittat a\u015fer<\/li>\n<\/ul>\n<\/li>\n\n\n\n<li>\u0661\u0667 &#8211; On Yedi\n<ul class=\"wp-block-list\">\n<li>Yaz\u0131l\u0131\u015f\u0131: \u0633\u0628\u0639\u0629 \u0639\u0634\u0631<\/li>\n\n\n\n<li>Okunu\u015fu: Sebaat a\u015fer<\/li>\n<\/ul>\n<\/li>\n\n\n\n<li>\u0661\u0668 &#8211; On Sekiz\n<ul class=\"wp-block-list\">\n<li>Yaz\u0131l\u0131\u015f\u0131: \u062b\u0645\u0627\u0646\u064a\u0629 \u0639\u0634\u0631<\/li>\n\n\n\n<li>Okunu\u015fu: Sem\u00e2niyet a\u015fer<\/li>\n<\/ul>\n<\/li>\n\n\n\n<li>\u0661\u0669 &#8211; On Dokuz\n<ul class=\"wp-block-list\">\n<li>Yaz\u0131l\u0131\u015f\u0131: \u062a\u0633\u0639\u0629 \u0639\u0634\u0631<\/li>\n\n\n\n<li>Okunu\u015fu: Tisaat a\u015fer<\/li>\n<\/ul>\n<\/li>\n\n\n\n<li>\u0662\u0660 &#8211; Yirmi\n<ul class=\"wp-block-list\">\n<li>Yaz\u0131l\u0131\u015f\u0131: \u0639\u0634\u0631\u0648\u0646<\/li>\n\n\n\n<li>Okunu\u015fu: \u0130\u015frun<\/li>\n<\/ul>\n<\/li>\n<\/ol>\n\n\n\n<h3 class=\"wp-block-heading\">Onluk Say\u0131lar:<\/h3>\n\n\n\n<ol class=\"wp-block-list\" start=\"30\">\n<li>\u0663\u0660 &#8211; Otuz\n<ul class=\"wp-block-list\">\n<li>Yaz\u0131l\u0131\u015f\u0131: \u062b\u0644\u0627\u062b\u0648\u0646<\/li>\n\n\n\n<li>Okunu\u015fu: Sel\u00e2s\u00fbn<\/li>\n<\/ul>\n<\/li>\n\n\n\n<li>\u0664\u0660 &#8211; K\u0131rk\n<ul class=\"wp-block-list\">\n<li>Yaz\u0131l\u0131\u015f\u0131: \u0623\u0631\u0628\u0639\u0648\u0646<\/li>\n\n\n\n<li>Okunu\u015fu: Erba\u00fbn<\/li>\n<\/ul>\n<\/li>\n\n\n\n<li>\u0665\u0660 &#8211; Elli\n<ul class=\"wp-block-list\">\n<li>Yaz\u0131l\u0131\u015f\u0131: \u062e\u0645\u0633\u0648\u0646<\/li>\n\n\n\n<li>Okunu\u015fu: Hams\u00fbn<\/li>\n<\/ul>\n<\/li>\n\n\n\n<li>\u0666\u0660 &#8211; Altm\u0131\u015f\n<ul class=\"wp-block-list\">\n<li>Yaz\u0131l\u0131\u015f\u0131: \u0633\u062a\u0648\u0646<\/li>\n\n\n\n<li>Okunu\u015fu: Sitt\u00fbn<\/li>\n<\/ul>\n<\/li>\n\n\n\n<li>\u0667\u0660 &#8211; Yetmi\u015f\n<ul class=\"wp-block-list\">\n<li>Yaz\u0131l\u0131\u015f\u0131: \u0633\u0628\u0639\u0648\u0646<\/li>\n\n\n\n<li>Okunu\u015fu: Seb\u00e2\u00fbn<\/li>\n<\/ul>\n<\/li>\n\n\n\n<li>\u0668\u0660 &#8211; Seksen\n<ul class=\"wp-block-list\">\n<li>Yaz\u0131l\u0131\u015f\u0131: \u062b\u0645\u0627\u0646\u0648\u0646<\/li>\n\n\n\n<li>Okunu\u015fu: Sem\u00e2n\u00fbn<\/li>\n<\/ul>\n<\/li>\n\n\n\n<li>\u0669\u0660 &#8211; Doksan\n<ul class=\"wp-block-list\">\n<li>Yaz\u0131l\u0131\u015f\u0131: \u062a\u0633\u0639\u0648\u0646<\/li>\n\n\n\n<li>Okunu\u015fu: Tis\u00e2\u00fbn<\/li>\n<\/ul>\n<\/li>\n<\/ol>\n\n\n\n<h3 class=\"wp-block-heading\">Y\u00fczl\u00fckler:<\/h3>\n\n\n\n<p>\u0661\u0660\u0660 &#8211; Y\u00fcz &#8211; Yaz\u0131l\u0131\u015f\u0131: \u0645\u0626\u0629 &#8211; Okunu\u015fu: Mi&#8217;a<\/p>\n\n\n\n<p>\u0662\u0660\u0660 &#8211; \u0130ki Y\u00fcz &#8211; Yaz\u0131l\u0131\u015f\u0131: \u0645\u0626\u062a\u0627\u0646 &#8211; Okunu\u015fu: Mi&#8217;ateyn<\/p>\n\n\n\n<p>\u0663\u0660\u0660 &#8211; \u00dc\u00e7 Y\u00fcz &#8211; Yaz\u0131l\u0131\u015f\u0131: \u062b\u0644\u0627\u062b\u0645\u0626\u0629 &#8211; Okunu\u015fu: Sel\u00e2th mi&#8217;a<\/p>\n\n\n\n<p>\u0664\u0660\u0660 &#8211; D\u00f6rt Y\u00fcz &#8211; Yaz\u0131l\u0131\u015f\u0131: \u0623\u0631\u0628\u0639\u0645\u0626\u0629 &#8211; Okunu\u015fu: Erba&#8217;a mi&#8217;a<\/p>\n\n\n\n<ol class=\"wp-block-list\" start=\"100\"><\/ol>\n\n\n\n<h3 class=\"wp-block-heading\">Binlikler:<\/h3>\n\n\n\n<p>\u0661\u0660\u0660\u0660 &#8211; Bin &#8211; Yaz\u0131l\u0131\u015f\u0131: \u0623\u0644\u0641 &#8211; Okunu\u015fu: Elf<\/p>\n\n\n\n<p>\u0662\u0660\u0660\u0660 &#8211; \u0130ki Bin &#8211; Yaz\u0131l\u0131\u015f\u0131: \u0623\u0644\u0641\u0627\u0646 &#8211; Okunu\u015fu: Elf\u00e2n<\/p>\n\n\n\n<p>\u0663\u0660\u0660\u0660 &#8211; \u00dc\u00e7 Bin &#8211; Yaz\u0131l\u0131\u015f\u0131: \u062b\u0644\u0627\u062b\u0629 \u0622\u0644\u0627\u0641 &#8211; Okunu\u015fu: Sel\u00e2set \u00e2l\u00e2f<\/p>\n\n\n\n<p>\u0664\u0660\u0660\u0660 &#8211; D\u00f6rt Bin &#8211; Yaz\u0131l\u0131\u015f\u0131: \u0623\u0631\u0628\u0639\u0629 \u0622\u0644\u0627\u0641 &#8211; Okunu\u015fu: Erba&#8217;at \u00e2l\u00e2f<\/p>\n\n\n\n<p>\u0665\u0660\u0660\u0660 &#8211; Be\u015f Bin &#8211; Yaz\u0131l\u0131\u015f\u0131: \u062e\u0645\u0633\u0629 \u0622\u0644\u0627\u0641 &#8211; Okunu\u015fu: Hamsat \u00e2l\u00e2f<\/p>\n\n\n\n<p>\u0666\u0660\u0660\u0660 &#8211; Alt\u0131 Bin &#8211; Yaz\u0131l\u0131\u015f\u0131: \u0633\u062a\u0629 \u0622\u0644\u0627\u0641 &#8211; Okunu\u015fu: Sittat \u00e2l\u00e2f<\/p>\n\n\n\n<p>\u0667\u0660\u0660\u0660 &#8211; Yedi Bin &#8211; Yaz\u0131l\u0131\u015f\u0131: \u0633\u0628\u0639\u0629 \u0622\u0644\u0627\u0641 &#8211; Okunu\u015fu: Seb&#8217;at \u00e2l\u00e2f<\/p>\n\n\n\n<p>\u0668\u0660\u0660\u0660 &#8211; Sekiz Bin &#8211; Yaz\u0131l\u0131\u015f\u0131: \u062b\u0645\u0627\u0646\u064a\u0629 \u0622\u0644\u0627\u0641 &#8211; Okunu\u015fu: Sem\u00e2niyet \u00e2l\u00e2f<\/p>\n\n\n\n<p>\u0669\u0660\u0660\u0660 &#8211; Dokuz Bin &#8211; Yaz\u0131l\u0131\u015f\u0131: \u062a\u0633\u0639\u0629 \u0622\u0644\u0627\u0641 &#8211; Okunu\u015fu: Tis&#8217;at \u00e2l\u00e2f<\/p>\n\n\n\n<p>\u0661\u0660\u0660\u0660\u0660 &#8211; On Bin &#8211; Yaz\u0131l\u0131\u015f\u0131: \u0639\u0634\u0631\u0629 \u0622\u0644\u0627\u0641 &#8211; Okunu\u015fu: A\u015farat \u00e2l\u00e2f<\/p>\n\n\n\n<ol class=\"wp-block-list\" start=\"5000\"><\/ol>\n\n\n\n<ol class=\"wp-block-list\" start=\"1000\"><\/ol>\n","protected":false},"excerpt":{"rendered":"<p>Onluk Say\u0131lar: Y\u00fczl\u00fckler: \u0661\u0660\u0660 &#8211; Y\u00fcz &#8211; Yaz\u0131l\u0131\u015f\u0131: \u0645\u0626\u0629 &#8211; Okunu\u015fu: Mi&#8217;a \u0662\u0660\u0660 &#8211; \u0130ki Y\u00fcz &#8211; Yaz\u0131l\u0131\u015f\u0131: \u0645\u0626\u062a\u0627\u0646 &#8211; Okunu\u015fu: Mi&#8217;ateyn \u0663\u0660\u0660 &#8211; \u00dc\u00e7 Y\u00fcz &#8211; Yaz\u0131l\u0131\u015f\u0131: \u062b\u0644\u0627\u062b\u0645\u0626\u0629 &#8211; Okunu\u015fu: Sel\u00e2th mi&#8217;a \u0664\u0660\u0660 &#8211; D\u00f6rt Y\u00fcz &#8211; Yaz\u0131l\u0131\u015f\u0131: \u0623\u0631\u0628\u0639\u0645\u0626\u0629 &hellip; <\/p>\n","protected":false},"author":2,"featured_media":0,"parent":0,"menu_order":0,"comment_status":"closed","ping_status":"closed","template":"","meta":{"_bbp_topic_count":0,"_bbp_reply_count":0,"_bbp_total_topic_count":0,"_bbp_total_reply_count":0,"_bbp_voice_count":0,"_bbp_anonymous_reply_count":0,"_bbp_topic_count_hidden":0,"_bbp_reply_count_hidden":0,"_bbp_forum_subforum_count":0,"advanced_seo_description":"","jetpack_seo_html_title":"","jetpack_seo_noindex":false,"footnotes":""},"class_list":["post-18553","page","type-page","status-publish","hentry"],"jetpack_sharing_enabled":true,"jetpack_likes_enabled":true,"_links":{"self":[{"href":"https:\/\/arapca.com\/index.php\/wp-json\/wp\/v2\/pages\/18553","targetHints":{"allow":["GET"]}}],"collection":[{"href":"https:\/\/arapca.com\/index.php\/wp-json\/wp\/v2\/pages"}],"about":[{"href":"https:\/\/arapca.com\/index.php\/wp-json\/wp\/v2\/types\/page"}],"author":[{"embeddable":true,"href":"https:\/\/arapca.com\/index.php\/wp-json\/wp\/v2\/users\/2"}],"replies":[{"embeddable":true,"href":"https:\/\/arapca.com\/index.php\/wp-json\/wp\/v2\/comments?post=18553"}],"version-history":[{"count":2,"href":"https:\/\/arapca.com\/index.php\/wp-json\/wp\/v2\/pages\/18553\/revisions"}],"predecessor-version":[{"id":18557,"href":"https:\/\/arapca.com\/index.php\/wp-json\/wp\/v2\/pages\/18553\/revisions\/18557"}],"wp:attachment":[{"href":"https:\/\/arapca.com\/index.php\/wp-json\/wp\/v2\/media?parent=18553"}],"curies":[{"name":"wp","href":"https:\/\/api.w.org\/{rel}","templated":true}]}}