{"id":18542,"date":"2024-05-22T21:04:58","date_gmt":"2024-05-22T18:04:58","guid":{"rendered":"https:\/\/arapca.com\/?page_id=18542"},"modified":"2024-05-22T21:07:25","modified_gmt":"2024-05-22T18:07:25","slug":"isaret-isimleri","status":"publish","type":"page","link":"https:\/\/arapca.com\/index.php\/arapca-oyunlar\/isaret-isimleri\/","title":{"rendered":"\u0130\u015faret \u0130simleri\/Zamirleri"},"content":{"rendered":"\n<p class=\"has-text-align-center has-text-color has-link-color has-huge-font-size wp-elements-89df099246f36d6327176237dfbdb9f1\" style=\"color:#f80b0b\"><strong>\u0627\u0633\u0645\u0627\u0621 \u0627\u0644\u0625\u0634\u0627\u0631\u0629<\/strong><\/p>\n\n\n<div class=\"wp-block-image\">\n<figure class=\"aligncenter\"><img data-recalc-dims=\"1\" decoding=\"async\" src=\"https:\/\/i0.wp.com\/www.almrsal.com\/wp-content\/uploads\/2022\/01\/1-62.jpg?w=640&#038;ssl=1\" alt=\"\u0623\u0633\u0645\u0627\u0621 \u0627\u0644\u0625\u0634\u0627\u0631\u0629 \u062c\u0645\u064a\u0639\u0647\u0627 .. \u0628\u0627\u0644\u062a\u0631\u062a\u064a\u0628 \u0645\u0639 \u0645\u062b\u0627\u0644 \u0644\u0643\u0644 \u0625\u0633\u0645 | \u0627\u0644\u0645\u0631\u0633\u0627\u0644\"\/><\/figure>\n<\/div>\n\n<div class=\"h5p-iframe-wrapper\"><iframe id=\"h5p-iframe-17\" class=\"h5p-iframe\" data-content-id=\"17\" style=\"height:1px\" src=\"about:blank\" frameBorder=\"0\" scrolling=\"no\" title=\"\u0130\u015faret \u0130simleri\/Zamirleri\"><\/iframe><\/div>\n","protected":false},"excerpt":{"rendered":"<p>\u0627\u0633\u0645\u0627\u0621 \u0627\u0644\u0625\u0634\u0627\u0631\u0629<\/p>\n","protected":false},"author":2,"featured_media":0,"parent":16789,"menu_order":0,"comment_status":"closed","ping_status":"closed","template":"","meta":{"_bbp_topic_count":0,"_bbp_reply_count":0,"_bbp_total_topic_count":0,"_bbp_total_reply_count":0,"_bbp_voice_count":0,"_bbp_anonymous_reply_count":0,"_bbp_topic_count_hidden":0,"_bbp_reply_count_hidden":0,"_bbp_forum_subforum_count":0,"footnotes":""},"class_list":["post-18542","page","type-page","status-publish","hentry"],"jetpack_sharing_enabled":true,"jetpack_likes_enabled":true,"_links":{"self":[{"href":"https:\/\/arapca.com\/index.php\/wp-json\/wp\/v2\/pages\/18542","targetHints":{"allow":["GET"]}}],"collection":[{"href":"https:\/\/arapca.com\/index.php\/wp-json\/wp\/v2\/pages"}],"about":[{"href":"https:\/\/arapca.com\/index.php\/wp-json\/wp\/v2\/types\/page"}],"author":[{"embeddable":true,"href":"https:\/\/arapca.com\/index.php\/wp-json\/wp\/v2\/users\/2"}],"replies":[{"embeddable":true,"href":"https:\/\/arapca.com\/index.php\/wp-json\/wp\/v2\/comments?post=18542"}],"version-history":[{"count":2,"href":"https:\/\/arapca.com\/index.php\/wp-json\/wp\/v2\/pages\/18542\/revisions"}],"predecessor-version":[{"id":18545,"href":"https:\/\/arapca.com\/index.php\/wp-json\/wp\/v2\/pages\/18542\/revisions\/18545"}],"up":[{"embeddable":true,"href":"https:\/\/arapca.com\/index.php\/wp-json\/wp\/v2\/pages\/16789"}],"wp:attachment":[{"href":"https:\/\/arapca.com\/index.php\/wp-json\/wp\/v2\/media?parent=18542"}],"curies":[{"name":"wp","href":"https:\/\/api.w.org\/{rel}","templated":true}]}}