{"id":18529,"date":"2024-05-22T20:41:03","date_gmt":"2024-05-22T17:41:03","guid":{"rendered":"https:\/\/arapca.com\/?page_id=18529"},"modified":"2024-05-22T20:43:42","modified_gmt":"2024-05-22T17:43:42","slug":"zamirler","status":"publish","type":"page","link":"https:\/\/arapca.com\/index.php\/arapca-dilbilgisi\/zamirler\/","title":{"rendered":"Zamirler"},"content":{"rendered":"\n<h3 class=\"wp-block-heading has-text-color has-link-color wp-elements-c15c4f66ef89d0acfdf90866f3d3a379\" style=\"color:#ff2705\">\u015eah\u0131s Zamirleri (\u0636\u0645\u0627\u0626\u0631 \u0627\u0644\u0634\u062e\u0635\u064a\u0629)<\/h3>\n\n\n\n<p><strong>Tekil (M\u00fcfred):<\/strong><\/p>\n\n\n\n<ol class=\"wp-block-list\">\n<li><strong>\u0623\u0646\u0627<\/strong> &#8211; Ben (ene)<\/li>\n\n\n\n<li><strong>\u0623\u0646\u062a\u064e<\/strong> &#8211; Sen (erkek) (ente)<\/li>\n\n\n\n<li><strong>\u0623\u0646\u062a\u0650<\/strong> &#8211; Sen (kad\u0131n) (enti)<\/li>\n\n\n\n<li><strong>\u0647\u0648<\/strong> &#8211; O (erkek) (huwe)<\/li>\n\n\n\n<li><strong>\u0647\u064a<\/strong> &#8211; O (kad\u0131n) (hiye)<\/li>\n<\/ol>\n\n\n\n<p><strong>\u0130kilik (Tesniye):<\/strong><\/p>\n\n\n\n<ol class=\"wp-block-list\" start=\"6\">\n<li><strong>\u0623\u0646\u062a\u0645\u0627<\/strong> &#8211; Siz ikiniz (erkek veya kad\u0131n) (entuma)<\/li>\n\n\n\n<li><strong>\u0647\u0645\u0627<\/strong> &#8211; Onlar ikisi (erkek veya kad\u0131n) (huma)<\/li>\n<\/ol>\n\n\n\n<p><strong>\u00c7o\u011ful (Cem):<\/strong><\/p>\n\n\n\n<ol class=\"wp-block-list\" start=\"8\">\n<li><strong>\u0646\u062d\u0646<\/strong> &#8211; Biz (nahnu)<\/li>\n\n\n\n<li><strong>\u0623\u0646\u062a\u0645<\/strong> &#8211; Siz (erkek) (entum)<\/li>\n\n\n\n<li><strong>\u0623\u0646\u062a\u0646<\/strong> &#8211; Siz (kad\u0131n) (entunna)<\/li>\n\n\n\n<li><strong>\u0647\u0645<\/strong> &#8211; Onlar (erkek) (hum)<\/li>\n\n\n\n<li><strong>\u0647\u0646<\/strong> &#8211; Onlar (kad\u0131n) (hunne)<\/li>\n<\/ol>\n\n\n\n<h3 class=\"wp-block-heading has-text-color has-link-color wp-elements-5d5d845d68d1d88923efddc81bc05581\" style=\"color:#ff2705\">\u0130\u015faret Zamirleri (\u0636\u0645\u0627\u0626\u0631 \u0627\u0644\u0625\u0634\u0627\u0631\u0629)<\/h3>\n\n\n\n<p><strong>Yak\u0131n (M\u00fcfred):<\/strong><\/p>\n\n\n\n<ol class=\"wp-block-list\">\n<li><strong>\u0647\u0630\u0627<\/strong> &#8211; Bu (erkek) (h\u00e2z\u00e2)<\/li>\n\n\n\n<li><strong>\u0647\u0630\u0647<\/strong> &#8211; Bu (kad\u0131n) (h\u00e2zihi)<\/li>\n<\/ol>\n\n\n\n<p><strong>\u0130kilik (Tesniye):<\/strong><\/p>\n\n\n\n<ol class=\"wp-block-list\" start=\"3\">\n<li><strong>\u0647\u0630\u0627\u0646<\/strong> &#8211; Bu ikisi (erkek) (h\u00e2z\u00e2n)<\/li>\n\n\n\n<li><strong>\u0647\u0627\u062a\u0627\u0646<\/strong> &#8211; Bu ikisi (kad\u0131n) (h\u00e2t\u00e2n)<\/li>\n<\/ol>\n\n\n\n<p><strong>\u00c7o\u011ful (Cem):<\/strong><\/p>\n\n\n\n<ol class=\"wp-block-list\" start=\"5\">\n<li><strong>\u0647\u0624\u0644\u0627\u0621<\/strong> &#8211; Bunlar (hem erkek hem kad\u0131n) (h\u00e2&#8217;ul\u00e2&#8217;)<\/li>\n<\/ol>\n\n\n\n<p><strong>Uzak (M\u00fcfred):<\/strong><\/p>\n\n\n\n<ol class=\"wp-block-list\" start=\"6\">\n<li><strong>\u0630\u0644\u0643<\/strong> &#8211; \u015eu (erkek) (z\u00e2lika)<\/li>\n\n\n\n<li><strong>\u062a\u0644\u0643<\/strong> &#8211; \u015eu (kad\u0131n) (tilka)<\/li>\n<\/ol>\n\n\n\n<p><strong>\u0130kilik (Tesniye):<\/strong><\/p>\n\n\n\n<ol class=\"wp-block-list\" start=\"8\">\n<li><strong>\u0630\u0627\u0646\u0643<\/strong> &#8211; \u015eu ikisi (erkek) (z\u00e2nika)<\/li>\n\n\n\n<li><strong>\u062a\u0627\u0646\u0643<\/strong> &#8211; \u015eu ikisi (kad\u0131n) (t\u00e2nika)<\/li>\n<\/ol>\n\n\n\n<p><strong>\u00c7o\u011ful (Cem):<\/strong><\/p>\n\n\n\n<ol class=\"wp-block-list\" start=\"10\">\n<li><strong>\u0623\u0648\u0644\u0626\u0643<\/strong> &#8211; \u015eunlar (hem erkek hem kad\u0131n) (ul\u00e2&#8217;ika)<\/li>\n<\/ol>\n\n\n\n<h3 class=\"wp-block-heading has-text-color has-link-color wp-elements-01ae9f31aa61c96204a66ef17dd14b2e\" style=\"color:#ff2705\">Ba\u011fla\u00e7 Zamirler (\u0636\u0645\u0627\u0626\u0631 \u0627\u0644\u0631\u0628\u0637)<\/h3>\n\n\n\n<p><strong>Tekil (M\u00fcfred):<\/strong><\/p>\n\n\n\n<ol class=\"wp-block-list\">\n<li><strong>\u0627\u0644\u0630\u064a<\/strong> &#8211; Ki o (erkek) (ellez\u00ee)<\/li>\n\n\n\n<li><strong>\u0627\u0644\u062a\u064a<\/strong> &#8211; Ki o (kad\u0131n) (ellet\u00ee)<\/li>\n<\/ol>\n\n\n\n<p><strong>\u0130kilik (Tesniye):<\/strong><\/p>\n\n\n\n<ol class=\"wp-block-list\" start=\"3\">\n<li><strong>\u0627\u0644\u0644\u0630\u0627\u0646<\/strong> &#8211; Ki o ikisi (erkek) (ellez\u00e2n)<\/li>\n\n\n\n<li><strong>\u0627\u0644\u0644\u062a\u0627\u0646<\/strong> &#8211; Ki o ikisi (kad\u0131n) (ellet\u00e2n)<\/li>\n<\/ol>\n\n\n\n<p><strong>\u00c7o\u011ful (Cem):<\/strong><\/p>\n\n\n\n<ol class=\"wp-block-list\" start=\"5\">\n<li><strong>\u0627\u0644\u0630\u064a\u0646<\/strong> &#8211; Ki onlar (erkek) (ellez\u00eene)<\/li>\n\n\n\n<li><strong>\u0627\u0644\u0644\u0627\u062a\u064a<\/strong> &#8211; Ki onlar (kad\u0131n) (ell\u00e2t\u00ee)<\/li>\n<\/ol>\n\n\n\n<p>Bu zamirler Arap\u00e7a dilinde kullan\u0131lan temel zamirlerdir ve farkl\u0131 cinsiyetler ve say\u0131lar i\u00e7in de\u011fi\u015fiklik g\u00f6sterirler.<\/p>\n","protected":false},"excerpt":{"rendered":"<p>\u015eah\u0131s Zamirleri (\u0636\u0645\u0627\u0626\u0631 \u0627\u0644\u0634\u062e\u0635\u064a\u0629) Tekil (M\u00fcfred): \u0130kilik (Tesniye): \u00c7o\u011ful (Cem): \u0130\u015faret Zamirleri (\u0636\u0645\u0627\u0626\u0631 \u0627\u0644\u0625\u0634\u0627\u0631\u0629) Yak\u0131n (M\u00fcfred): \u0130kilik (Tesniye): \u00c7o\u011ful (Cem): Uzak (M\u00fcfred): \u0130kilik (Tesniye): \u00c7o\u011ful (Cem): Ba\u011fla\u00e7 Zamirler (\u0636\u0645\u0627\u0626\u0631 \u0627\u0644\u0631\u0628\u0637) Tekil (M\u00fcfred): \u0130kilik (Tesniye): \u00c7o\u011ful (Cem): Bu zamirler Arap\u00e7a dilinde &hellip; <\/p>\n","protected":false},"author":2,"featured_media":0,"parent":17091,"menu_order":0,"comment_status":"closed","ping_status":"closed","template":"","meta":{"_bbp_topic_count":0,"_bbp_reply_count":0,"_bbp_total_topic_count":0,"_bbp_total_reply_count":0,"_bbp_voice_count":0,"_bbp_anonymous_reply_count":0,"_bbp_topic_count_hidden":0,"_bbp_reply_count_hidden":0,"_bbp_forum_subforum_count":0,"footnotes":""},"class_list":["post-18529","page","type-page","status-publish","hentry"],"jetpack_sharing_enabled":true,"jetpack_likes_enabled":true,"_links":{"self":[{"href":"https:\/\/arapca.com\/index.php\/wp-json\/wp\/v2\/pages\/18529","targetHints":{"allow":["GET"]}}],"collection":[{"href":"https:\/\/arapca.com\/index.php\/wp-json\/wp\/v2\/pages"}],"about":[{"href":"https:\/\/arapca.com\/index.php\/wp-json\/wp\/v2\/types\/page"}],"author":[{"embeddable":true,"href":"https:\/\/arapca.com\/index.php\/wp-json\/wp\/v2\/users\/2"}],"replies":[{"embeddable":true,"href":"https:\/\/arapca.com\/index.php\/wp-json\/wp\/v2\/comments?post=18529"}],"version-history":[{"count":3,"href":"https:\/\/arapca.com\/index.php\/wp-json\/wp\/v2\/pages\/18529\/revisions"}],"predecessor-version":[{"id":18533,"href":"https:\/\/arapca.com\/index.php\/wp-json\/wp\/v2\/pages\/18529\/revisions\/18533"}],"up":[{"embeddable":true,"href":"https:\/\/arapca.com\/index.php\/wp-json\/wp\/v2\/pages\/17091"}],"wp:attachment":[{"href":"https:\/\/arapca.com\/index.php\/wp-json\/wp\/v2\/media?parent=18529"}],"curies":[{"name":"wp","href":"https:\/\/api.w.org\/{rel}","templated":true}]}}