{"id":18515,"date":"2024-05-22T20:14:26","date_gmt":"2024-05-22T17:14:26","guid":{"rendered":"https:\/\/arapca.com\/?page_id=18515"},"modified":"2024-05-22T20:23:31","modified_gmt":"2024-05-22T17:23:31","slug":"miladi-aylar-ay-isimleri","status":"publish","type":"page","link":"https:\/\/arapca.com\/index.php\/arapca-oyunlar\/miladi-aylar-ay-isimleri\/","title":{"rendered":"Miladi Aylar &#8211; Ay \u0130simleri"},"content":{"rendered":"\n<p class=\"has-text-align-center has-huge-font-size\"><strong>\u0627\u0644\u0634\u0651\u064f\u0647\u0648\u0631 \u0627\u0644\u0645\u0650\u064a\u0644\u0627\u062f\u0650\u064a\u0651\u064e\u0629<\/strong><\/p>\n\n\n<div class=\"wp-block-image\">\n<figure class=\"aligncenter size-full\"><img data-recalc-dims=\"1\" loading=\"lazy\" decoding=\"async\" width=\"640\" height=\"350\" src=\"https:\/\/i0.wp.com\/arapca.com\/wp-content\/uploads\/2024\/05\/image-3.png?resize=640%2C350&#038;ssl=1\" alt=\"\" class=\"wp-image-18518\" srcset=\"https:\/\/i0.wp.com\/arapca.com\/wp-content\/uploads\/2024\/05\/image-3.png?w=640&amp;ssl=1 640w, https:\/\/i0.wp.com\/arapca.com\/wp-content\/uploads\/2024\/05\/image-3.png?resize=300%2C164&amp;ssl=1 300w, https:\/\/i0.wp.com\/arapca.com\/wp-content\/uploads\/2024\/05\/image-3.png?resize=600%2C328&amp;ssl=1 600w\" sizes=\"auto, (max-width: 640px) 100vw, 640px\" \/><\/figure>\n<\/div>\n\n\n<div class=\"h5p-iframe-wrapper\"><iframe id=\"h5p-iframe-14\" class=\"h5p-iframe\" data-content-id=\"14\" style=\"height:1px\" src=\"about:blank\" frameBorder=\"0\" scrolling=\"no\" title=\"Y\u0131l\u0131n Aylar\u0131\"><\/iframe><\/div>\n","protected":false},"excerpt":{"rendered":"<p>\u0627\u0644\u0634\u0651\u064f\u0647\u0648\u0631 \u0627\u0644\u0645\u0650\u064a\u0644\u0627\u062f\u0650\u064a\u0651\u064e\u0629<\/p>\n","protected":false},"author":2,"featured_media":0,"parent":16789,"menu_order":0,"comment_status":"closed","ping_status":"closed","template":"","meta":{"_bbp_topic_count":0,"_bbp_reply_count":0,"_bbp_total_topic_count":0,"_bbp_total_reply_count":0,"_bbp_voice_count":0,"_bbp_anonymous_reply_count":0,"_bbp_topic_count_hidden":0,"_bbp_reply_count_hidden":0,"_bbp_forum_subforum_count":0,"footnotes":""},"class_list":["post-18515","page","type-page","status-publish","hentry"],"jetpack_sharing_enabled":true,"jetpack_likes_enabled":true,"_links":{"self":[{"href":"https:\/\/arapca.com\/index.php\/wp-json\/wp\/v2\/pages\/18515","targetHints":{"allow":["GET"]}}],"collection":[{"href":"https:\/\/arapca.com\/index.php\/wp-json\/wp\/v2\/pages"}],"about":[{"href":"https:\/\/arapca.com\/index.php\/wp-json\/wp\/v2\/types\/page"}],"author":[{"embeddable":true,"href":"https:\/\/arapca.com\/index.php\/wp-json\/wp\/v2\/users\/2"}],"replies":[{"embeddable":true,"href":"https:\/\/arapca.com\/index.php\/wp-json\/wp\/v2\/comments?post=18515"}],"version-history":[{"count":3,"href":"https:\/\/arapca.com\/index.php\/wp-json\/wp\/v2\/pages\/18515\/revisions"}],"predecessor-version":[{"id":18520,"href":"https:\/\/arapca.com\/index.php\/wp-json\/wp\/v2\/pages\/18515\/revisions\/18520"}],"up":[{"embeddable":true,"href":"https:\/\/arapca.com\/index.php\/wp-json\/wp\/v2\/pages\/16789"}],"wp:attachment":[{"href":"https:\/\/arapca.com\/index.php\/wp-json\/wp\/v2\/media?parent=18515"}],"curies":[{"name":"wp","href":"https:\/\/api.w.org\/{rel}","templated":true}]}}