{"id":18500,"date":"2024-05-21T11:18:10","date_gmt":"2024-05-21T08:18:10","guid":{"rendered":"https:\/\/arapca.com\/?page_id=18500"},"modified":"2024-05-21T11:18:12","modified_gmt":"2024-05-21T08:18:12","slug":"iyelik-zamirleri","status":"publish","type":"page","link":"https:\/\/arapca.com\/index.php\/arapca-oyunlar\/iyelik-zamirleri\/","title":{"rendered":"\u0130yelik Zamirleri"},"content":{"rendered":"\n<p class=\"has-text-align-center has-huge-font-size\"><strong>\u0627\u0644\u0636\u0651\u064e\u0645\u0627\u0626\u0650\u0631 \u0627\u0644\u0645\u064f\u062a\u0651\u064e\u0635\u0650\u0644\u0629<\/strong><\/p>\n\n\n\n<figure class=\"wp-block-embed is-type-wp-embed is-provider-learningapps-org wp-block-embed-learningapps-org\"><div class=\"wp-block-embed__wrapper\">\n<iframe loading=\"lazy\" class=\"wp-embedded-content\" sandbox=\"allow-scripts\" security=\"restricted\" title=\"\u0130yelik zamirleri - Do\u011fru \u015fekilde zamirleri bo\u015flu\u011fa yaz!\" src=\"https:\/\/LearningApps.org\/watch?id=p4avgj29a01#?secret=OwgjT2IEa4\" data-secret=\"OwgjT2IEa4\" frameborder=\"0\" width=\"950\" height=\"500\"><\/iframe>\n<\/div><\/figure>\n","protected":false},"excerpt":{"rendered":"<p>\u0627\u0644\u0636\u0651\u064e\u0645\u0627\u0626\u0650\u0631 \u0627\u0644\u0645\u064f\u062a\u0651\u064e\u0635\u0650\u0644\u0629<\/p>\n","protected":false},"author":2,"featured_media":0,"parent":16789,"menu_order":0,"comment_status":"closed","ping_status":"closed","template":"","meta":{"_bbp_topic_count":0,"_bbp_reply_count":0,"_bbp_total_topic_count":0,"_bbp_total_reply_count":0,"_bbp_voice_count":0,"_bbp_anonymous_reply_count":0,"_bbp_topic_count_hidden":0,"_bbp_reply_count_hidden":0,"_bbp_forum_subforum_count":0,"footnotes":""},"class_list":["post-18500","page","type-page","status-publish","hentry"],"jetpack_sharing_enabled":true,"jetpack_likes_enabled":true,"_links":{"self":[{"href":"https:\/\/arapca.com\/index.php\/wp-json\/wp\/v2\/pages\/18500","targetHints":{"allow":["GET"]}}],"collection":[{"href":"https:\/\/arapca.com\/index.php\/wp-json\/wp\/v2\/pages"}],"about":[{"href":"https:\/\/arapca.com\/index.php\/wp-json\/wp\/v2\/types\/page"}],"author":[{"embeddable":true,"href":"https:\/\/arapca.com\/index.php\/wp-json\/wp\/v2\/users\/2"}],"replies":[{"embeddable":true,"href":"https:\/\/arapca.com\/index.php\/wp-json\/wp\/v2\/comments?post=18500"}],"version-history":[{"count":1,"href":"https:\/\/arapca.com\/index.php\/wp-json\/wp\/v2\/pages\/18500\/revisions"}],"predecessor-version":[{"id":18502,"href":"https:\/\/arapca.com\/index.php\/wp-json\/wp\/v2\/pages\/18500\/revisions\/18502"}],"up":[{"embeddable":true,"href":"https:\/\/arapca.com\/index.php\/wp-json\/wp\/v2\/pages\/16789"}],"wp:attachment":[{"href":"https:\/\/arapca.com\/index.php\/wp-json\/wp\/v2\/media?parent=18500"}],"curies":[{"name":"wp","href":"https:\/\/api.w.org\/{rel}","templated":true}]}}