{"id":18487,"date":"2024-05-21T10:58:01","date_gmt":"2024-05-21T07:58:01","guid":{"rendered":"https:\/\/arapca.com\/?page_id=18487"},"modified":"2024-05-21T10:58:04","modified_gmt":"2024-05-21T07:58:04","slug":"ev-ve-bolumleri","status":"publish","type":"page","link":"https:\/\/arapca.com\/index.php\/arapca-oyunlar\/ev-ve-bolumleri\/","title":{"rendered":"Ev ve B\u00f6l\u00fcmleri"},"content":{"rendered":"\n<p class=\"has-text-align-center has-primary-color has-text-color has-link-color has-huge-font-size wp-elements-f721ab97150c98c0951d568adee883cb\"><strong>\u0628\u064e\u064a\u0652\u062a\u064a<\/strong><\/p>\n\n\n\n<figure class=\"wp-block-embed is-type-wp-embed is-provider-learningapps-org wp-block-embed-learningapps-org\"><div class=\"wp-block-embed__wrapper\">\n<iframe loading=\"lazy\" class=\"wp-embedded-content\" sandbox=\"allow-scripts\" security=\"restricted\" title=\"9. S\u0131n\u0131f  Arap\u00e7a Evim Konusu \" src=\"https:\/\/LearningApps.org\/watch?id=pu0ufxyz220#?secret=fXBESI4psI\" data-secret=\"fXBESI4psI\" frameborder=\"0\" width=\"950\" height=\"500\"><\/iframe>\n<\/div><\/figure>\n","protected":false},"excerpt":{"rendered":"<p>\u0628\u064e\u064a\u0652\u062a\u064a<\/p>\n","protected":false},"author":2,"featured_media":0,"parent":16789,"menu_order":0,"comment_status":"closed","ping_status":"closed","template":"","meta":{"_bbp_topic_count":0,"_bbp_reply_count":0,"_bbp_total_topic_count":0,"_bbp_total_reply_count":0,"_bbp_voice_count":0,"_bbp_anonymous_reply_count":0,"_bbp_topic_count_hidden":0,"_bbp_reply_count_hidden":0,"_bbp_forum_subforum_count":0,"footnotes":""},"class_list":["post-18487","page","type-page","status-publish","hentry"],"jetpack_sharing_enabled":true,"jetpack_likes_enabled":true,"_links":{"self":[{"href":"https:\/\/arapca.com\/index.php\/wp-json\/wp\/v2\/pages\/18487","targetHints":{"allow":["GET"]}}],"collection":[{"href":"https:\/\/arapca.com\/index.php\/wp-json\/wp\/v2\/pages"}],"about":[{"href":"https:\/\/arapca.com\/index.php\/wp-json\/wp\/v2\/types\/page"}],"author":[{"embeddable":true,"href":"https:\/\/arapca.com\/index.php\/wp-json\/wp\/v2\/users\/2"}],"replies":[{"embeddable":true,"href":"https:\/\/arapca.com\/index.php\/wp-json\/wp\/v2\/comments?post=18487"}],"version-history":[{"count":1,"href":"https:\/\/arapca.com\/index.php\/wp-json\/wp\/v2\/pages\/18487\/revisions"}],"predecessor-version":[{"id":18488,"href":"https:\/\/arapca.com\/index.php\/wp-json\/wp\/v2\/pages\/18487\/revisions\/18488"}],"up":[{"embeddable":true,"href":"https:\/\/arapca.com\/index.php\/wp-json\/wp\/v2\/pages\/16789"}],"wp:attachment":[{"href":"https:\/\/arapca.com\/index.php\/wp-json\/wp\/v2\/media?parent=18487"}],"curies":[{"name":"wp","href":"https:\/\/api.w.org\/{rel}","templated":true}]}}