{"id":18445,"date":"2024-05-19T11:34:18","date_gmt":"2024-05-19T08:34:18","guid":{"rendered":"https:\/\/arapca.com\/?page_id=18445"},"modified":"2024-05-19T11:34:20","modified_gmt":"2024-05-19T08:34:20","slug":"selamlasma-eslestirme","status":"publish","type":"page","link":"https:\/\/arapca.com\/index.php\/selamlasma-eslestirme\/","title":{"rendered":"Selamla\u015fma E\u015fle\u015ftirme"},"content":{"rendered":"<div class=\"wp-block-image\">\n<figure class=\"aligncenter size-full\"><img data-recalc-dims=\"1\" loading=\"lazy\" decoding=\"async\" width=\"258\" height=\"196\" src=\"https:\/\/i0.wp.com\/arapca.com\/wp-content\/uploads\/2024\/05\/image.png?resize=258%2C196&#038;ssl=1\" alt=\"\" class=\"wp-image-18446\"\/><\/figure>\n<\/div>\n\n\n<p class=\"has-text-align-center\"><div class=\"h5p-iframe-wrapper\"><iframe id=\"h5p-iframe-12\" class=\"h5p-iframe\" data-content-id=\"12\" style=\"height:1px\" src=\"about:blank\" frameBorder=\"0\" scrolling=\"no\" title=\"Selamla\u015fma \u0130fadelerini e\u015fle\u015ftir\"><\/iframe><\/div><\/p>\n","protected":false},"excerpt":{"rendered":"","protected":false},"author":2,"featured_media":0,"parent":0,"menu_order":0,"comment_status":"closed","ping_status":"closed","template":"","meta":{"_bbp_topic_count":0,"_bbp_reply_count":0,"_bbp_total_topic_count":0,"_bbp_total_reply_count":0,"_bbp_voice_count":0,"_bbp_anonymous_reply_count":0,"_bbp_topic_count_hidden":0,"_bbp_reply_count_hidden":0,"_bbp_forum_subforum_count":0,"advanced_seo_description":"","jetpack_seo_html_title":"","jetpack_seo_noindex":false,"footnotes":""},"class_list":["post-18445","page","type-page","status-publish","hentry"],"jetpack_sharing_enabled":true,"jetpack_likes_enabled":true,"_links":{"self":[{"href":"https:\/\/arapca.com\/index.php\/wp-json\/wp\/v2\/pages\/18445","targetHints":{"allow":["GET"]}}],"collection":[{"href":"https:\/\/arapca.com\/index.php\/wp-json\/wp\/v2\/pages"}],"about":[{"href":"https:\/\/arapca.com\/index.php\/wp-json\/wp\/v2\/types\/page"}],"author":[{"embeddable":true,"href":"https:\/\/arapca.com\/index.php\/wp-json\/wp\/v2\/users\/2"}],"replies":[{"embeddable":true,"href":"https:\/\/arapca.com\/index.php\/wp-json\/wp\/v2\/comments?post=18445"}],"version-history":[{"count":1,"href":"https:\/\/arapca.com\/index.php\/wp-json\/wp\/v2\/pages\/18445\/revisions"}],"predecessor-version":[{"id":18448,"href":"https:\/\/arapca.com\/index.php\/wp-json\/wp\/v2\/pages\/18445\/revisions\/18448"}],"wp:attachment":[{"href":"https:\/\/arapca.com\/index.php\/wp-json\/wp\/v2\/media?parent=18445"}],"curies":[{"name":"wp","href":"https:\/\/api.w.org\/{rel}","templated":true}]}}