{"id":18292,"date":"2024-04-06T10:51:29","date_gmt":"2024-04-06T07:51:29","guid":{"rendered":"https:\/\/arapca.com\/?page_id=18292"},"modified":"2024-04-06T10:54:51","modified_gmt":"2024-04-06T07:54:51","slug":"hastane-randevu-alma","status":"publish","type":"page","link":"https:\/\/arapca.com\/index.php\/a2-arapca\/hastane-randevu-alma\/","title":{"rendered":"Hastane Randevu Alma"},"content":{"rendered":"\n<p class=\"has-text-align-center has-text-color has-link-color has-huge-font-size wp-elements-5cc815da7f57aacb655840e2342cb61d\" style=\"color:#fd0909\"><strong>\u062d\u064e\u062c\u0652\u0632\u064f \u0645\u064e\u0648\u0652\u0639\u0650\u062f\u064d \u0637\u0650\u0628\u0650\u0651\u064a\u064d\u0651<\/strong><\/p>\n\n\n<div class=\"wp-block-image\">\n<figure class=\"aligncenter size-large\"><a href=\"https:\/\/learning.aljazeera.net\/en\/generallanguage\/%D8%AD%D8%AC%D8%B2-%D9%85%D9%88%D8%B9%D8%AF-%D8%B7%D8%A8%D9%8A\"><img data-recalc-dims=\"1\" fetchpriority=\"high\" decoding=\"async\" width=\"640\" height=\"361\" src=\"https:\/\/i0.wp.com\/arapca.com\/wp-content\/uploads\/2024\/04\/hastanerandevu.jpeg?resize=640%2C361&#038;ssl=1\" alt=\"\" class=\"wp-image-18294\" srcset=\"https:\/\/i0.wp.com\/arapca.com\/wp-content\/uploads\/2024\/04\/hastanerandevu.jpeg?resize=1024%2C577&amp;ssl=1 1024w, https:\/\/i0.wp.com\/arapca.com\/wp-content\/uploads\/2024\/04\/hastanerandevu.jpeg?resize=300%2C169&amp;ssl=1 300w, https:\/\/i0.wp.com\/arapca.com\/wp-content\/uploads\/2024\/04\/hastanerandevu.jpeg?resize=768%2C433&amp;ssl=1 768w, https:\/\/i0.wp.com\/arapca.com\/wp-content\/uploads\/2024\/04\/hastanerandevu.jpeg?resize=600%2C338&amp;ssl=1 600w, https:\/\/i0.wp.com\/arapca.com\/wp-content\/uploads\/2024\/04\/hastanerandevu.jpeg?w=1127&amp;ssl=1 1127w\" sizes=\"(max-width: 640px) 100vw, 640px\" \/><\/a><\/figure>\n<\/div>\n\n\n<p class=\"has-text-align-right has-large-font-size\"> \u0645\u064f\u0633\u0652\u062a\u064e\u0634\u0652\u0641\u064e\u0649 \u0627\u0644\u0634\u0650\u0651\u0641\u064e\u0627\u0621\u060c \u0645\u064e\u0631\u0652\u062d\u064e\u0628\u064b\u0627 &#8211;<\/p>\n\n\n\n<p class=\"has-text-align-right has-large-font-size\">&#8211; \u0645\u064e\u0631\u0652\u062d\u064e\u0628\u064b\u0627. \u0644\u064e\u0648\u0652 \u0633\u064e\u0645\u064e\u062d\u0652\u062a\u0650 \u0623\u064f\u0631\u0650\u064a\u062f\u064f \u0623\u0646\u0652 \u0623\u064e\u0639\u0652\u0631\u0650\u0641\u064e \u0645\u064e\u0648\u064e\u0627\u0639\u0650\u064a\u062f\u064e \u0639\u0650\u064a\u064e\u0627\u062f\u064e\u0629\u0650 \u0627\u0644\u0623\u0633\u0652\u0646\u064e\u0627\u0646-<\/p>\n\n\n\n<p class=\"has-text-align-right has-large-font-size\">\u0644\u064e\u062d\u0652\u0638\u064e\u0629\u064b \u0645\u0650\u0646\u0652 \u0641\u064e\u0636\u0652\u0644\u0650\u0643\u064e-<\/p>\n\n\n\n<p class=\"has-text-align-right has-large-font-size\"> \u062a\u064e\u0641\u064e\u0636\u064e\u0651\u0644\u0650\u064a-<\/p>\n\n\n\n<p class=\"has-text-align-right has-large-font-size\">.\u0634\u064f\u0643\u0652\u0631\u064b\u0627 \u0644\u064e\u0643\u064f\u0645\u0652 \u0639\u064e\u0644\u064e\u0649 \u0627\u0644\u0650\u0627\u0646\u0652\u062a\u0650\u0638\u064e\u0627\u0631\u0650-&nbsp;<br>\u0639\u0650\u064a\u064e\u0627\u062f\u064e\u0629\u064f \u0627\u0644\u0652\u0623\u064e\u0633\u0652\u0646\u064e\u0627\u0646\u0650 \u0645\u064e\u0641\u0652\u062a\u064f\u0648\u062d\u064e\u0629\u064c \u064a\u064e\u0648\u0652\u0645\u0650\u064a\u064b\u0651\u0627 \u0645\u0650\u0646\u064e \u0627\u0644\u0633\u064e\u0651\u0627\u0639\u064e\u0629\u0650 \u0627\u0644\u062b\u064e\u0651\u0627\u0645\u0650\u0646\u064e\u0629\u0650 \u0635\u064e\u0628\u064e\u0627\u062d\u064b\u0627 \u0625\u0644\u064e\u0649 \u0627\u0644\u0633\u064e\u0651\u0627\u0639\u064e\u0629\u0650 \u0627\u0644\u0652\u0648\u064e\u0627\u062d\u0650\u062f\u064e\u0629\u0650 \u0638\u064f\u0647\u0652\u0631\u064b\u0627\u060c \u0648\u064e\u0645\u0650\u0646\u064e \u0627\u0644\u0633\u064e\u0651\u0627\u0639\u064e\u0629\u0650- \u0627\u0644\u0633\u064e\u0651\u0627\u062f\u0650\u0633\u064e\u0629\u0650 \u0645\u064e\u0633\u064e\u0627\u0621\u064b \u0625\u0650\u0644\u064e\u0649 \u0627\u0644\u0633\u064e\u0651\u0627\u0639\u064e\u0629\u0650 \u0627\u0644\u0652\u0639\u064e\u0627\u0634\u0650\u0631\u064e\u0629\u0650 \u0645\u064e\u0633\u064e\u0627\u0621\u064b\u060c \u0645\u064e\u0627 \u0639\u064e\u062f\u064e\u0627 \u064a\u064e\u0648\u0652\u0645\u0650 \u0627\u0644\u0652\u062c\u064f\u0645\u064f\u0639\u064e\u0629\u0650<\/p>\n\n\n\n<p class=\"has-text-align-right has-large-font-size\">\u0647\u064e\u0644\u0652 \u064a\u064f\u0645\u0652\u0643\u0650\u0646\u064f \u0623\u0646\u0652 \u0623\u062d\u0652\u062c\u0650\u0632\u064e \u0645\u064e\u0648\u0652\u0639\u0650\u062f\u064b\u0627 \u0628\u0650\u0627\u0644\u0647\u064e\u0627\u062a\u0650\u0641\u0650\u061f-<\/p>\n\n\n\n<p class=\"has-text-align-right has-large-font-size\"> \u0646\u064e\u0639\u064e\u0645\u0652. \u062a\u064e\u0641\u064e\u0636\u064e\u0651\u0644\u0652. \u0645\u064e\u0627 \u0627\u0644\u0652\u0645\u064e\u0648\u0652\u0639\u0650\u062f\u064f \u0627\u0644\u0652\u0645\u064f\u0646\u064e\u0627\u0633\u0650\u0628\u064f \u0644\u064e\u0643\u064f\u0645\u0652\u061f-<\/p>\n\n\n\n<p class=\"has-text-align-right has-large-font-size\">.\u064a\u064e\u0648\u0652\u0645\u064f \u0627\u0644\u062e\u064e\u0645\u0650\u064a\u0633\u0650 \u0627\u0644\u0642\u064e\u0627\u062f\u0650\u0645\u0650 \u0627\u0644\u0633\u064e\u0651\u0627\u0639\u064e\u0629\u064e \u0627\u0644\u0633\u064e\u0651\u0627\u062f\u0650\u0633\u064e\u0629\u064e \u0645\u064e\u0633\u064e\u0627\u0621\u064b-<\/p>\n\n\n\n<p class=\"has-text-align-right has-large-font-size\">\u0647\u064e\u0630\u064e\u0627 \u0627\u0644\u0652\u0645\u064e\u0648\u0652\u0639\u0650\u062f\u064f \u0645\u064e\u062d\u0652\u062c\u064f\u0648\u0632\u064c \u0645\u064e\u0639\u064e \u0627\u0644\u0652\u0623\u064e\u0633\u064e\u0641\u0650\u060c \u0647\u064e\u0644\u0652 \u064a\u064f\u0646\u064e\u0627\u0633\u0650\u0628\u064f\u0643\u064f\u0645\u0652 \u0645\u064e\u0648\u0652\u0639\u0650\u062f\u064c \u0641\u0650\u064a \u0627\u0644\u0633\u064e\u0651\u0627\u062f\u0650\u0633\u064e\u0629\u0650 \u0648\u0627\u0644\u0646\u0650\u0651\u0635\u0652\u0641\u0650\u061f-<\/p>\n\n\n\n<p class=\"has-text-align-right has-large-font-size\">.\u0646\u064e\u0639\u064e\u0645\u0652\u060c \u0645\u064f\u0646\u064e\u0627\u0633\u0650\u0628\u064c \u0625\u0646\u0652 \u0634\u064e\u0627\u0621\u064e \u0627\u0644\u0644\u0647\u064f-<\/p>\n\n\n\n<p class=\"has-text-align-right has-large-font-size\"> \u0645\u064e\u0627 \u0627\u0633\u0652\u0645\u064f\u0643\u064f\u0645\u0652\u061f-<\/p>\n\n\n\n<p class=\"has-text-align-right has-large-font-size\">.\u062e\u064e\u0627\u0644\u0650\u062f \u0645\u064f\u0631\u064e\u0627\u062f-<\/p>\n\n\n\n<p class=\"has-text-align-right has-large-font-size\"> \u0645\u064e\u0627 \u0631\u064e\u0642\u0652\u0645\u064f \u0647\u064e\u0627\u062a\u0650\u0641\u0650\u0643\u064f\u0645\u0652\u061f-<\/p>\n\n\n\n<p class=\"has-text-align-right has-large-font-size\">. 0540456357-<\/p>\n\n\n\n<p class=\"has-text-align-right has-large-font-size\"> .\u062a\u064e\u0645\u064e\u0651 \u062d\u064e\u062c\u0652\u0632\u064f \u0627\u0644\u0652\u0645\u064e\u0648\u0652\u0639\u0650\u062f\u0650 \u0641\u0650\u064a \u0639\u0650\u064a\u064e\u0627\u062f\u064e\u0629\u0650 \u0627\u0644\u0623\u064e\u0633\u0652\u0646\u064e\u0627\u0646\u0650 \u064a\u064e\u0648\u0652\u0645\u064e \u0627\u0644\u0652\u062e\u064e\u0645\u0650\u064a\u0633\u0650 \u0627\u0644\u0633\u064e\u0651\u0627\u0639\u064e\u0629\u064e \u0627\u0644\u0633\u064e\u0651\u0627\u062f\u0650\u0633\u064e\u0629\u064e \u0648\u064e\u0627\u0644\u0646\u0650\u0651\u0635\u0652\u0641\u064e \u0645\u064e\u0633\u064e\u0627\u0621\u064b-<\/p>\n\n\n\n<p class=\"has-text-align-right has-large-font-size\"> \u0623\u064a\u064e\u0651 \u062e\u0650\u062f\u0652\u0645\u064e\u0629\u064d \u0623\u064f\u062e\u0652\u0631\u064e\u0649\u061f-<\/p>\n\n\n\n<p class=\"has-text-align-right has-large-font-size\"> .\u0634\u064f\u0643\u0652\u0631\u064b\u0627\u060c \u0645\u064e\u0639\u064e \u0627\u0644\u0633\u064e\u0651\u0644\u0627\u0645\u064e\u0629\u0650-<\/p>\n\n\n\n<p class=\"has-text-align-right has-large-font-size\"> .\u0645\u064e\u0639\u064e \u0627\u0644\u0633\u064e\u0651\u0644\u0627\u0645\u064e\u0629\u0650 \u0623\u064f\u0633\u0652\u062a\u064e\u0627\u0630 \u062e\u064e\u0627\u0644\u0650\u062f-<\/p>\n\n\n\n<h2 class=\"wp-block-heading has-text-align-right has-text-color has-link-color has-large-font-size wp-elements-73268936c153758e60e763b2d39889b8\" style=\"color:#fa0a01\">\u0645\u064f\u0641\u0631\u064e\u062f\u0627\u062a Kelimeler<\/h2>\n\n\n\n<p class=\"has-large-font-size\">\u0645\u064e\u0631\u0652\u062d\u064e\u0628\u064b\u0627 Merhaba<\/p>\n\n\n\n<p class=\"has-large-font-size\">\u0645\u064f\u0633\u0652\u062a\u064e\u0634\u0652\u0641\u064e\u0649 Hastane<\/p>\n\n\n\n<p class=\"has-large-font-size\">\u0623\u064f\u0631\u0650\u064a\u062f\u064f \u0130stiyorum<\/p>\n\n\n\n<p class=\"has-large-font-size\">\u0645\u064e\u0648\u0652\u0639\u0650\u062f\/ \u0645\u064e\u0648\u0627\u0639\u0650\u064a\u062f Randevu\/randevular<\/p>\n\n\n\n<p class=\"has-large-font-size\">\u0639\u0650\u064a\u0627\u062f\u064e\u0629 Klinik<\/p>\n\n\n\n<p class=\"has-large-font-size\">\u062a\u064e\u0641\u064e\u0636\u064e\u0651\u0644\u0650\u064a Buyrun<\/p>\n\n\n\n<p class=\"has-large-font-size\">\u0634\u064f\u0643\u0652\u0631\u064b\u0627 Te\u015fekk\u00fcrler<\/p>\n\n\n\n<p class=\"has-large-font-size\">\u0623\u062d\u0652\u062c\u0650\u0632 Randevu almak<\/p>\n\n\n\n<p class=\"has-large-font-size\">\u0637\u064e\u0628\u0652\u0639\u064b\u0627 Tabi<\/p>\n\n\n\n<p class=\"has-large-font-size\">\u064a\u064f\u0646\u0627\u0633\u0650\u0628 Uygun olur<\/p>\n\n\n\n<p class=\"has-large-font-size\">\u0645\u064f\u0646\u0627\u0633\u0650\u0628 Uygun<\/p>\n\n\n\n<p class=\"has-large-font-size\">\u0645\u064e\u062d\u0652\u062c\u064f\u0648\u0632 Rezerve edilmi\u015f<\/p>\n\n\n\n<p class=\"has-large-font-size\">\u062a\u064e\u0645\u064e\u0651 Tamamland\u0131, olu\u015fturuldu<\/p>\n\n\n\n<h2 class=\"wp-block-heading has-text-align-center has-text-color has-link-color has-huge-font-size wp-elements-fbf6645fa3a164e1353ac394f5ce3fa8\" style=\"color:#ff0505\">\u0639\u0650\u0628\u0627\u0631\u0627\u062aTabirler<\/h2>\n\n\n\n<p class=\"has-text-align-right has-large-font-size\">\u0639\u0650\u064a\u0627\u062f\u064e\u0629 \u0627\u0644\u0652\u0623\u064e\u0633\u0652\u0646\u0627\u0646 Di\u015f klini\u011fi<\/p>\n\n\n\n<p class=\"has-text-align-right has-large-font-size\">\u0645\u064e\u0627 \u0639\u064e\u062f\u064e\u0627 H\u00e2ri\u00e7, haricinde<\/p>\n\n\n\n<p class=\"has-text-align-right has-large-font-size\">\u0644\u064e\u0648\u0652 \u0633\u064e\u0645\u064e\u062d\u0652\u062a L\u00fctfen<\/p>\n\n\n\n<p class=\"has-text-align-right has-large-font-size\">\u0644\u064e\u062d\u0652\u0638\u064e\u0629 \u0645\u0650\u0646\u0652 \u0641\u064e\u0636\u0652\u0644\u0650\u0643 Bir saniye l\u00fctfen<\/p>\n\n\n\n<p class=\"has-text-align-right has-large-font-size\">\u0647\u064e\u0644\u0652 \u064a\u064f\u0645\u0652\u0643\u0650\u0646\u064f \u0623\u064e\u0646\u0652 &#8230;\u2026 e bilir miyim<\/p>\n\n\n\n<p class=\"has-text-align-right has-large-font-size\">\u0645\u064e\u0639\u064e \u0627\u0644\u0652\u0623\u064e\u0633\u064e\u0641 Maalesef<\/p>\n\n\n\n<p class=\"has-text-align-right has-large-font-size\">\u0623\u064e\u064a\u064e\u0651 \u062e\u0650\u062f\u0652\u0645\u064e\u0629\u064d \u0623\u064f\u062e\u0652\u0631\u064e\u0649 Ba\u015fka bir arzunuz?<\/p>\n\n\n\n<p class=\"has-text-align-right has-large-font-size\">\u0645\u064e\u0639\u064e \u0627\u0644\u0633\u064e\u0651\u0644\u0627\u0645\u064e\u0629 Ho\u015f\u00e7akal\u0131n<\/p>\n\n\n\n<p><\/p>\n","protected":false},"excerpt":{"rendered":"<p>\u062d\u064e\u062c\u0652\u0632\u064f \u0645\u064e\u0648\u0652\u0639\u0650\u062f\u064d \u0637\u0650\u0628\u0650\u0651\u064a\u064d\u0651 \u0645\u064f\u0633\u0652\u062a\u064e\u0634\u0652\u0641\u064e\u0649 \u0627\u0644\u0634\u0650\u0651\u0641\u064e\u0627\u0621\u060c \u0645\u064e\u0631\u0652\u062d\u064e\u0628\u064b\u0627 &#8211; &#8211; \u0645\u064e\u0631\u0652\u062d\u064e\u0628\u064b\u0627. \u0644\u064e\u0648\u0652 \u0633\u064e\u0645\u064e\u062d\u0652\u062a\u0650 \u0623\u064f\u0631\u0650\u064a\u062f\u064f \u0623\u0646\u0652 \u0623\u064e\u0639\u0652\u0631\u0650\u0641\u064e \u0645\u064e\u0648\u064e\u0627\u0639\u0650\u064a\u062f\u064e \u0639\u0650\u064a\u064e\u0627\u062f\u064e\u0629\u0650 \u0627\u0644\u0623\u0633\u0652\u0646\u064e\u0627\u0646- \u0644\u064e\u062d\u0652\u0638\u064e\u0629\u064b \u0645\u0650\u0646\u0652 \u0641\u064e\u0636\u0652\u0644\u0650\u0643\u064e- \u062a\u064e\u0641\u064e\u0636\u064e\u0651\u0644\u0650\u064a- .\u0634\u064f\u0643\u0652\u0631\u064b\u0627 \u0644\u064e\u0643\u064f\u0645\u0652 \u0639\u064e\u0644\u064e\u0649 \u0627\u0644\u0650\u0627\u0646\u0652\u062a\u0650\u0638\u064e\u0627\u0631\u0650-&nbsp;\u0639\u0650\u064a\u064e\u0627\u062f\u064e\u0629\u064f \u0627\u0644\u0652\u0623\u064e\u0633\u0652\u0646\u064e\u0627\u0646\u0650 \u0645\u064e\u0641\u0652\u062a\u064f\u0648\u062d\u064e\u0629\u064c \u064a\u064e\u0648\u0652\u0645\u0650\u064a\u064b\u0651\u0627 \u0645\u0650\u0646\u064e \u0627\u0644\u0633\u064e\u0651\u0627\u0639\u064e\u0629\u0650 \u0627\u0644\u062b\u064e\u0651\u0627\u0645\u0650\u0646\u064e\u0629\u0650 \u0635\u064e\u0628\u064e\u0627\u062d\u064b\u0627 \u0625\u0644\u064e\u0649 \u0627\u0644\u0633\u064e\u0651\u0627\u0639\u064e\u0629\u0650 \u0627\u0644\u0652\u0648\u064e\u0627\u062d\u0650\u062f\u064e\u0629\u0650 \u0638\u064f\u0647\u0652\u0631\u064b\u0627\u060c \u0648\u064e\u0645\u0650\u0646\u064e \u0627\u0644\u0633\u064e\u0651\u0627\u0639\u064e\u0629\u0650- \u0627\u0644\u0633\u064e\u0651\u0627\u062f\u0650\u0633\u064e\u0629\u0650 \u0645\u064e\u0633\u064e\u0627\u0621\u064b &hellip; <\/p>\n","protected":false},"author":2,"featured_media":0,"parent":18129,"menu_order":0,"comment_status":"closed","ping_status":"closed","template":"","meta":{"advanced_seo_description":"","jetpack_seo_html_title":"","jetpack_seo_noindex":false,"footnotes":""},"class_list":["post-18292","page","type-page","status-publish","hentry"],"jetpack_sharing_enabled":true,"jetpack_likes_enabled":true,"_links":{"self":[{"href":"https:\/\/arapca.com\/index.php\/wp-json\/wp\/v2\/pages\/18292","targetHints":{"allow":["GET"]}}],"collection":[{"href":"https:\/\/arapca.com\/index.php\/wp-json\/wp\/v2\/pages"}],"about":[{"href":"https:\/\/arapca.com\/index.php\/wp-json\/wp\/v2\/types\/page"}],"author":[{"embeddable":true,"href":"https:\/\/arapca.com\/index.php\/wp-json\/wp\/v2\/users\/2"}],"replies":[{"embeddable":true,"href":"https:\/\/arapca.com\/index.php\/wp-json\/wp\/v2\/comments?post=18292"}],"version-history":[{"count":3,"href":"https:\/\/arapca.com\/index.php\/wp-json\/wp\/v2\/pages\/18292\/revisions"}],"predecessor-version":[{"id":18296,"href":"https:\/\/arapca.com\/index.php\/wp-json\/wp\/v2\/pages\/18292\/revisions\/18296"}],"up":[{"embeddable":true,"href":"https:\/\/arapca.com\/index.php\/wp-json\/wp\/v2\/pages\/18129"}],"wp:attachment":[{"href":"https:\/\/arapca.com\/index.php\/wp-json\/wp\/v2\/media?parent=18292"}],"curies":[{"name":"wp","href":"https:\/\/api.w.org\/{rel}","templated":true}]}}