{"id":18240,"date":"2024-02-04T09:11:42","date_gmt":"2024-02-04T06:11:42","guid":{"rendered":"https:\/\/arapca.com\/?page_id=18240"},"modified":"2025-03-08T14:58:40","modified_gmt":"2025-03-08T11:58:40","slug":"fiil","status":"publish","type":"page","link":"https:\/\/arapca.com\/index.php\/arapca-dilbilgisi\/fiil\/","title":{"rendered":"F\u0130\u0130L"},"content":{"rendered":"\n<p class=\"has-vivid-red-color has-text-color has-link-color wp-elements-25c062533efdf326ee2716713cba4219\"><strong>S\u00fcl\u00e2s\u00ee Fiiller<\/strong><\/p>\n\n\n\n<p><a href=\"https:\/\/arapca.com\/index.php\/mazi-fiil\/\">Mazi<\/a><\/p>\n\n\n\n<p><a href=\"https:\/\/arapca.com\/index.php\/arapca-dilbilgisi\/muzari-fiil\/\">Muzari<\/a><\/p>\n\n\n\n<p><a href=\"https:\/\/arapca.com\/index.php\/arapca-dilbilgisi\/emir-fiil\/\">Emir<\/a><\/p>\n\n\n\n<p><a href=\"https:\/\/arapca.com\/index.php\/arapca-dilbilgisi\/nehiy-nehy\/\">Nehiy<\/a><\/p>\n\n\n\n<p><a href=\"https:\/\/arapca.com\/index.php\/arapca-dilbilgisi\/aksamu-seba\/\">Aksamu Seb\u2019a<\/a><\/p>\n\n\n\n<p><a href=\"https:\/\/arapca.com\/index.php\/sahih-fiil\/\">Sahih Fiil<\/a><\/p>\n\n\n\n<p><a href=\"https:\/\/arapca.com\/index.php\/2025\/03\/08\/mutel-fiil\/\">Mu\u2019tel Fiil<\/a><\/p>\n\n\n\n<p class=\"has-vivid-red-color has-text-color has-link-color wp-elements-a065e42637b68f163acd5344a4e78ce4\"><strong>Mezid Fiiller<\/strong><\/p>\n\n\n\n<p><strong>3+1 Fiiller<\/strong>: \u0130f\u2019\u00e2l \u2013 Tef\u2019\u00eel \u2013 Muf\u00e2ale<\/p>\n\n\n\n<p><strong>3+2 Fiiller<\/strong>: \u0130nfi\u00e2l \u2013 \u0130fti\u00e2l- \u0130f\u2019il\u00e2l- Tef\u00e2ul \u2013 Tefe\u2019ul<\/p>\n\n\n\n<p><strong>3+3 Fiiller<\/strong>: \u0130stif\u00e2l \u2013 \u0130fill\u00e2l \u2013 \u0130f\u2019i\u00e2l-\u0130f\u2019il\u00e2l<\/p>\n\n\n\n<p class=\"has-vivid-red-color has-text-color has-link-color wp-elements-deea8d29e3fcdc91efcd6c9a4239aaa9\"><strong>Rub\u00e2\u00ee Fiiller<\/strong><\/p>\n\n\n\n<p>4+1 Fiiller: Tefa\u2019l\u00fcl<\/p>\n\n\n\n<p>4+2 Fiiller: \u0130finl\u00e2l- \u0130fill\u00e2l<\/p>\n\n\n\n<p>\u0130simden Fiil Yapma Kurallar\u0131<\/p>\n\n\n\n<p>Kane ve Benzerleri (\u0643\u0627\u0646)<\/p>\n","protected":false},"excerpt":{"rendered":"<p>S\u00fcl\u00e2s\u00ee Fiiller Mazi Muzari Emir Nehiy Aksamu Seb\u2019a Sahih Fiil Mu\u2019tel Fiil Mezid Fiiller 3+1 Fiiller: \u0130f\u2019\u00e2l \u2013 Tef\u2019\u00eel \u2013 Muf\u00e2ale 3+2 Fiiller: \u0130nfi\u00e2l \u2013 \u0130fti\u00e2l- \u0130f\u2019il\u00e2l- Tef\u00e2ul \u2013 Tefe\u2019ul 3+3 Fiiller: \u0130stif\u00e2l \u2013 \u0130fill\u00e2l \u2013 \u0130f\u2019i\u00e2l-\u0130f\u2019il\u00e2l Rub\u00e2\u00ee Fiiller 4+1 &hellip; <\/p>\n","protected":false},"author":1,"featured_media":0,"parent":17091,"menu_order":0,"comment_status":"closed","ping_status":"closed","template":"","meta":{"_bbp_topic_count":0,"_bbp_reply_count":0,"_bbp_total_topic_count":0,"_bbp_total_reply_count":0,"_bbp_voice_count":0,"_bbp_anonymous_reply_count":0,"_bbp_topic_count_hidden":0,"_bbp_reply_count_hidden":0,"_bbp_forum_subforum_count":0,"footnotes":""},"class_list":["post-18240","page","type-page","status-publish","hentry"],"jetpack_sharing_enabled":true,"jetpack_likes_enabled":true,"_links":{"self":[{"href":"https:\/\/arapca.com\/index.php\/wp-json\/wp\/v2\/pages\/18240","targetHints":{"allow":["GET"]}}],"collection":[{"href":"https:\/\/arapca.com\/index.php\/wp-json\/wp\/v2\/pages"}],"about":[{"href":"https:\/\/arapca.com\/index.php\/wp-json\/wp\/v2\/types\/page"}],"author":[{"embeddable":true,"href":"https:\/\/arapca.com\/index.php\/wp-json\/wp\/v2\/users\/1"}],"replies":[{"embeddable":true,"href":"https:\/\/arapca.com\/index.php\/wp-json\/wp\/v2\/comments?post=18240"}],"version-history":[{"count":2,"href":"https:\/\/arapca.com\/index.php\/wp-json\/wp\/v2\/pages\/18240\/revisions"}],"predecessor-version":[{"id":22540,"href":"https:\/\/arapca.com\/index.php\/wp-json\/wp\/v2\/pages\/18240\/revisions\/22540"}],"up":[{"embeddable":true,"href":"https:\/\/arapca.com\/index.php\/wp-json\/wp\/v2\/pages\/17091"}],"wp:attachment":[{"href":"https:\/\/arapca.com\/index.php\/wp-json\/wp\/v2\/media?parent=18240"}],"curies":[{"name":"wp","href":"https:\/\/api.w.org\/{rel}","templated":true}]}}