{"id":18162,"date":"2024-01-29T18:29:48","date_gmt":"2024-01-29T15:29:48","guid":{"rendered":"https:\/\/arapca.com\/?page_id=18162"},"modified":"2024-01-29T18:51:08","modified_gmt":"2024-01-29T15:51:08","slug":"a1-seviye-testi","status":"publish","type":"page","link":"https:\/\/arapca.com\/index.php\/a1-seviye-testi\/","title":{"rendered":"A1 Seviye Testi"},"content":{"rendered":"\n<pre class=\"wp-block-code\"><code><\/code><\/pre>\n\n\n\n<p><a href=\"https:\/\/quizizz.com\/join\/quiz\/65b7c198d1e61977a235990e\/start?studentShare=true\">A1 SEV\u0130YE BEL\u0130RLEME TEST\u0130<\/a><\/p>\n\n\n\n<p><\/p>\n","protected":false},"excerpt":{"rendered":"<p>A1 SEV\u0130YE BEL\u0130RLEME TEST\u0130<\/p>\n","protected":false},"author":1,"featured_media":0,"parent":0,"menu_order":0,"comment_status":"closed","ping_status":"closed","template":"","meta":{"_bbp_topic_count":0,"_bbp_reply_count":0,"_bbp_total_topic_count":0,"_bbp_total_reply_count":0,"_bbp_voice_count":0,"_bbp_anonymous_reply_count":0,"_bbp_topic_count_hidden":0,"_bbp_reply_count_hidden":0,"_bbp_forum_subforum_count":0,"advanced_seo_description":"","jetpack_seo_html_title":"","jetpack_seo_noindex":false,"footnotes":""},"class_list":["post-18162","page","type-page","status-publish","hentry"],"jetpack_sharing_enabled":true,"jetpack_likes_enabled":true,"_links":{"self":[{"href":"https:\/\/arapca.com\/index.php\/wp-json\/wp\/v2\/pages\/18162","targetHints":{"allow":["GET"]}}],"collection":[{"href":"https:\/\/arapca.com\/index.php\/wp-json\/wp\/v2\/pages"}],"about":[{"href":"https:\/\/arapca.com\/index.php\/wp-json\/wp\/v2\/types\/page"}],"author":[{"embeddable":true,"href":"https:\/\/arapca.com\/index.php\/wp-json\/wp\/v2\/users\/1"}],"replies":[{"embeddable":true,"href":"https:\/\/arapca.com\/index.php\/wp-json\/wp\/v2\/comments?post=18162"}],"version-history":[{"count":5,"href":"https:\/\/arapca.com\/index.php\/wp-json\/wp\/v2\/pages\/18162\/revisions"}],"predecessor-version":[{"id":18169,"href":"https:\/\/arapca.com\/index.php\/wp-json\/wp\/v2\/pages\/18162\/revisions\/18169"}],"wp:attachment":[{"href":"https:\/\/arapca.com\/index.php\/wp-json\/wp\/v2\/media?parent=18162"}],"curies":[{"name":"wp","href":"https:\/\/api.w.org\/{rel}","templated":true}]}}