{"id":18129,"date":"2024-01-20T08:37:32","date_gmt":"2024-01-20T05:37:32","guid":{"rendered":"https:\/\/arapca.com\/?page_id=18129"},"modified":"2024-01-20T08:37:34","modified_gmt":"2024-01-20T05:37:34","slug":"a2-arapca","status":"publish","type":"page","link":"https:\/\/arapca.com\/index.php\/a2-arapca\/","title":{"rendered":"A2-ARAP\u00c7A"},"content":{"rendered":"\n<figure class=\"wp-block-embed is-type-wp-embed is-provider-arap-a-e-itim-sitesi wp-block-embed-arap-a-e-itim-sitesi\"><div class=\"wp-block-embed__wrapper\">\n<blockquote class=\"wp-embedded-content\" data-secret=\"qnipqLP0XH\"><a href=\"https:\/\/arapca.com\/index.php\/courses\/arapca-a2-dersleri\/\">Arap\u00e7a A2 Dersleri<\/a><\/blockquote><iframe loading=\"lazy\" class=\"wp-embedded-content\" sandbox=\"allow-scripts\" security=\"restricted\" style=\"position: absolute; clip: rect(1px, 1px, 1px, 1px);\" title=\"&#8220;Arap\u00e7a A2 Dersleri&#8221; &#8212; Arap\u00e7a E\u011fitim Sitesi\" src=\"https:\/\/arapca.com\/index.php\/courses\/arapca-a2-dersleri\/embed\/#?secret=lqNcUvGRXY#?secret=qnipqLP0XH\" data-secret=\"qnipqLP0XH\" width=\"600\" height=\"338\" frameborder=\"0\" marginwidth=\"0\" marginheight=\"0\" scrolling=\"no\"><\/iframe>\n<\/div><\/figure>\n","protected":false},"excerpt":{"rendered":"","protected":false},"author":1,"featured_media":0,"parent":0,"menu_order":0,"comment_status":"closed","ping_status":"closed","template":"","meta":{"_bbp_topic_count":0,"_bbp_reply_count":0,"_bbp_total_topic_count":0,"_bbp_total_reply_count":0,"_bbp_voice_count":0,"_bbp_anonymous_reply_count":0,"_bbp_topic_count_hidden":0,"_bbp_reply_count_hidden":0,"_bbp_forum_subforum_count":0,"advanced_seo_description":"","jetpack_seo_html_title":"","jetpack_seo_noindex":false,"footnotes":""},"class_list":["post-18129","page","type-page","status-publish","hentry"],"jetpack_sharing_enabled":true,"jetpack_likes_enabled":true,"_links":{"self":[{"href":"https:\/\/arapca.com\/index.php\/wp-json\/wp\/v2\/pages\/18129","targetHints":{"allow":["GET"]}}],"collection":[{"href":"https:\/\/arapca.com\/index.php\/wp-json\/wp\/v2\/pages"}],"about":[{"href":"https:\/\/arapca.com\/index.php\/wp-json\/wp\/v2\/types\/page"}],"author":[{"embeddable":true,"href":"https:\/\/arapca.com\/index.php\/wp-json\/wp\/v2\/users\/1"}],"replies":[{"embeddable":true,"href":"https:\/\/arapca.com\/index.php\/wp-json\/wp\/v2\/comments?post=18129"}],"version-history":[{"count":1,"href":"https:\/\/arapca.com\/index.php\/wp-json\/wp\/v2\/pages\/18129\/revisions"}],"predecessor-version":[{"id":18131,"href":"https:\/\/arapca.com\/index.php\/wp-json\/wp\/v2\/pages\/18129\/revisions\/18131"}],"wp:attachment":[{"href":"https:\/\/arapca.com\/index.php\/wp-json\/wp\/v2\/media?parent=18129"}],"curies":[{"name":"wp","href":"https:\/\/api.w.org\/{rel}","templated":true}]}}