{"id":18117,"date":"2024-01-20T08:29:30","date_gmt":"2024-01-20T05:29:30","guid":{"rendered":"https:\/\/arapca.com\/?page_id=18117"},"modified":"2024-01-20T08:29:31","modified_gmt":"2024-01-20T05:29:31","slug":"kuran-arapcasi-1","status":"publish","type":"page","link":"https:\/\/arapca.com\/index.php\/kuran-arapcasi-1\/","title":{"rendered":"Kur\u2019an Arap\u00e7as\u0131-1"},"content":{"rendered":"\n<figure class=\"wp-block-embed is-type-wp-embed is-provider-arap-a-e-itim-sitesi wp-block-embed-arap-a-e-itim-sitesi\"><div class=\"wp-block-embed__wrapper\">\n<blockquote class=\"wp-embedded-content\" data-secret=\"K6GZJPXOSu\"><a href=\"https:\/\/arapca.com\/index.php\/courses\/kuran-arapcasi-ogreniyorum-1-seviye\/\">Kur&#8217;an Arap\u00e7as\u0131 \u00d6\u011freniyorum 1. Seviye<\/a><\/blockquote><iframe loading=\"lazy\" class=\"wp-embedded-content\" sandbox=\"allow-scripts\" security=\"restricted\" style=\"position: absolute; clip: rect(1px, 1px, 1px, 1px);\" title=\"&#8220;Kur&#8217;an Arap\u00e7as\u0131 \u00d6\u011freniyorum 1. Seviye&#8221; &#8212; Arap\u00e7a E\u011fitim Sitesi\" src=\"https:\/\/arapca.com\/index.php\/courses\/kuran-arapcasi-ogreniyorum-1-seviye\/embed\/#?secret=3EHJW1aro5#?secret=K6GZJPXOSu\" data-secret=\"K6GZJPXOSu\" width=\"600\" height=\"338\" frameborder=\"0\" marginwidth=\"0\" marginheight=\"0\" scrolling=\"no\"><\/iframe>\n<\/div><\/figure>\n","protected":false},"excerpt":{"rendered":"","protected":false},"author":1,"featured_media":0,"parent":0,"menu_order":0,"comment_status":"closed","ping_status":"closed","template":"","meta":{"_bbp_topic_count":0,"_bbp_reply_count":0,"_bbp_total_topic_count":0,"_bbp_total_reply_count":0,"_bbp_voice_count":0,"_bbp_anonymous_reply_count":0,"_bbp_topic_count_hidden":0,"_bbp_reply_count_hidden":0,"_bbp_forum_subforum_count":0,"footnotes":""},"class_list":["post-18117","page","type-page","status-publish","hentry"],"jetpack_sharing_enabled":true,"jetpack_likes_enabled":true,"_links":{"self":[{"href":"https:\/\/arapca.com\/index.php\/wp-json\/wp\/v2\/pages\/18117","targetHints":{"allow":["GET"]}}],"collection":[{"href":"https:\/\/arapca.com\/index.php\/wp-json\/wp\/v2\/pages"}],"about":[{"href":"https:\/\/arapca.com\/index.php\/wp-json\/wp\/v2\/types\/page"}],"author":[{"embeddable":true,"href":"https:\/\/arapca.com\/index.php\/wp-json\/wp\/v2\/users\/1"}],"replies":[{"embeddable":true,"href":"https:\/\/arapca.com\/index.php\/wp-json\/wp\/v2\/comments?post=18117"}],"version-history":[{"count":1,"href":"https:\/\/arapca.com\/index.php\/wp-json\/wp\/v2\/pages\/18117\/revisions"}],"predecessor-version":[{"id":18119,"href":"https:\/\/arapca.com\/index.php\/wp-json\/wp\/v2\/pages\/18117\/revisions\/18119"}],"wp:attachment":[{"href":"https:\/\/arapca.com\/index.php\/wp-json\/wp\/v2\/media?parent=18117"}],"curies":[{"name":"wp","href":"https:\/\/api.w.org\/{rel}","templated":true}]}}