{"id":18030,"date":"2023-12-25T09:03:23","date_gmt":"2023-12-25T06:03:23","guid":{"rendered":"https:\/\/arapca.com\/?page_id=18030"},"modified":"2023-12-25T09:03:25","modified_gmt":"2023-12-25T06:03:25","slug":"kuran-arapcasi-ogreniyorum-14","status":"publish","type":"page","link":"https:\/\/arapca.com\/index.php\/kuran-arapcasi-ogreniyorum-14\/","title":{"rendered":"Kur&#8217;an Arap\u00e7as\u0131 \u00d6\u011freniyorum-14"},"content":{"rendered":"\n<div class=\"_df_book df-lite\" id=\"df_18027\"  _slug=\"kao-14\" data-title=\"kao-14\" wpoptions=\"true\" thumbtype=\"\" ><\/div><script class=\"df-shortcode-script\" nowprocket type=\"application\/javascript\">window.option_df_18027 = {\"outline\":[],\"autoEnableOutline\":\"false\",\"autoEnableThumbnail\":\"false\",\"overwritePDFOutline\":\"false\",\"direction\":\"1\",\"pageSize\":\"0\",\"source\":\"https:\\\/\\\/arapca.com\\\/wp-content\\\/uploads\\\/2023\\\/12\\\/KAO-14.pdf\",\"wpOptions\":\"true\"}; if(window.DFLIP && window.DFLIP.parseBooks){window.DFLIP.parseBooks();}<\/script>\n","protected":false},"excerpt":{"rendered":"","protected":false},"author":1,"featured_media":0,"parent":0,"menu_order":0,"comment_status":"closed","ping_status":"closed","template":"","meta":{"_bbp_topic_count":0,"_bbp_reply_count":0,"_bbp_total_topic_count":0,"_bbp_total_reply_count":0,"_bbp_voice_count":0,"_bbp_anonymous_reply_count":0,"_bbp_topic_count_hidden":0,"_bbp_reply_count_hidden":0,"_bbp_forum_subforum_count":0,"footnotes":""},"class_list":["post-18030","page","type-page","status-publish","hentry"],"jetpack_sharing_enabled":true,"jetpack_likes_enabled":true,"_links":{"self":[{"href":"https:\/\/arapca.com\/index.php\/wp-json\/wp\/v2\/pages\/18030","targetHints":{"allow":["GET"]}}],"collection":[{"href":"https:\/\/arapca.com\/index.php\/wp-json\/wp\/v2\/pages"}],"about":[{"href":"https:\/\/arapca.com\/index.php\/wp-json\/wp\/v2\/types\/page"}],"author":[{"embeddable":true,"href":"https:\/\/arapca.com\/index.php\/wp-json\/wp\/v2\/users\/1"}],"replies":[{"embeddable":true,"href":"https:\/\/arapca.com\/index.php\/wp-json\/wp\/v2\/comments?post=18030"}],"version-history":[{"count":1,"href":"https:\/\/arapca.com\/index.php\/wp-json\/wp\/v2\/pages\/18030\/revisions"}],"predecessor-version":[{"id":18031,"href":"https:\/\/arapca.com\/index.php\/wp-json\/wp\/v2\/pages\/18030\/revisions\/18031"}],"wp:attachment":[{"href":"https:\/\/arapca.com\/index.php\/wp-json\/wp\/v2\/media?parent=18030"}],"curies":[{"name":"wp","href":"https:\/\/api.w.org\/{rel}","templated":true}]}}